{"id":806,"date":"2023-11-20T17:35:20","date_gmt":"2023-11-20T23:35:20","guid":{"rendered":"https:\/\/libreriahistoriasdebolsillo.com\/?post_type=product&#038;p=806"},"modified":"2025-04-08T18:01:26","modified_gmt":"2025-04-09T00:01:26","slug":"una-herencia-en-juego-libro-1","status":"publish","type":"product","link":"https:\/\/libreriahistoriasdebolsillo.com\/index.php\/producto\/una-herencia-en-juego-libro-1\/","title":{"rendered":"Una herencia en juego. Libro 1"},"content":{"rendered":"<p><span class=\"a-text-bold\">Un thriller muy adictivo repleto de giros inesperados, oscuros secretos familiares y apuestas letales.<\/span><\/p>\n<p>Ella viene de la nada. Avery tiene un plan: pasar desapercibida, trabajar duro para aspirar a un futuro mejor. Entonces un exc\u00e9ntrico multimillonario fallece y le deja casi toda su fortuna. Y nadie, tampoco Avery, sabe por qu\u00e9. Ellos lo ten\u00edan todo. Ahora tiene que mudarse a la mansi\u00f3n que ha heredado, que est\u00e1 llena de secretos y c\u00f3digos, y en la que residen los parientes del fallecido: una familia dispuesta con el \u00fanico objetivo de descubrir por qu\u00e9 Avery ha heredado todo \u00absu\u00bb dinero. Ahora solo hay una regla: qui\u00e9n gane se queda con todo. Pronto Avery se ver\u00e1 atrapada en un juego letal en el que participa toda la familia. \u00bfHasta d\u00f3nde ser\u00e1n capaces de llegar para recuperar su fortuna?<\/p>\n<p>\u00a1NO TE PIERDAS LA CONTINUACI\u00d3N DE LA SERIE UNA HERENCIA EN JUEGO! MUY PRONTO, DISPONIBLE.<\/p>\n","protected":false},"excerpt":{"rendered":"<p>Jennifer Lynn Barnes<\/p>\n","protected":false},"featured_media":807,"template":"","meta":{"_joinchat":[]},"product_brand":[],"product_cat":[52,37],"product_tag":[34],"class_list":{"0":"post-806","1":"product","2":"type-product","3":"status-publish","4":"has-post-thumbnail","6":"product_cat-juvenil","7":"product_cat-misterio-y-thriller","8":"product_tag-penguin-random-house","10":"first","11":"outofstock","12":"shipping-taxable","13":"purchasable","14":"product-type-simple"},"_links":{"self":[{"href":"https:\/\/libreriahistoriasdebolsillo.com\/index.php\/wp-json\/wp\/v2\/product\/806","targetHints":{"allow":["GET"]}}],"collection":[{"href":"https:\/\/libreriahistoriasdebolsillo.com\/index.php\/wp-json\/wp\/v2\/product"}],"about":[{"href":"https:\/\/libreriahistoriasdebolsillo.com\/index.php\/wp-json\/wp\/v2\/types\/product"}],"wp:featuredmedia":[{"embeddable":true,"href":"https:\/\/libreriahistoriasdebolsillo.com\/index.php\/wp-json\/wp\/v2\/media\/807"}],"wp:attachment":[{"href":"https:\/\/libreriahistoriasdebolsillo.com\/index.php\/wp-json\/wp\/v2\/media?parent=806"}],"wp:term":[{"taxonomy":"product_brand","embeddable":true,"href":"https:\/\/libreriahistoriasdebolsillo.com\/index.php\/wp-json\/wp\/v2\/product_brand?post=806"},{"taxonomy":"product_cat","embeddable":true,"href":"https:\/\/libreriahistoriasdebolsillo.com\/index.php\/wp-json\/wp\/v2\/product_cat?post=806"},{"taxonomy":"product_tag","embeddable":true,"href":"https:\/\/libreriahistoriasdebolsillo.com\/index.php\/wp-json\/wp\/v2\/product_tag?post=806"}],"curies":[{"name":"wp","href":"https:\/\/api.w.org\/{rel}","templated":true}]}}