{"id":8060,"date":"2026-02-04T17:16:58","date_gmt":"2026-02-04T23:16:58","guid":{"rendered":"https:\/\/libreriahistoriasdebolsillo.com\/?post_type=product&#038;p=8060"},"modified":"2026-02-04T17:16:58","modified_gmt":"2026-02-04T23:16:58","slug":"la-corresponsal","status":"publish","type":"product","link":"https:\/\/libreriahistoriasdebolsillo.com\/index.php\/producto\/la-corresponsal\/","title":{"rendered":"La corresponsal"},"content":{"rendered":"<p>Descubre la novela que ha conquistado a los lectores y que Ann Patchett calific\u00f3 como \u00abun motivo de celebraci\u00f3n.\u00bb<br \/>\n\u00abImag\u00ednate, las cartas que enviamos al mundo, las cartas que recibimos en respuesta, son como las piezas de un magn\u00edfico rompecabezas, o para una met\u00e1fora mejor: si tienen fecha, son los eslabones de una larga cadena, y aun si esos eslabones nunca vuelven a unirse, que claramente no lo har\u00e1n, incluso si permanecen el resto del tiempo esparcidos por toda la tierra, como las fr\u00e1giles semillas al viento de un moribundo diente de le\u00f3n, \u00bfno hay algo maravilloso en ello, en pensar que la historia de tu vida se conserva de alguna manera, que un d\u00eda esta misma carta podr\u00eda significar algo, aunque fuera algo muy peque\u00f1o, para alguien?\u00bb<br \/>\nSybil Van Antwerp se ha valido de las cartas a lo largo de su vida para dar sentido al mundo y a su lugar en \u00e9l. Casi todas las ma\u00f1anas, alrededor de las diez y media, se sienta a escribir cartas: a su hermano, a su mejor amiga, al presidente de la universidad que no le permite auditar una clase que est\u00e1 desesperada por tomar, a Joan Didion y a Larry McMurty para decirles lo que opina de sus \u00faltimos libros, y a una persona a la que escribe seguido, pero cuyas cantas nunca env\u00eda.<br \/>\nSybil espera que su mundo siga girando como hasta ahora: madre, abuela, esposa, divorciada, abogada distinguida; ha tenido una vida plena. Pero cuando las cartas de alguien de su pasado la obligan a examinar uno de los periodos m\u00e1s dolorosos de su vida, se da cuenta de que la carta que ha estado escribiendo a lo largo de los a\u00f1os pide ser le\u00edda, y ya no puede seguir adelante hasta encontrar en su coraz\u00f3n la manera de perdonar.<br \/>\nColmada de ese conocimiento que solo proviene de vivir al m\u00e1ximo, La corresponsal es una joya de novela sobre el poder de hallar consuelo en la literatura y conexi\u00f3n con gente que quiz\u00e1s no conozcamos nunca en persona. Se trata de la soberbia de la juventud y de la sabidur\u00eda de la vejez, as\u00ed como de los errores y los actos de bondad que ocurren en el transcurso de una vida entera.<\/p>\n","protected":false},"excerpt":{"rendered":"<p>Virginia Evans<br \/>\n353 p\u00e1ginas<\/p>\n","protected":false},"featured_media":8061,"template":"","meta":{"_joinchat":[]},"product_brand":[],"product_cat":[33,70],"product_tag":[48],"class_list":{"0":"post-8060","1":"product","2":"type-product","3":"status-publish","4":"has-post-thumbnail","6":"product_cat-ficcion-general","7":"product_cat-novedades","8":"product_tag-vr-editoras","10":"first","11":"instock","12":"shipping-taxable","13":"purchasable","14":"product-type-simple"},"_links":{"self":[{"href":"https:\/\/libreriahistoriasdebolsillo.com\/index.php\/wp-json\/wp\/v2\/product\/8060","targetHints":{"allow":["GET"]}}],"collection":[{"href":"https:\/\/libreriahistoriasdebolsillo.com\/index.php\/wp-json\/wp\/v2\/product"}],"about":[{"href":"https:\/\/libreriahistoriasdebolsillo.com\/index.php\/wp-json\/wp\/v2\/types\/product"}],"wp:featuredmedia":[{"embeddable":true,"href":"https:\/\/libreriahistoriasdebolsillo.com\/index.php\/wp-json\/wp\/v2\/media\/8061"}],"wp:attachment":[{"href":"https:\/\/libreriahistoriasdebolsillo.com\/index.php\/wp-json\/wp\/v2\/media?parent=8060"}],"wp:term":[{"taxonomy":"product_brand","embeddable":true,"href":"https:\/\/libreriahistoriasdebolsillo.com\/index.php\/wp-json\/wp\/v2\/product_brand?post=8060"},{"taxonomy":"product_cat","embeddable":true,"href":"https:\/\/libreriahistoriasdebolsillo.com\/index.php\/wp-json\/wp\/v2\/product_cat?post=8060"},{"taxonomy":"product_tag","embeddable":true,"href":"https:\/\/libreriahistoriasdebolsillo.com\/index.php\/wp-json\/wp\/v2\/product_tag?post=8060"}],"curies":[{"name":"wp","href":"https:\/\/api.w.org\/{rel}","templated":true}]}}