{"id":8062,"date":"2026-02-04T17:18:59","date_gmt":"2026-02-04T23:18:59","guid":{"rendered":"https:\/\/libreriahistoriasdebolsillo.com\/?post_type=product&#038;p=8062"},"modified":"2026-02-04T17:18:59","modified_gmt":"2026-02-04T23:18:59","slug":"cinco-letras-para-decir-amor","status":"publish","type":"product","link":"https:\/\/libreriahistoriasdebolsillo.com\/index.php\/producto\/cinco-letras-para-decir-amor\/","title":{"rendered":"Cinco letras para decir amor"},"content":{"rendered":"<p>A Emily, de 27 a\u00f1os, no le van muchas cosas bien en la vida ahora mismo. Sue\u00f1a con una carrera creativa, pero trabaja como recepcionista en un taller de coches. Anhela vivir en una gran ciudad, pero vive en un peque\u00f1o pueblo de la Isla del Pr\u00edncipe Eduardo. Ans\u00eda tener un grupo de amigos \u00edntimos, pero tiene que lidiar con compa\u00f1eros de trabajo irritantes y obsesionados con los coches. Lo que s\u00ed tiene Emily es una racha de m\u00e1s de 300 d\u00edas en el Wordle del New York Times. Pero un d\u00eda, cuando solo le queda una adivinanza y no tiene ni idea de cu\u00e1l es la respuesta, se ve obligada a pedir ayuda a John, uno de sus irritantes compa\u00f1eros de trabajo obsesionado con los coches, y al hacerlo se da cuenta de que, despu\u00e9s de todo, puede que no sea tan irritante. A medida que se abren camino, palabra a palabra, hacia una racha de 365 d\u00edas, Emily se ve arrastrada a un sorprendente romance que la llevar\u00e1 fuera de su zona de confort y desafiar\u00e1 todo lo que cre\u00eda saber sobre la felicidad, el \u00e9xito y el amor.<\/p>\n","protected":false},"excerpt":{"rendered":"<p>Amy James<br \/>\n328 p\u00e1ginas<\/p>\n","protected":false},"featured_media":8063,"template":"","meta":{"_joinchat":[]},"product_brand":[],"product_cat":[70,35],"product_tag":[48],"class_list":{"0":"post-8062","1":"product","2":"type-product","3":"status-publish","4":"has-post-thumbnail","6":"product_cat-novedades","7":"product_cat-romantica","8":"product_tag-vr-editoras","10":"first","11":"instock","12":"shipping-taxable","13":"purchasable","14":"product-type-simple"},"_links":{"self":[{"href":"https:\/\/libreriahistoriasdebolsillo.com\/index.php\/wp-json\/wp\/v2\/product\/8062","targetHints":{"allow":["GET"]}}],"collection":[{"href":"https:\/\/libreriahistoriasdebolsillo.com\/index.php\/wp-json\/wp\/v2\/product"}],"about":[{"href":"https:\/\/libreriahistoriasdebolsillo.com\/index.php\/wp-json\/wp\/v2\/types\/product"}],"wp:featuredmedia":[{"embeddable":true,"href":"https:\/\/libreriahistoriasdebolsillo.com\/index.php\/wp-json\/wp\/v2\/media\/8063"}],"wp:attachment":[{"href":"https:\/\/libreriahistoriasdebolsillo.com\/index.php\/wp-json\/wp\/v2\/media?parent=8062"}],"wp:term":[{"taxonomy":"product_brand","embeddable":true,"href":"https:\/\/libreriahistoriasdebolsillo.com\/index.php\/wp-json\/wp\/v2\/product_brand?post=8062"},{"taxonomy":"product_cat","embeddable":true,"href":"https:\/\/libreriahistoriasdebolsillo.com\/index.php\/wp-json\/wp\/v2\/product_cat?post=8062"},{"taxonomy":"product_tag","embeddable":true,"href":"https:\/\/libreriahistoriasdebolsillo.com\/index.php\/wp-json\/wp\/v2\/product_tag?post=8062"}],"curies":[{"name":"wp","href":"https:\/\/api.w.org\/{rel}","templated":true}]}}