{"id":8064,"date":"2026-02-05T14:57:09","date_gmt":"2026-02-05T20:57:09","guid":{"rendered":"https:\/\/libreriahistoriasdebolsillo.com\/?post_type=product&#038;p=8064"},"modified":"2026-02-12T15:19:58","modified_gmt":"2026-02-12T21:19:58","slug":"el-libro-del-tao","status":"publish","type":"product","link":"https:\/\/libreriahistoriasdebolsillo.com\/index.php\/producto\/el-libro-del-tao\/","title":{"rendered":"El libro del Tao"},"content":{"rendered":"<div class=\"justify\">\n<p><b>El cl\u00e1sico que sigue vigente despu\u00e9s de m\u00e1s de dos mil a\u00f1os, recuperando una edici\u00f3n ilustrada de lujo.<\/b><\/p>\n<p><b>\u00abLo que se dobla no se rompe\u00bb.<\/b><\/p>\n<p><b>Leer el Tao es retornar a lo esencial: recordar que en lo peque\u00f1o est\u00e1 lo importante y que lo m\u00e1s sabio no siempre se dice en voz alta.<\/b><\/p>\n<\/div>\n<div class=\"justify\">\n<p>Cuanto m\u00e1s tratamos de controlar nuestra realidad, menos la comprendemos: cerca de esa idea se agazapa el n\u00facleo de la filosof\u00eda tao\u00edsta, que no tiene como objetivo el poder, los bienes o la fama, sino\u00a0<b>la virtud de quien vive en armon\u00eda con su entorno.<\/b><\/p>\n<p>El Tao nos permite ver que\u00a0<b>el equilibrio no surge al imponer, sino al integrar:<\/b>\u00a0una idea que parece ahora m\u00e1s importante que nunca. Frente a la polarizaci\u00f3n creciente, esta llamada a la serenidad, la observaci\u00f3n y la integraci\u00f3n de los contrarios se convierte en una forma de\u00a0<b>resistencia serena frente al caos.<\/b><\/p>\n<p>Lao-Tse nos recuerda que\u00a0<b>lo r\u00edgido se quiebra, mientras que lo flexible sobrevive,\u00a0<\/b>nos invita a la adaptaci\u00f3n y la aceptaci\u00f3n. En tiempos de aceleraci\u00f3n,\u00a0<b>el Tao es una llamada a la calma:<\/b>\u00a0escrito hace m\u00e1s de dos milenios, contin\u00faa ofreci\u00e9ndonos las herramientas necesarias para afrontar los desaf\u00edos del presente.<\/p>\n<\/div>\n","protected":false},"excerpt":{"rendered":"<p>Lao Tse<br \/>\n128 p\u00e1ginas<\/p>\n","protected":false},"featured_media":8065,"template":"","meta":{"_joinchat":[]},"product_brand":[],"product_cat":[41,70],"product_tag":[34],"class_list":{"0":"post-8064","1":"product","2":"type-product","3":"status-publish","4":"has-post-thumbnail","6":"product_cat-desarrollo-humano","7":"product_cat-novedades","8":"product_tag-penguin-random-house","10":"first","11":"instock","12":"shipping-taxable","13":"purchasable","14":"product-type-simple"},"_links":{"self":[{"href":"https:\/\/libreriahistoriasdebolsillo.com\/index.php\/wp-json\/wp\/v2\/product\/8064","targetHints":{"allow":["GET"]}}],"collection":[{"href":"https:\/\/libreriahistoriasdebolsillo.com\/index.php\/wp-json\/wp\/v2\/product"}],"about":[{"href":"https:\/\/libreriahistoriasdebolsillo.com\/index.php\/wp-json\/wp\/v2\/types\/product"}],"wp:featuredmedia":[{"embeddable":true,"href":"https:\/\/libreriahistoriasdebolsillo.com\/index.php\/wp-json\/wp\/v2\/media\/8065"}],"wp:attachment":[{"href":"https:\/\/libreriahistoriasdebolsillo.com\/index.php\/wp-json\/wp\/v2\/media?parent=8064"}],"wp:term":[{"taxonomy":"product_brand","embeddable":true,"href":"https:\/\/libreriahistoriasdebolsillo.com\/index.php\/wp-json\/wp\/v2\/product_brand?post=8064"},{"taxonomy":"product_cat","embeddable":true,"href":"https:\/\/libreriahistoriasdebolsillo.com\/index.php\/wp-json\/wp\/v2\/product_cat?post=8064"},{"taxonomy":"product_tag","embeddable":true,"href":"https:\/\/libreriahistoriasdebolsillo.com\/index.php\/wp-json\/wp\/v2\/product_tag?post=8064"}],"curies":[{"name":"wp","href":"https:\/\/api.w.org\/{rel}","templated":true}]}}