{"id":8066,"date":"2026-02-05T14:59:19","date_gmt":"2026-02-05T20:59:19","guid":{"rendered":"https:\/\/libreriahistoriasdebolsillo.com\/?post_type=product&#038;p=8066"},"modified":"2026-02-12T15:19:53","modified_gmt":"2026-02-12T21:19:53","slug":"el-vuelo-de-icaro","status":"publish","type":"product","link":"https:\/\/libreriahistoriasdebolsillo.com\/index.php\/producto\/el-vuelo-de-icaro\/","title":{"rendered":"El vuelo de \u00cdcaro"},"content":{"rendered":"<div class=\"justify\">\n<p><b>Dos a\u00f1os antes de los sucesos de la cuarta<\/b>\u00a0<b>temporada de<\/b>\u00a0<b>Stranger<\/b>\u00a0<b>Things<\/b><b>, Eddie Munson<\/b>\u00a0<b>(metalero, fundador del<\/b>\u00a0<b>Hellfire<\/b><b>\u00a0Club y uno<\/b>\u00a0<b>de los mayores marginados de Hawkins)<\/b>\u00a0<b>tiene una \u00fanica oportunidad para triunfar.<\/b><\/p>\n<\/div>\n<div class=\"justify\">\n<p><b>Vuelo<\/b>.<\/p>\n<p>Siento que me est\u00e1n apretando los tornillos en todas las\u00a0<b>facetas de mi vida<\/b>. Ahora todo es matar o morir,\u00a0<b>triunfar o caer\u00a0<\/b>, nadar o ahogarse. Tendr\u00eda que despertarme en plena noche sudado por el estr\u00e9s.<\/p>\n<p>Tendr\u00edan que darme ataques de p\u00e1nico cada vez que pienso en algo m\u00e1s complicado que lo que comer\u00e9 ese d\u00eda. Pero en vez de eso\u2026<\/p>\n<p>Arriba, arriba, arriba<b>.<\/b><\/p>\n<\/div>\n","protected":false},"excerpt":{"rendered":"<p>Caitlin Schneiderhan<br \/>\n400 p\u00e1ginas<\/p>\n","protected":false},"featured_media":8067,"template":"","meta":{"_joinchat":[]},"product_brand":[],"product_cat":[77],"product_tag":[34],"class_list":{"0":"post-8066","1":"product","2":"type-product","3":"status-publish","4":"has-post-thumbnail","6":"product_cat-fantasia-urbana","7":"product_tag-penguin-random-house","9":"first","10":"instock","11":"shipping-taxable","12":"purchasable","13":"product-type-simple"},"_links":{"self":[{"href":"https:\/\/libreriahistoriasdebolsillo.com\/index.php\/wp-json\/wp\/v2\/product\/8066","targetHints":{"allow":["GET"]}}],"collection":[{"href":"https:\/\/libreriahistoriasdebolsillo.com\/index.php\/wp-json\/wp\/v2\/product"}],"about":[{"href":"https:\/\/libreriahistoriasdebolsillo.com\/index.php\/wp-json\/wp\/v2\/types\/product"}],"wp:featuredmedia":[{"embeddable":true,"href":"https:\/\/libreriahistoriasdebolsillo.com\/index.php\/wp-json\/wp\/v2\/media\/8067"}],"wp:attachment":[{"href":"https:\/\/libreriahistoriasdebolsillo.com\/index.php\/wp-json\/wp\/v2\/media?parent=8066"}],"wp:term":[{"taxonomy":"product_brand","embeddable":true,"href":"https:\/\/libreriahistoriasdebolsillo.com\/index.php\/wp-json\/wp\/v2\/product_brand?post=8066"},{"taxonomy":"product_cat","embeddable":true,"href":"https:\/\/libreriahistoriasdebolsillo.com\/index.php\/wp-json\/wp\/v2\/product_cat?post=8066"},{"taxonomy":"product_tag","embeddable":true,"href":"https:\/\/libreriahistoriasdebolsillo.com\/index.php\/wp-json\/wp\/v2\/product_tag?post=8066"}],"curies":[{"name":"wp","href":"https:\/\/api.w.org\/{rel}","templated":true}]}}