{"id":8068,"date":"2026-02-05T15:01:52","date_gmt":"2026-02-05T21:01:52","guid":{"rendered":"https:\/\/libreriahistoriasdebolsillo.com\/?post_type=product&#038;p=8068"},"modified":"2026-04-20T10:44:37","modified_gmt":"2026-04-20T16:44:37","slug":"boys-next-door","status":"publish","type":"product","link":"https:\/\/libreriahistoriasdebolsillo.com\/index.php\/producto\/boys-next-door\/","title":{"rendered":"Boy&#8217;s Next Door"},"content":{"rendered":"<div class=\"justify\">\n<p><b>El tomo m\u00e1s oscuro y retorcido de Kaori Yuki, donde amor, locura, misterio y fantas\u00eda se dan la mano: llega\u00a0<i>Boy&#8217;s Next Door<\/i>, una antolog\u00eda de historias de la mejor autora del manga\u00a0<i>dark.<\/i><\/b><\/p>\n<\/div>\n<div class=\"justify\">\n<p>Adrian Clay, profesor de veintisiete a\u00f1os que trabaja en un orfanato de Los \u00c1ngeles, guarda un terrible secreto, por las noches da rienda suelta a sus m\u00e1s bajos instintos y escoge a j\u00f3venes que se prostituyen para asesinarlos sin piedad. En uno de esos encuentros, se ve sorprendido por Lawrence, un prostituto que le propone un trato: su silencio a cambio de ayuda para escapar de su proxeneta\u2026<\/p>\n<p>\u00a1Una antolog\u00eda de cinco obras maestras de misterio de Kaori Yuki que demuestran la delgada l\u00ednea que hay entre el amor y la locura!<\/p>\n<\/div>\n","protected":false},"excerpt":{"rendered":"<p>Kaori Yuki<br \/>\n292 p\u00e1ginas<\/p>\n","protected":false},"featured_media":8069,"template":"","meta":{"_joinchat":[]},"product_brand":[],"product_cat":[38,67,70],"product_tag":[34],"class_list":{"0":"post-8068","1":"product","2":"type-product","3":"status-publish","4":"has-post-thumbnail","6":"product_cat-lgbtq","7":"product_cat-manga","8":"product_cat-novedades","9":"product_tag-penguin-random-house","11":"first","12":"instock","13":"shipping-taxable","14":"purchasable","15":"product-type-simple"},"_links":{"self":[{"href":"https:\/\/libreriahistoriasdebolsillo.com\/index.php\/wp-json\/wp\/v2\/product\/8068","targetHints":{"allow":["GET"]}}],"collection":[{"href":"https:\/\/libreriahistoriasdebolsillo.com\/index.php\/wp-json\/wp\/v2\/product"}],"about":[{"href":"https:\/\/libreriahistoriasdebolsillo.com\/index.php\/wp-json\/wp\/v2\/types\/product"}],"wp:featuredmedia":[{"embeddable":true,"href":"https:\/\/libreriahistoriasdebolsillo.com\/index.php\/wp-json\/wp\/v2\/media\/8069"}],"wp:attachment":[{"href":"https:\/\/libreriahistoriasdebolsillo.com\/index.php\/wp-json\/wp\/v2\/media?parent=8068"}],"wp:term":[{"taxonomy":"product_brand","embeddable":true,"href":"https:\/\/libreriahistoriasdebolsillo.com\/index.php\/wp-json\/wp\/v2\/product_brand?post=8068"},{"taxonomy":"product_cat","embeddable":true,"href":"https:\/\/libreriahistoriasdebolsillo.com\/index.php\/wp-json\/wp\/v2\/product_cat?post=8068"},{"taxonomy":"product_tag","embeddable":true,"href":"https:\/\/libreriahistoriasdebolsillo.com\/index.php\/wp-json\/wp\/v2\/product_tag?post=8068"}],"curies":[{"name":"wp","href":"https:\/\/api.w.org\/{rel}","templated":true}]}}