{"id":8070,"date":"2026-02-05T15:04:04","date_gmt":"2026-02-05T21:04:04","guid":{"rendered":"https:\/\/libreriahistoriasdebolsillo.com\/?post_type=product&#038;p=8070"},"modified":"2026-02-12T15:19:44","modified_gmt":"2026-02-12T21:19:44","slug":"el-nuevo-empleado-1-el-nuevo-empleado","status":"publish","type":"product","link":"https:\/\/libreriahistoriasdebolsillo.com\/index.php\/producto\/el-nuevo-empleado-1-el-nuevo-empleado\/","title":{"rendered":"El nuevo empleado 1. El nuevo empleado"},"content":{"rendered":"<div class=\"justify\">\n<p><b>\u00a1Llega el primer tomo del webtoon de \u00e9xito que inspir\u00f3 el dorama\u00a0<i>The New Employee<\/i>!<\/b><\/p>\n<p><b>En este romance prohibido en la oficina, \u00bfqui\u00e9n podr\u00e1 m\u00e1s? \u00bfEl amor o la responsabilidad?<\/b><\/p>\n<\/div>\n<div class=\"justify\">\n<p>A sus 28 a\u00f1os, Sunghyun Woo ha terminado un m\u00e1ster en una prestigiosa universidad, pero su vida amorosa es un desastre. Decidido a superar un antiguo amor plat\u00f3nico y a empezar de cero, Sunghyun empieza a trabajar como becario en la Agencia AR. El primer d\u00eda conoce al se\u00f1or Kim, su atractivo jefe adicto al trabajo, que, nada m\u00e1s empezar, le coge man\u00eda debido a un malentendido. \u00bfSer\u00e1 capaz de sobrevivir al entorno laboral\u2026 y a un nuevo reto en el amor?<\/p>\n<\/div>\n","protected":false},"excerpt":{"rendered":"<p>Zec<br \/>\n280 p\u00e1ginas<\/p>\n","protected":false},"featured_media":8071,"template":"","meta":{"_joinchat":[]},"product_brand":[],"product_cat":[38,67,70],"product_tag":[34],"class_list":{"0":"post-8070","1":"product","2":"type-product","3":"status-publish","4":"has-post-thumbnail","6":"product_cat-lgbtq","7":"product_cat-manga","8":"product_cat-novedades","9":"product_tag-penguin-random-house","11":"first","12":"instock","13":"shipping-taxable","14":"purchasable","15":"product-type-simple"},"_links":{"self":[{"href":"https:\/\/libreriahistoriasdebolsillo.com\/index.php\/wp-json\/wp\/v2\/product\/8070","targetHints":{"allow":["GET"]}}],"collection":[{"href":"https:\/\/libreriahistoriasdebolsillo.com\/index.php\/wp-json\/wp\/v2\/product"}],"about":[{"href":"https:\/\/libreriahistoriasdebolsillo.com\/index.php\/wp-json\/wp\/v2\/types\/product"}],"wp:featuredmedia":[{"embeddable":true,"href":"https:\/\/libreriahistoriasdebolsillo.com\/index.php\/wp-json\/wp\/v2\/media\/8071"}],"wp:attachment":[{"href":"https:\/\/libreriahistoriasdebolsillo.com\/index.php\/wp-json\/wp\/v2\/media?parent=8070"}],"wp:term":[{"taxonomy":"product_brand","embeddable":true,"href":"https:\/\/libreriahistoriasdebolsillo.com\/index.php\/wp-json\/wp\/v2\/product_brand?post=8070"},{"taxonomy":"product_cat","embeddable":true,"href":"https:\/\/libreriahistoriasdebolsillo.com\/index.php\/wp-json\/wp\/v2\/product_cat?post=8070"},{"taxonomy":"product_tag","embeddable":true,"href":"https:\/\/libreriahistoriasdebolsillo.com\/index.php\/wp-json\/wp\/v2\/product_tag?post=8070"}],"curies":[{"name":"wp","href":"https:\/\/api.w.org\/{rel}","templated":true}]}}