{"id":8081,"date":"2026-02-17T14:42:37","date_gmt":"2026-02-17T20:42:37","guid":{"rendered":"https:\/\/libreriahistoriasdebolsillo.com\/?post_type=product&#038;p=8081"},"modified":"2026-02-24T15:41:47","modified_gmt":"2026-02-24T21:41:47","slug":"citoverso-1-escuadron","status":"publish","type":"product","link":"https:\/\/libreriahistoriasdebolsillo.com\/index.php\/producto\/citoverso-1-escuadron\/","title":{"rendered":"Citoverso 1. Escuadr\u00f3n"},"content":{"rendered":"<div class=\"justify\">\n<p><b>a nueva novela de Brandon Sanderson.<\/b><\/p>\n<\/div>\n<div class=\"justify\">\n<p>El\u00a0<b>mundo de Spensa<\/b>\u00a0lleva d\u00e9cadas bajo un ataque continuo. Los pilotos son los h\u00e9roes de lo que queda de la raza humana, y\u00a0<b>pilotar un caza\u00a0<\/b>siempre ha sido el sue\u00f1o de Spensa. Desde ni\u00f1a se ha imaginado elev\u00e1ndose hacia el cielo y demostrando su valent\u00eda. Pero su destino est\u00e1 entremezclado con el de su padre, un piloto al que derribaron, anulando as\u00ed cualquier posibilidad de que Spensa accediera a la escuela de vuelo.<\/p>\n<p>Nadie dejar\u00e1 que Spensa olvide lo que hizo su padre; sin embargo, el\u00a0<b>destino\u00a0<\/b>funciona de formas misteriosas. Tal vez la escuela de vuelo est\u00e9 casi fuera de su alcance, pero ella est\u00e1 decidida a volar. Y un descubrimiento casual en una caverna perdida podr\u00eda proporcionarle un modo de\u00a0<b>reclamar las estrellas.<\/b><\/p>\n<\/div>\n","protected":false},"excerpt":{"rendered":"<p>Brandon Sanderson<br \/>\n528 p\u00e1ginas<\/p>\n","protected":false},"featured_media":8082,"template":"","meta":{"_joinchat":[]},"product_brand":[],"product_cat":[40],"product_tag":[34],"class_list":{"0":"post-8081","1":"product","2":"type-product","3":"status-publish","4":"has-post-thumbnail","6":"product_cat-ciencia-ficcion","7":"product_tag-penguin-random-house","9":"first","10":"instock","11":"shipping-taxable","12":"purchasable","13":"product-type-simple"},"_links":{"self":[{"href":"https:\/\/libreriahistoriasdebolsillo.com\/index.php\/wp-json\/wp\/v2\/product\/8081","targetHints":{"allow":["GET"]}}],"collection":[{"href":"https:\/\/libreriahistoriasdebolsillo.com\/index.php\/wp-json\/wp\/v2\/product"}],"about":[{"href":"https:\/\/libreriahistoriasdebolsillo.com\/index.php\/wp-json\/wp\/v2\/types\/product"}],"wp:featuredmedia":[{"embeddable":true,"href":"https:\/\/libreriahistoriasdebolsillo.com\/index.php\/wp-json\/wp\/v2\/media\/8082"}],"wp:attachment":[{"href":"https:\/\/libreriahistoriasdebolsillo.com\/index.php\/wp-json\/wp\/v2\/media?parent=8081"}],"wp:term":[{"taxonomy":"product_brand","embeddable":true,"href":"https:\/\/libreriahistoriasdebolsillo.com\/index.php\/wp-json\/wp\/v2\/product_brand?post=8081"},{"taxonomy":"product_cat","embeddable":true,"href":"https:\/\/libreriahistoriasdebolsillo.com\/index.php\/wp-json\/wp\/v2\/product_cat?post=8081"},{"taxonomy":"product_tag","embeddable":true,"href":"https:\/\/libreriahistoriasdebolsillo.com\/index.php\/wp-json\/wp\/v2\/product_tag?post=8081"}],"curies":[{"name":"wp","href":"https:\/\/api.w.org\/{rel}","templated":true}]}}