{"id":8083,"date":"2026-02-17T14:50:11","date_gmt":"2026-02-17T20:50:11","guid":{"rendered":"https:\/\/libreriahistoriasdebolsillo.com\/?post_type=product&#038;p=8083"},"modified":"2026-02-24T15:41:43","modified_gmt":"2026-02-24T21:41:43","slug":"bailando-sobre-hielo","status":"publish","type":"product","link":"https:\/\/libreriahistoriasdebolsillo.com\/index.php\/producto\/bailando-sobre-hielo\/","title":{"rendered":"Bailando sobre hielo"},"content":{"rendered":"<div class=\"justify\">\n<p><b><i>Fake dating<\/i>, chispas en el aire y hielo bajo los pies. El\u00a0<i>sport romance<\/i>\u00a0juvenil de Jennifer Iacopelli en el que se basa la nueva serie de Netflix.<\/b><\/p>\n<\/div>\n<div class=\"justify\">\n<p><b>Ella solo tiene un objetivo: ganar.<\/b><\/p>\n<p><b>Ellos han venido a ganarse otra cosa: su coraz\u00f3n.<\/b><\/p>\n<p>Adriana Russo lo tiene claro. Quiere conseguir la victoria y salvar el legado familiar. Pero cuando un imprevisto hace que su plan se tambalee, solo le queda una opci\u00f3n para lograrlo: fingir que la qu\u00edmica con su pareja de pista va m\u00e1s all\u00e1 del hielo.<\/p>\n<p>Brayden Elliot no es lo que se dice su tipo ideal, pero ni Adriana es capaz de no caer rendida ante sus encantos. Y no ser\u00eda dif\u00edcil creerse su relaci\u00f3n (ni que se volviese real) si no fuese por Freddie O&#8217;Connell.<\/p>\n<p>Hace dos a\u00f1os que Freddie y ella dejaron de ser amigos y pareja de patinaje, pero Adriana no puede ignorar el aleteo que a\u00fan siente cuando tienen que compartir espacio.<\/p>\n<p>Con el campeonato de su vida delante, no puede permitirse distracciones. Pero \u00bfy si el amor fuese la verdadera medalla de oro?<\/p>\n<p>Un\u00a0<i>retelling<\/i>\u00a0de\u00a0<i>Persuasi\u00f3n<\/i>\u00a0que combina lo mejor de un romance de Jane Austen con lo mejor de los\u00a0<i>sport romances<\/i>. Un tri\u00e1ngulo amoroso adictivo y una ambientaci\u00f3n que te sumergir\u00e1 en el mundo del patinaje art\u00edstico. La lectura perfecta para las amantes de\u00a0<i>El verano en que me enamor\u00e9<\/i>,\u00a0<i>Mi vida con los chicos Walter<\/i>\u00a0y\u00a0<i>Mi querido rival<\/i>.<\/p>\n<\/div>\n","protected":false},"excerpt":{"rendered":"<p>Jennifer Iacopelli<br \/>\n384 p\u00e1ginas<\/p>\n","protected":false},"featured_media":8084,"template":"","meta":{"_joinchat":[]},"product_brand":[],"product_cat":[70,35],"product_tag":[34],"class_list":{"0":"post-8083","1":"product","2":"type-product","3":"status-publish","4":"has-post-thumbnail","6":"product_cat-novedades","7":"product_cat-romantica","8":"product_tag-penguin-random-house","10":"first","11":"instock","12":"shipping-taxable","13":"purchasable","14":"product-type-simple"},"_links":{"self":[{"href":"https:\/\/libreriahistoriasdebolsillo.com\/index.php\/wp-json\/wp\/v2\/product\/8083","targetHints":{"allow":["GET"]}}],"collection":[{"href":"https:\/\/libreriahistoriasdebolsillo.com\/index.php\/wp-json\/wp\/v2\/product"}],"about":[{"href":"https:\/\/libreriahistoriasdebolsillo.com\/index.php\/wp-json\/wp\/v2\/types\/product"}],"wp:featuredmedia":[{"embeddable":true,"href":"https:\/\/libreriahistoriasdebolsillo.com\/index.php\/wp-json\/wp\/v2\/media\/8084"}],"wp:attachment":[{"href":"https:\/\/libreriahistoriasdebolsillo.com\/index.php\/wp-json\/wp\/v2\/media?parent=8083"}],"wp:term":[{"taxonomy":"product_brand","embeddable":true,"href":"https:\/\/libreriahistoriasdebolsillo.com\/index.php\/wp-json\/wp\/v2\/product_brand?post=8083"},{"taxonomy":"product_cat","embeddable":true,"href":"https:\/\/libreriahistoriasdebolsillo.com\/index.php\/wp-json\/wp\/v2\/product_cat?post=8083"},{"taxonomy":"product_tag","embeddable":true,"href":"https:\/\/libreriahistoriasdebolsillo.com\/index.php\/wp-json\/wp\/v2\/product_tag?post=8083"}],"curies":[{"name":"wp","href":"https:\/\/api.w.org\/{rel}","templated":true}]}}