{"id":8085,"date":"2026-02-17T14:52:31","date_gmt":"2026-02-17T20:52:31","guid":{"rendered":"https:\/\/libreriahistoriasdebolsillo.com\/?post_type=product&#038;p=8085"},"modified":"2026-02-24T15:41:28","modified_gmt":"2026-02-24T21:41:28","slug":"orden-de-acheron-1-un-lugar-sin-dioses","status":"publish","type":"product","link":"https:\/\/libreriahistoriasdebolsillo.com\/index.php\/producto\/orden-de-acheron-1-un-lugar-sin-dioses\/","title":{"rendered":"Orden de Acheron 1. Un lugar sin dioses"},"content":{"rendered":"<div class=\"justify\">\n<p><b>En un mundo de brujas, ella solo tiene dos opciones: cazar o ser cazada.<\/b><\/p>\n<p><b>La fantas\u00eda g\u00f3tica m\u00e1s adictiva del momento ha llegado.<\/b><\/p>\n<\/div>\n<div class=\"justify\">\n<p>Desde que su madre los abandon\u00f3, Vic ha trabajado d\u00eda y noche como camarera para sacar a su hermano Henry adelante. Sin embargo, su mundo se vuelve a venir abajo cuando Nathaniel, un mago de la Orden de Archeon, se presenta en el bar diciendo saber qui\u00e9n era su madre realmente.<\/p>\n<p>Desde ese momento, todas las piezas del puzle de su vida comienzan a encajar. Ahora es el turno de Henry, que debe seguir los pasos de su madre y convertirse en mago. Pero Vic no permitir\u00e1 que lo haga solo, y ambos se embarcan en una aventura llena de magia y peligros.<\/p>\n<\/div>\n","protected":false},"excerpt":{"rendered":"<p>Liza Anderson<br \/>\n424 p\u00e1ginas<\/p>\n","protected":false},"featured_media":8086,"template":"","meta":{"_joinchat":[]},"product_brand":[],"product_cat":[70,76],"product_tag":[34],"class_list":{"0":"post-8085","1":"product","2":"type-product","3":"status-publish","4":"has-post-thumbnail","6":"product_cat-novedades","7":"product_cat-romantasy","8":"product_tag-penguin-random-house","10":"first","11":"instock","12":"shipping-taxable","13":"purchasable","14":"product-type-simple"},"_links":{"self":[{"href":"https:\/\/libreriahistoriasdebolsillo.com\/index.php\/wp-json\/wp\/v2\/product\/8085","targetHints":{"allow":["GET"]}}],"collection":[{"href":"https:\/\/libreriahistoriasdebolsillo.com\/index.php\/wp-json\/wp\/v2\/product"}],"about":[{"href":"https:\/\/libreriahistoriasdebolsillo.com\/index.php\/wp-json\/wp\/v2\/types\/product"}],"wp:featuredmedia":[{"embeddable":true,"href":"https:\/\/libreriahistoriasdebolsillo.com\/index.php\/wp-json\/wp\/v2\/media\/8086"}],"wp:attachment":[{"href":"https:\/\/libreriahistoriasdebolsillo.com\/index.php\/wp-json\/wp\/v2\/media?parent=8085"}],"wp:term":[{"taxonomy":"product_brand","embeddable":true,"href":"https:\/\/libreriahistoriasdebolsillo.com\/index.php\/wp-json\/wp\/v2\/product_brand?post=8085"},{"taxonomy":"product_cat","embeddable":true,"href":"https:\/\/libreriahistoriasdebolsillo.com\/index.php\/wp-json\/wp\/v2\/product_cat?post=8085"},{"taxonomy":"product_tag","embeddable":true,"href":"https:\/\/libreriahistoriasdebolsillo.com\/index.php\/wp-json\/wp\/v2\/product_tag?post=8085"}],"curies":[{"name":"wp","href":"https:\/\/api.w.org\/{rel}","templated":true}]}}