{"id":8089,"date":"2026-02-17T14:56:32","date_gmt":"2026-02-17T20:56:32","guid":{"rendered":"https:\/\/libreriahistoriasdebolsillo.com\/?post_type=product&#038;p=8089"},"modified":"2026-02-24T15:41:20","modified_gmt":"2026-02-24T21:41:20","slug":"ya-superalo-2","status":"publish","type":"product","link":"https:\/\/libreriahistoriasdebolsillo.com\/index.php\/producto\/ya-superalo-2\/","title":{"rendered":"\u00a1Ya sup\u00e9ralo!"},"content":{"rendered":"<div class=\"justify\">\n<p><b>\u00bfPor qu\u00e9 te aferras a alguien que no te ama?<\/b><\/p>\n<p><b>\u00bfQu\u00e9 ganas con discutir todo el tiempo? \u00bf<\/b><\/p>\n<p><b>Qui\u00e9n te dijo que hacerte la v\u00edctima te garantiza obtener lo que deseas?<\/b><\/p>\n<p><b>\u00a1Ya sup\u00e9ralo!<\/b><\/p>\n<p><b>La dicha no est\u00e1 en quienes te rodean, \u00a1debes crearla!, deja de culpar a los dem\u00e1s de lo que no puedes resolver, \u00bfas\u00ed, o m\u00e1s claro? Al\u00e9jate de las malas decisiones y transforma tu vida para ser feliz<\/b><\/p>\n<\/div>\n<div class=\"justify\">\n<p>Con su estilo incomparable, lecciones de vida, an\u00e9cdotas y experiencias que han marcado su camino, C\u00e9sar Lozano entrega en este libro los consejos m\u00e1s efectivos para superar una traici\u00f3n, deshacerte de tu\u00a0<b>imaginaci\u00f3n destructiva<\/b>, evitar a los\u00a0<b>vampiros emocionales<\/b>\u00a0y alejarte del rencor.<\/p>\n<p>Consciente de que ante una p\u00e9rdida es imposible hablar de superarla, te invita a comprender el dolor profundo para sobrellevarla y hacer menos dolorosa la ausencia o la muerte de un ser querido.<\/p>\n<p>\u00a1Ya sup\u00e9ralo! Te adaptas, te amargas o te vas te ayuda a decidir siempre por tu bien, a no cargar todos los d\u00edas tus\u00a0<b>miedos e inseguridades<\/b>; el autor,\u00a0<b>bestseller\u00a0<\/b>internacional, te comparte numerosas reflexiones para que te olvides de la perfecci\u00f3n que buscas pues s\u00f3lo te estresa.<\/p>\n<p>El libro tiene el prop\u00f3sito de hacerte m\u00e1s claro y directo el camino hacia el\u00a0<b>bienestar<\/b>.<\/p>\n<\/div>\n","protected":false},"excerpt":{"rendered":"<p>C\u00e9sar Lozano<br \/>\n256 p\u00e1ginas<\/p>\n","protected":false},"featured_media":8090,"template":"","meta":{"_joinchat":[]},"product_brand":[],"product_cat":[58,41,70],"product_tag":[34],"class_list":{"0":"post-8089","1":"product","2":"type-product","3":"status-publish","4":"has-post-thumbnail","6":"product_cat-desarrollo-humano-y-superacion","7":"product_cat-desarrollo-humano","8":"product_cat-novedades","9":"product_tag-penguin-random-house","11":"first","12":"instock","13":"shipping-taxable","14":"purchasable","15":"product-type-simple"},"_links":{"self":[{"href":"https:\/\/libreriahistoriasdebolsillo.com\/index.php\/wp-json\/wp\/v2\/product\/8089","targetHints":{"allow":["GET"]}}],"collection":[{"href":"https:\/\/libreriahistoriasdebolsillo.com\/index.php\/wp-json\/wp\/v2\/product"}],"about":[{"href":"https:\/\/libreriahistoriasdebolsillo.com\/index.php\/wp-json\/wp\/v2\/types\/product"}],"wp:featuredmedia":[{"embeddable":true,"href":"https:\/\/libreriahistoriasdebolsillo.com\/index.php\/wp-json\/wp\/v2\/media\/8090"}],"wp:attachment":[{"href":"https:\/\/libreriahistoriasdebolsillo.com\/index.php\/wp-json\/wp\/v2\/media?parent=8089"}],"wp:term":[{"taxonomy":"product_brand","embeddable":true,"href":"https:\/\/libreriahistoriasdebolsillo.com\/index.php\/wp-json\/wp\/v2\/product_brand?post=8089"},{"taxonomy":"product_cat","embeddable":true,"href":"https:\/\/libreriahistoriasdebolsillo.com\/index.php\/wp-json\/wp\/v2\/product_cat?post=8089"},{"taxonomy":"product_tag","embeddable":true,"href":"https:\/\/libreriahistoriasdebolsillo.com\/index.php\/wp-json\/wp\/v2\/product_tag?post=8089"}],"curies":[{"name":"wp","href":"https:\/\/api.w.org\/{rel}","templated":true}]}}