{"id":809,"date":"2023-11-20T17:39:26","date_gmt":"2023-11-20T23:39:26","guid":{"rendered":"https:\/\/libreriahistoriasdebolsillo.com\/?post_type=product&#038;p=809"},"modified":"2026-03-10T12:43:59","modified_gmt":"2026-03-10T18:43:59","slug":"belle-morte-2-revelations","status":"publish","type":"product","link":"https:\/\/libreriahistoriasdebolsillo.com\/index.php\/producto\/belle-morte-2-revelations\/","title":{"rendered":"Belle Morte 2. Revelations"},"content":{"rendered":"<p><span class=\"a-text-bold\">\u00a1Vampiros, amor y tensi\u00f3n! El romance sobrenatural m\u00e1s exitoso de Wattpad sigue en esta nueva entrega de Belle Morte<\/span><\/p>\n<p>La verdad tiene un precio Tras sobrevivir al despiadado ataque a Belle Morte, que mat\u00f3 tanto a vampiros como a donantes, la vida de Renie Mayfield ha cambiado para siempre. Ahora que es vampira, la angustiosa transformaci\u00f3n de su cuerpo y de su mente solo puede compararse con el descubrimiento de la espeluznante verdad sobre su hermana, June, que ha escapado de la mansi\u00f3n convertida en rabiosa, lo que a\u00f1ade a\u00fan m\u00e1s caos a la realidad de Renie. Edmond Dant\u00e8s, el vampiro responsable del cambio de Renie, y ahora tambi\u00e9n de su angustia, ha perdido toda esperanza. Est\u00e1 confinado en una celda secreta de Belle Morte, esperando la llegada del consejo y el subsiguiente castigo por sus actos. Edmond se pregunta si lo que hizo estuvo bien y lamenta profundamente en lo que se ha convertido su hogar. Desesperada por liberar a Edmond, encontrar a June y llevar ante la justicia a quien est\u00e9 detr\u00e1s del ataque, Renie busca sangre en m\u00e1s de un sentido. El olor a corrupci\u00f3n est\u00e1 incrustado en las paredes de Belle Morte, pero detr\u00e1s de ellas hay a\u00fan m\u00e1s secretos que pueden conducir a la verdad y a la justicia.<\/p>\n<p>Los lectores dicen:<\/p>\n<p>\u00abEs una lectura obligatoria para los amantes de los vampiros\u00bb.<\/p>\n<p>\u00abEl primer libro me encant\u00f3, pero este se ha convertido en uno de mis favoritos de todos los tiempos\u00bb.<\/p>\n<p>\u00abNo es que estuviera a la altura de mis expectativas, es que las sobrepas\u00f3 con creces\u00bb.<\/p>\n<p>\u00abEl romance. El misterio. Los VAMPIROS. Es mi nuevo libro favorito\u00bb.<\/p>\n<p>\u00abCada vez que Edmond hablaba en franc\u00e9s, me derret\u00eda\u00bb.<\/p>\n","protected":false},"excerpt":{"rendered":"<p>Bella Higgin<\/p>\n","protected":false},"featured_media":810,"template":"","meta":{"_joinchat":[]},"product_brand":[],"product_cat":[39,52,51],"product_tag":[34,57],"class_list":{"0":"post-809","1":"product","2":"type-product","3":"status-publish","4":"has-post-thumbnail","6":"product_cat-fantasia","7":"product_cat-juvenil","8":"product_cat-oferta","9":"product_tag-penguin-random-house","10":"product_tag-wattpad","12":"first","13":"instock","14":"sale","15":"shipping-taxable","16":"purchasable","17":"product-type-simple"},"_links":{"self":[{"href":"https:\/\/libreriahistoriasdebolsillo.com\/index.php\/wp-json\/wp\/v2\/product\/809","targetHints":{"allow":["GET"]}}],"collection":[{"href":"https:\/\/libreriahistoriasdebolsillo.com\/index.php\/wp-json\/wp\/v2\/product"}],"about":[{"href":"https:\/\/libreriahistoriasdebolsillo.com\/index.php\/wp-json\/wp\/v2\/types\/product"}],"wp:featuredmedia":[{"embeddable":true,"href":"https:\/\/libreriahistoriasdebolsillo.com\/index.php\/wp-json\/wp\/v2\/media\/810"}],"wp:attachment":[{"href":"https:\/\/libreriahistoriasdebolsillo.com\/index.php\/wp-json\/wp\/v2\/media?parent=809"}],"wp:term":[{"taxonomy":"product_brand","embeddable":true,"href":"https:\/\/libreriahistoriasdebolsillo.com\/index.php\/wp-json\/wp\/v2\/product_brand?post=809"},{"taxonomy":"product_cat","embeddable":true,"href":"https:\/\/libreriahistoriasdebolsillo.com\/index.php\/wp-json\/wp\/v2\/product_cat?post=809"},{"taxonomy":"product_tag","embeddable":true,"href":"https:\/\/libreriahistoriasdebolsillo.com\/index.php\/wp-json\/wp\/v2\/product_tag?post=809"}],"curies":[{"name":"wp","href":"https:\/\/api.w.org\/{rel}","templated":true}]}}