{"id":8091,"date":"2026-02-17T14:58:13","date_gmt":"2026-02-17T20:58:13","guid":{"rendered":"https:\/\/libreriahistoriasdebolsillo.com\/?post_type=product&#038;p=8091"},"modified":"2026-02-24T15:41:16","modified_gmt":"2026-02-24T21:41:16","slug":"conecta-con-la-motivacion-2","status":"publish","type":"product","link":"https:\/\/libreriahistoriasdebolsillo.com\/index.php\/producto\/conecta-con-la-motivacion-2\/","title":{"rendered":"Conecta con la motivaci\u00f3n"},"content":{"rendered":"<div class=\"justify\">\n<p><b>Este libro muestra que la idea t\u00edpica de la motivaci\u00f3n como algo que va y viene es completamente inexacta.<\/b>\u00a0<b>En su lugar existe un conjunto de leyes que aqu\u00ed se explican a detalle y que conforman su ciencia. Y, si aplicas la ciencia de la motivaci\u00f3n sistem\u00e1ticamente en tu vida, tus sue\u00f1os se convertir\u00e1n en tu destino.<\/b><\/p>\n<\/div>\n<div class=\"justify\">\n<p>La mayor\u00eda de las personas afirma que quiere ser\u00a0<b>exitosa y feliz<\/b>. Sin embargo, son pocos los capaces de sostener esfuerzos prolongados para lograr sus metas. El problema central radica en mantener la motivaci\u00f3n sin importar cu\u00e1ntas dificultades surjan en el camino.\u00a0<b>Brian Tracy,<\/b>\u00a0experto mundial en\u00a0<b>desarrollo<\/b>\u00a0<b>personal<\/b>, nos muestra c\u00f3mo salvar la brecha entre lo que decimos que queremos y lo que debemos hacer para lograrlo, que a menudo requiere retrasar la\u00a0<b>gratificaci\u00f3n temporal<\/b>\u00a0y las soluciones r\u00e1pidas para obtener una\u00a0<b>felicidad y un \u00e9xito duraderos<\/b>.<\/p>\n<\/div>\n","protected":false},"excerpt":{"rendered":"<p>Brian Tracy<br \/>\n200 p\u00e1ginas<\/p>\n","protected":false},"featured_media":8092,"template":"","meta":{"_joinchat":[]},"product_brand":[],"product_cat":[58,41,70],"product_tag":[34],"class_list":{"0":"post-8091","1":"product","2":"type-product","3":"status-publish","4":"has-post-thumbnail","6":"product_cat-desarrollo-humano-y-superacion","7":"product_cat-desarrollo-humano","8":"product_cat-novedades","9":"product_tag-penguin-random-house","11":"first","12":"instock","13":"shipping-taxable","14":"purchasable","15":"product-type-simple"},"_links":{"self":[{"href":"https:\/\/libreriahistoriasdebolsillo.com\/index.php\/wp-json\/wp\/v2\/product\/8091","targetHints":{"allow":["GET"]}}],"collection":[{"href":"https:\/\/libreriahistoriasdebolsillo.com\/index.php\/wp-json\/wp\/v2\/product"}],"about":[{"href":"https:\/\/libreriahistoriasdebolsillo.com\/index.php\/wp-json\/wp\/v2\/types\/product"}],"wp:featuredmedia":[{"embeddable":true,"href":"https:\/\/libreriahistoriasdebolsillo.com\/index.php\/wp-json\/wp\/v2\/media\/8092"}],"wp:attachment":[{"href":"https:\/\/libreriahistoriasdebolsillo.com\/index.php\/wp-json\/wp\/v2\/media?parent=8091"}],"wp:term":[{"taxonomy":"product_brand","embeddable":true,"href":"https:\/\/libreriahistoriasdebolsillo.com\/index.php\/wp-json\/wp\/v2\/product_brand?post=8091"},{"taxonomy":"product_cat","embeddable":true,"href":"https:\/\/libreriahistoriasdebolsillo.com\/index.php\/wp-json\/wp\/v2\/product_cat?post=8091"},{"taxonomy":"product_tag","embeddable":true,"href":"https:\/\/libreriahistoriasdebolsillo.com\/index.php\/wp-json\/wp\/v2\/product_tag?post=8091"}],"curies":[{"name":"wp","href":"https:\/\/api.w.org\/{rel}","templated":true}]}}