{"id":8093,"date":"2026-02-17T15:00:36","date_gmt":"2026-02-17T21:00:36","guid":{"rendered":"https:\/\/libreriahistoriasdebolsillo.com\/?post_type=product&#038;p=8093"},"modified":"2026-03-05T16:15:02","modified_gmt":"2026-03-05T22:15:02","slug":"los-chicos-de-tommen-6-releasing-10","status":"publish","type":"product","link":"https:\/\/libreriahistoriasdebolsillo.com\/index.php\/producto\/los-chicos-de-tommen-6-releasing-10\/","title":{"rendered":"Los chicos de Tommen 6. Releasing 10"},"content":{"rendered":"<div class=\"justify\">\n<p><b>El poder y el dolor del primer amor nunca se han sentido con tanta intensidad como en las extraordinarias historias de Chloe Walsh sobre los irresistibles Chicos de Tommen, que te dejar\u00e1n con la mayor resaca emocional imaginable.<\/b><\/p>\n<\/div>\n<div class=\"justify\">\n<p><b>Un amor inquebrantable, excepto por la verdad.<\/b><\/p>\n<p><b>Lizzie Young<\/b>\u00a0siempre ha sentido que era demasiado en todos los sentidos. Diagnosticada con trastorno bipolar a una edad temprana, nunca ha encajado en su familia, con sus amigos ni en su comunidad. Lizzie quiere que la acepten y la entiendan, pero como cuenta con poca gente de su lado, ha llevado sola el peso de sus cargas y traumas.<\/p>\n<p>Cuando conoce a un chico atento en el autob\u00fas del instituto, parece que las cosas comienzan a mejorar por primera vez en su vida\u2026<\/p>\n<p><b>Hugh Biggs<\/b>\u00a0tiene la madurez y la sabidur\u00eda de alguien mucho m\u00e1s mayor. Un joven con una mente aguda y un firme c\u00f3digo \u00e9tico que ve algo en Lizzie Young a lo que no se puede resistir. Quiere serlo todo para ella y ayudarla a sobrellevar su carga. Y Lizzie quiere lo mismo.<\/p>\n<p>El v\u00ednculo entre Lizzie y Hugh parece indestructible: tienen una qu\u00edmica explosiva, su amor es intenso y su conexi\u00f3n, profunda, pero incluso el amor m\u00e1s verdadero puede verse afectado por fuerzas que escapan a su control.<\/p>\n<\/div>\n","protected":false},"excerpt":{"rendered":"<p>Chloe Walsh<br \/>\n784 p\u00e1ginas<\/p>\n","protected":false},"featured_media":8094,"template":"","meta":{"_joinchat":[]},"product_brand":[],"product_cat":[70,35],"product_tag":[34],"class_list":{"0":"post-8093","1":"product","2":"type-product","3":"status-publish","4":"has-post-thumbnail","6":"product_cat-novedades","7":"product_cat-romantica","8":"product_tag-penguin-random-house","10":"first","11":"outofstock","12":"shipping-taxable","13":"purchasable","14":"product-type-simple"},"_links":{"self":[{"href":"https:\/\/libreriahistoriasdebolsillo.com\/index.php\/wp-json\/wp\/v2\/product\/8093","targetHints":{"allow":["GET"]}}],"collection":[{"href":"https:\/\/libreriahistoriasdebolsillo.com\/index.php\/wp-json\/wp\/v2\/product"}],"about":[{"href":"https:\/\/libreriahistoriasdebolsillo.com\/index.php\/wp-json\/wp\/v2\/types\/product"}],"wp:featuredmedia":[{"embeddable":true,"href":"https:\/\/libreriahistoriasdebolsillo.com\/index.php\/wp-json\/wp\/v2\/media\/8094"}],"wp:attachment":[{"href":"https:\/\/libreriahistoriasdebolsillo.com\/index.php\/wp-json\/wp\/v2\/media?parent=8093"}],"wp:term":[{"taxonomy":"product_brand","embeddable":true,"href":"https:\/\/libreriahistoriasdebolsillo.com\/index.php\/wp-json\/wp\/v2\/product_brand?post=8093"},{"taxonomy":"product_cat","embeddable":true,"href":"https:\/\/libreriahistoriasdebolsillo.com\/index.php\/wp-json\/wp\/v2\/product_cat?post=8093"},{"taxonomy":"product_tag","embeddable":true,"href":"https:\/\/libreriahistoriasdebolsillo.com\/index.php\/wp-json\/wp\/v2\/product_tag?post=8093"}],"curies":[{"name":"wp","href":"https:\/\/api.w.org\/{rel}","templated":true}]}}