{"id":8095,"date":"2026-02-17T15:02:46","date_gmt":"2026-02-17T21:02:46","guid":{"rendered":"https:\/\/libreriahistoriasdebolsillo.com\/?post_type=product&#038;p=8095"},"modified":"2026-03-21T13:57:43","modified_gmt":"2026-03-21T19:57:43","slug":"windy-city-1-rozando-el-cielo","status":"publish","type":"product","link":"https:\/\/libreriahistoriasdebolsillo.com\/index.php\/producto\/windy-city-1-rozando-el-cielo\/","title":{"rendered":"Windy City 1. Rozando el cielo"},"content":{"rendered":"<div class=\"justify\">\n<p><b>Llega<\/b>\u00a0<i><b>Mile High,<\/b><\/i><b>\u00a0el romance deportivo m\u00e1s esperado de<\/b>\u00a0<b>TikTok<\/b>.<b>\u00a0Una estrella del hockey pagada de s\u00ed misma y una azafata con las cosas muy claras.<\/b>\u00a0<b>La<\/b>\u00a0<b>tensi\u00f3n y las<\/b>\u00a0<b>chispas<\/b>\u00a0<b>est\u00e1n<\/b>\u00a0<b>servidas.<\/b><\/p>\n<\/div>\n<div class=\"justify\">\n<p><i>ZANDERS<\/i><\/p>\n<p>El hockey en Chicago no ser\u00eda nada sin m\u00ed; la multitud necesita alguien a quien odiar. S\u00e9 cu\u00e1l es mi papel, y lo represento a la perfecci\u00f3n. De hecho, me encanta pasar la mayor parte del partido amonestado en el banquillo para luego dejar el estadio con una chica distinta cada noche&#8230; o eso es lo que quiero que piense la prensa.<\/p>\n<p>Lo que no me gusta es la nueva azafata del avi\u00f3n privado del equipo. Ella trabaja para m\u00ed, no al rev\u00e9s. Pero me asegurar\u00e9 de record\u00e1rselo, y para cuando termine la temporada desear\u00e1 no haber aceptado el puesto.<\/p>\n<p>Pero en cada vuelo estoy m\u00e1s confundido, y ya no logro distinguir si sigo pulsando el bot\u00f3n de llamada para fastidiarla o es que hay algo m\u00e1s.<\/p>\n<p><i>STEVIE<\/i><\/p>\n<p>Hace a\u00f1os que soy auxiliar de vuelo. Pensaba que lo hab\u00eda visto todo, pero cuando entro a trabajar para la superestrella m\u00e1s eg\u00f3latra y arrogante de la Liga Nacional de Hockey, empiezo a replante\u00e1rmelo todo. Especialmente la promesa que me hice a m\u00ed misma de no volver a tirarme a un deportista jam\u00e1s&#8230; por mucho que me atraiga.<\/p>\n<p>Evan Zanders no tiene filtro ni complejos, y se tiene demasiado cre\u00eddo lo bueno que est\u00e1. Adora la imagen que proyecta, pero yo detesto todo de ella.<\/p>\n<p>Todo&#8230; menos a \u00e9l.<\/p>\n<\/div>\n","protected":false},"excerpt":{"rendered":"<p>Liz Tomforde<br \/>\n544 p\u00e1ginas<\/p>\n","protected":false},"featured_media":8096,"template":"","meta":{"_joinchat":[]},"product_brand":[],"product_cat":[70,35],"product_tag":[34],"class_list":{"0":"post-8095","1":"product","2":"type-product","3":"status-publish","4":"has-post-thumbnail","6":"product_cat-novedades","7":"product_cat-romantica","8":"product_tag-penguin-random-house","10":"first","11":"instock","12":"shipping-taxable","13":"purchasable","14":"product-type-simple"},"_links":{"self":[{"href":"https:\/\/libreriahistoriasdebolsillo.com\/index.php\/wp-json\/wp\/v2\/product\/8095","targetHints":{"allow":["GET"]}}],"collection":[{"href":"https:\/\/libreriahistoriasdebolsillo.com\/index.php\/wp-json\/wp\/v2\/product"}],"about":[{"href":"https:\/\/libreriahistoriasdebolsillo.com\/index.php\/wp-json\/wp\/v2\/types\/product"}],"wp:featuredmedia":[{"embeddable":true,"href":"https:\/\/libreriahistoriasdebolsillo.com\/index.php\/wp-json\/wp\/v2\/media\/8096"}],"wp:attachment":[{"href":"https:\/\/libreriahistoriasdebolsillo.com\/index.php\/wp-json\/wp\/v2\/media?parent=8095"}],"wp:term":[{"taxonomy":"product_brand","embeddable":true,"href":"https:\/\/libreriahistoriasdebolsillo.com\/index.php\/wp-json\/wp\/v2\/product_brand?post=8095"},{"taxonomy":"product_cat","embeddable":true,"href":"https:\/\/libreriahistoriasdebolsillo.com\/index.php\/wp-json\/wp\/v2\/product_cat?post=8095"},{"taxonomy":"product_tag","embeddable":true,"href":"https:\/\/libreriahistoriasdebolsillo.com\/index.php\/wp-json\/wp\/v2\/product_tag?post=8095"}],"curies":[{"name":"wp","href":"https:\/\/api.w.org\/{rel}","templated":true}]}}