{"id":8099,"date":"2026-02-17T15:09:31","date_gmt":"2026-02-17T21:09:31","guid":{"rendered":"https:\/\/libreriahistoriasdebolsillo.com\/?post_type=product&#038;p=8099"},"modified":"2026-02-24T15:40:52","modified_gmt":"2026-02-24T21:40:52","slug":"cansada-de-estar-cansada","status":"publish","type":"product","link":"https:\/\/libreriahistoriasdebolsillo.com\/index.php\/producto\/cansada-de-estar-cansada\/","title":{"rendered":"Cansada de estar cansada"},"content":{"rendered":"<div class=\"justify\">\n<p align=\"JUSTIFY\">Conoces el ciclo: empiezas el d\u00eda ya exhausta y lo terminas derrotada, dici\u00e9ndote a ti misma que las cosas mejorar\u00e1n si puedes superar esta semana. Pero luego las semanas se convierten en meses, y empiezas a creer que nunca podr\u00e1s parar, reducir la velocidad o tomar aire. No puedes simplemente dejarlo todo: tu trabajo, tus relaciones, tu familia; pero c\u00f3mo dejar\u00e1s de sentirte fatigada.<\/p>\n<\/div>\n<div class=\"justify\">\n<p align=\"JUSTIFY\">Fuiste hecha para una vida de abundancia, no una vida de agotamiento. Es hora de repensar ese ritmo insostenible y recibir este don real que es el descanso de Dios. Con perspicaces ideas e historias en las que te puedes sentir reflejada, la autora bestseller y oradora Jess Connolly te muestra:<\/p>\n<p align=\"JUSTIFY\">\u2022 c\u00f3mo encontrar la fuente de tu fatiga<\/p>\n<p align=\"JUSTIFY\">\u2022 maneras de decir no y estrategias para proteger tu paz<\/p>\n<p align=\"JUSTIFY\">\u2022 pr\u00e1cticas para incorporar un descanso realista en tus ritmos diarios y semanales sin descuidar tus responsabilidades<\/p>\n<p align=\"JUSTIFY\">Puedes romper el ciclo de vivir constantemente en jaque. Este libro te mostrar\u00e1 c\u00f3mo implementar ritmos realistas de descanso para que puedas experimentar la vida abundante que Dios tiene prevista para ti. Ven a Jes\u00fas para que tu alma cansada y cargada encuentre descanso.<\/p>\n<\/div>\n","protected":false},"excerpt":{"rendered":"<p>Jess Connolly<br \/>\n224 p\u00e1ginas<\/p>\n","protected":false},"featured_media":8100,"template":"","meta":{"_joinchat":[]},"product_brand":[],"product_cat":[58,41,70],"product_tag":[34],"class_list":{"0":"post-8099","1":"product","2":"type-product","3":"status-publish","4":"has-post-thumbnail","6":"product_cat-desarrollo-humano-y-superacion","7":"product_cat-desarrollo-humano","8":"product_cat-novedades","9":"product_tag-penguin-random-house","11":"first","12":"instock","13":"shipping-taxable","14":"purchasable","15":"product-type-simple"},"_links":{"self":[{"href":"https:\/\/libreriahistoriasdebolsillo.com\/index.php\/wp-json\/wp\/v2\/product\/8099","targetHints":{"allow":["GET"]}}],"collection":[{"href":"https:\/\/libreriahistoriasdebolsillo.com\/index.php\/wp-json\/wp\/v2\/product"}],"about":[{"href":"https:\/\/libreriahistoriasdebolsillo.com\/index.php\/wp-json\/wp\/v2\/types\/product"}],"wp:featuredmedia":[{"embeddable":true,"href":"https:\/\/libreriahistoriasdebolsillo.com\/index.php\/wp-json\/wp\/v2\/media\/8100"}],"wp:attachment":[{"href":"https:\/\/libreriahistoriasdebolsillo.com\/index.php\/wp-json\/wp\/v2\/media?parent=8099"}],"wp:term":[{"taxonomy":"product_brand","embeddable":true,"href":"https:\/\/libreriahistoriasdebolsillo.com\/index.php\/wp-json\/wp\/v2\/product_brand?post=8099"},{"taxonomy":"product_cat","embeddable":true,"href":"https:\/\/libreriahistoriasdebolsillo.com\/index.php\/wp-json\/wp\/v2\/product_cat?post=8099"},{"taxonomy":"product_tag","embeddable":true,"href":"https:\/\/libreriahistoriasdebolsillo.com\/index.php\/wp-json\/wp\/v2\/product_tag?post=8099"}],"curies":[{"name":"wp","href":"https:\/\/api.w.org\/{rel}","templated":true}]}}