{"id":8101,"date":"2026-02-17T15:15:11","date_gmt":"2026-02-17T21:15:11","guid":{"rendered":"https:\/\/libreriahistoriasdebolsillo.com\/?post_type=product&#038;p=8101"},"modified":"2026-02-24T15:40:46","modified_gmt":"2026-02-24T21:40:46","slug":"percy-jackson-y-los-dioses-del-olimpo-1-el-ladron-del-rayo-2","status":"publish","type":"product","link":"https:\/\/libreriahistoriasdebolsillo.com\/index.php\/producto\/percy-jackson-y-los-dioses-del-olimpo-1-el-ladron-del-rayo-2\/","title":{"rendered":"Percy Jackson y los dioses del Olimpo 1. El ladr\u00f3n del rayo"},"content":{"rendered":"<div class=\"justify\">\n<p><i><b>El ladr\u00f3n del rayo<\/b><\/i><b>\u00a0da comienzo a la apasionante serie\u00a0<\/b><i><b>Percy Jackson y los Dioses del Olimpo<\/b><\/i><b>, un mundo secreto que los antiguos dioses griegos han recreado a nuestro alrededor en pleno siglo XXI.<\/b><\/p>\n<\/div>\n<div class=\"justify\">\n<p>\u00bfQu\u00e9 pasar\u00eda si un d\u00eda descubrieras que, en realidad, eres\u00a0<b>hijo de un dios griego<\/b>\u00a0que debe cumplir una\u00a0<b>misi\u00f3n secreta<\/b>? Pues eso es lo que le sucede a Percy Jackson, que a partir de ese momento se dispone a vivir los acontecimientos m\u00e1s emocionantes de su vida. Expulsado de seis colegios, Percy padece dislexia y dificultades para concentrarse, o al menos \u00e9sa es la versi\u00f3n oficial. Objeto de burlas por inventarse historias fant\u00e1sticas, ni siquiera \u00e9l mismo acaba de cre\u00e9rselas hasta el d\u00eda que los dioses del Olimpo le revelan la verdad:\u00a0<b>Percy es nada menos que un semidi\u00f3s,<\/b>\u00a0es decir, el hijo de un dios y una mortal. Y como tal ha de descubrir qui\u00e9n ha robado\u00a0<b>el rayo de Zeus<\/b>\u00a0y as\u00ed evitar que estalle una\u00a0<b>guerra entre los dioses<\/b>. Para cumplir la misi\u00f3n contar\u00e1 con la ayuda de sus amigos Grover, un joven s\u00e1tiro, y Annabeth, hija de Atenea.<\/p>\n<\/div>\n","protected":false},"excerpt":{"rendered":"<p>Rick Riordan<br \/>\n288 p\u00e1ginas<\/p>\n","protected":false},"featured_media":8102,"template":"","meta":{"_joinchat":[]},"product_brand":[],"product_cat":[77,52,75,70],"product_tag":[34],"class_list":{"0":"post-8101","1":"product","2":"type-product","3":"status-publish","4":"has-post-thumbnail","6":"product_cat-fantasia-urbana","7":"product_cat-juvenil","8":"product_cat-mitologia","9":"product_cat-novedades","10":"product_tag-penguin-random-house","12":"first","13":"instock","14":"shipping-taxable","15":"purchasable","16":"product-type-simple"},"_links":{"self":[{"href":"https:\/\/libreriahistoriasdebolsillo.com\/index.php\/wp-json\/wp\/v2\/product\/8101","targetHints":{"allow":["GET"]}}],"collection":[{"href":"https:\/\/libreriahistoriasdebolsillo.com\/index.php\/wp-json\/wp\/v2\/product"}],"about":[{"href":"https:\/\/libreriahistoriasdebolsillo.com\/index.php\/wp-json\/wp\/v2\/types\/product"}],"wp:featuredmedia":[{"embeddable":true,"href":"https:\/\/libreriahistoriasdebolsillo.com\/index.php\/wp-json\/wp\/v2\/media\/8102"}],"wp:attachment":[{"href":"https:\/\/libreriahistoriasdebolsillo.com\/index.php\/wp-json\/wp\/v2\/media?parent=8101"}],"wp:term":[{"taxonomy":"product_brand","embeddable":true,"href":"https:\/\/libreriahistoriasdebolsillo.com\/index.php\/wp-json\/wp\/v2\/product_brand?post=8101"},{"taxonomy":"product_cat","embeddable":true,"href":"https:\/\/libreriahistoriasdebolsillo.com\/index.php\/wp-json\/wp\/v2\/product_cat?post=8101"},{"taxonomy":"product_tag","embeddable":true,"href":"https:\/\/libreriahistoriasdebolsillo.com\/index.php\/wp-json\/wp\/v2\/product_tag?post=8101"}],"curies":[{"name":"wp","href":"https:\/\/api.w.org\/{rel}","templated":true}]}}