{"id":8103,"date":"2026-02-17T15:16:37","date_gmt":"2026-02-17T21:16:37","guid":{"rendered":"https:\/\/libreriahistoriasdebolsillo.com\/?post_type=product&#038;p=8103"},"modified":"2026-02-24T15:40:42","modified_gmt":"2026-02-24T21:40:42","slug":"percy-jackson-y-los-dioses-del-olimpo-2-el-mar-de-los-monstruos-2","status":"publish","type":"product","link":"https:\/\/libreriahistoriasdebolsillo.com\/index.php\/producto\/percy-jackson-y-los-dioses-del-olimpo-2-el-mar-de-los-monstruos-2\/","title":{"rendered":"Percy Jackson y los dioses del Olimpo 2. El mar de los monstruos"},"content":{"rendered":"<div class=\"justify\">\n<p><b>Desde que sabe que es hijo de un dios del Olimpo, Percy Jackson espera que el destino le depare continuas aventuras. Y sus expectativas se cumplen con creces.<\/b><\/p>\n<\/div>\n<div class=\"justify\">\n<p>Aunque el nuevo curso en la Escuela Meriwether transcurre con inusual normalidad, un simple partido de bal\u00f3n prisionero acaba en\u00a0<b>batalla campal<\/b>\u00a0contra una banda de\u00a0<b>feroces gigantes<\/b>. A partir de ah\u00ed los acontecimientos se precipitan: el per\u00edmetro m\u00e1gico que protege el Campamento Mestizo es destruido por un\u00a0<b>misterioso enemigo<\/b>\u00a0y la \u00fanica seguridad con que contaban los semidioses desaparece. As\u00ed, para impedir este da\u00f1o irreparable, Percy y sus amigos inician la\u00a0<b>traves\u00eda del temible Mar de los Monstruos<\/b>\u00a0en busca de lo \u00fanico que puede salvar el campamento:\u00a0<b>el Vellocino de Oro.<\/b><\/p>\n<\/div>\n","protected":false},"excerpt":{"rendered":"<p>Rick Riordan<br \/>\n256 p\u00e1ginas<\/p>\n","protected":false},"featured_media":8104,"template":"","meta":{"_joinchat":[]},"product_brand":[],"product_cat":[77,52,75,70],"product_tag":[34],"class_list":{"0":"post-8103","1":"product","2":"type-product","3":"status-publish","4":"has-post-thumbnail","6":"product_cat-fantasia-urbana","7":"product_cat-juvenil","8":"product_cat-mitologia","9":"product_cat-novedades","10":"product_tag-penguin-random-house","12":"first","13":"instock","14":"shipping-taxable","15":"purchasable","16":"product-type-simple"},"_links":{"self":[{"href":"https:\/\/libreriahistoriasdebolsillo.com\/index.php\/wp-json\/wp\/v2\/product\/8103","targetHints":{"allow":["GET"]}}],"collection":[{"href":"https:\/\/libreriahistoriasdebolsillo.com\/index.php\/wp-json\/wp\/v2\/product"}],"about":[{"href":"https:\/\/libreriahistoriasdebolsillo.com\/index.php\/wp-json\/wp\/v2\/types\/product"}],"wp:featuredmedia":[{"embeddable":true,"href":"https:\/\/libreriahistoriasdebolsillo.com\/index.php\/wp-json\/wp\/v2\/media\/8104"}],"wp:attachment":[{"href":"https:\/\/libreriahistoriasdebolsillo.com\/index.php\/wp-json\/wp\/v2\/media?parent=8103"}],"wp:term":[{"taxonomy":"product_brand","embeddable":true,"href":"https:\/\/libreriahistoriasdebolsillo.com\/index.php\/wp-json\/wp\/v2\/product_brand?post=8103"},{"taxonomy":"product_cat","embeddable":true,"href":"https:\/\/libreriahistoriasdebolsillo.com\/index.php\/wp-json\/wp\/v2\/product_cat?post=8103"},{"taxonomy":"product_tag","embeddable":true,"href":"https:\/\/libreriahistoriasdebolsillo.com\/index.php\/wp-json\/wp\/v2\/product_tag?post=8103"}],"curies":[{"name":"wp","href":"https:\/\/api.w.org\/{rel}","templated":true}]}}