{"id":8107,"date":"2026-02-17T15:20:50","date_gmt":"2026-02-17T21:20:50","guid":{"rendered":"https:\/\/libreriahistoriasdebolsillo.com\/?post_type=product&#038;p=8107"},"modified":"2026-02-17T15:20:50","modified_gmt":"2026-02-17T21:20:50","slug":"kpop-demon-hunters-libro-oficial-de-posteres","status":"publish","type":"product","link":"https:\/\/libreriahistoriasdebolsillo.com\/index.php\/producto\/kpop-demon-hunters-libro-oficial-de-posteres\/","title":{"rendered":"KPop Demon Hunters: Libro oficial de p\u00f3steres"},"content":{"rendered":"<div class=\"justify\">\n<p><b>\u00a1Consigue tu pase backstage a la exitosa pel\u00edcula animada de Netflix K-Pop Demon Hunters con este libro de p\u00f3sters a todo color!<\/b><\/p>\n<\/div>\n<div class=\"justify\">\n<p>Este libro oficial de p\u00f3sters est\u00e1 repleto de ilustraciones espectaculares protagonizadas por el famoso grupo HUNTR\/X, los Saja Boys, el tigre Derpy, Sussie y&#8230; \u00a1muchos m\u00e1s!<\/p>\n<p>Fans de todas las edades podr\u00e1n decorar sus paredes con estas im\u00e1genes coleccionables a todo color.<\/p>\n<p>\u00a1El regalo perfecto para amantes del K-pop y la caza de demonios!<\/p>\n<p><b>ESTE LIBRO CONTIENE:<\/b><\/p>\n<p>\u2022 Libro oficial de p\u00f3sters de la pel\u00edcula animada \u00e9xito de Netflix K-Pop Demon Hunters.<br \/>\n\u2022 M\u00e1s de 35 p\u00f3sters a todo color, ideales para coleccionar y decorar.<br \/>\n\u2022 Cubierta con acabado brillante y papel de alta calidad.<br \/>\n\u2022 Incluye arte exclusivo de HUNTR\/X, Saja Boys, etc.<br \/>\n\u2022 Perfecto para fans de K-pop Demon Hunters de todas las edades<\/p>\n<\/div>\n","protected":false},"excerpt":{"rendered":"<p>\u00a1Consigue tu pase backstage a la exitosa pel\u00edcula animada de Netflix K-Pop Demon Hunters con este libro de p\u00f3sters a todo color! Este libro oficial de p\u00f3sters est\u00e1 repleto de ilustraciones espectaculares protagonizadas por el famoso grupo HUNTR\/X, los Saja Boys, el tigre Derpy, Sussie y&#8230; \u00a1muchos m\u00e1s! Fans de todas las edades podr\u00e1n decorar [&hellip;]<\/p>\n","protected":false},"featured_media":8108,"template":"","meta":{"_joinchat":[]},"product_brand":[],"product_cat":[54,52,70],"product_tag":[34],"class_list":{"0":"post-8107","1":"product","2":"type-product","3":"status-publish","4":"has-post-thumbnail","6":"product_cat-infantil","7":"product_cat-juvenil","8":"product_cat-novedades","9":"product_tag-penguin-random-house","11":"first","12":"outofstock","13":"shipping-taxable","14":"purchasable","15":"product-type-simple"},"_links":{"self":[{"href":"https:\/\/libreriahistoriasdebolsillo.com\/index.php\/wp-json\/wp\/v2\/product\/8107","targetHints":{"allow":["GET"]}}],"collection":[{"href":"https:\/\/libreriahistoriasdebolsillo.com\/index.php\/wp-json\/wp\/v2\/product"}],"about":[{"href":"https:\/\/libreriahistoriasdebolsillo.com\/index.php\/wp-json\/wp\/v2\/types\/product"}],"wp:featuredmedia":[{"embeddable":true,"href":"https:\/\/libreriahistoriasdebolsillo.com\/index.php\/wp-json\/wp\/v2\/media\/8108"}],"wp:attachment":[{"href":"https:\/\/libreriahistoriasdebolsillo.com\/index.php\/wp-json\/wp\/v2\/media?parent=8107"}],"wp:term":[{"taxonomy":"product_brand","embeddable":true,"href":"https:\/\/libreriahistoriasdebolsillo.com\/index.php\/wp-json\/wp\/v2\/product_brand?post=8107"},{"taxonomy":"product_cat","embeddable":true,"href":"https:\/\/libreriahistoriasdebolsillo.com\/index.php\/wp-json\/wp\/v2\/product_cat?post=8107"},{"taxonomy":"product_tag","embeddable":true,"href":"https:\/\/libreriahistoriasdebolsillo.com\/index.php\/wp-json\/wp\/v2\/product_tag?post=8107"}],"curies":[{"name":"wp","href":"https:\/\/api.w.org\/{rel}","templated":true}]}}