{"id":8109,"date":"2026-02-17T15:23:11","date_gmt":"2026-02-17T21:23:11","guid":{"rendered":"https:\/\/libreriahistoriasdebolsillo.com\/?post_type=product&#038;p=8109"},"modified":"2026-04-20T14:26:00","modified_gmt":"2026-04-20T20:26:00","slug":"el-inconsciente-cuantico","status":"publish","type":"product","link":"https:\/\/libreriahistoriasdebolsillo.com\/index.php\/producto\/el-inconsciente-cuantico\/","title":{"rendered":"El inconsciente cu\u00e1ntico"},"content":{"rendered":"<div class=\"justify\">\n<p><b>Lo transpersonal y lo cu\u00e1ntico, en perfecta concordancia, con las \u00faltimas investigaciones en neurociencia<\/b><\/p>\n<\/div>\n<div class=\"justify\">\n<p>Cuando la estructura ps\u00edquica del ser humano establece una comunicaci\u00f3n profunda consigo misma, la informaci\u00f3n inconsciente que alberga tiende a ordenarse de forma constructiva. Uno de los objetivos de este libro, adem\u00e1s de ofrecer una revisi\u00f3n actualizada de la psicolog\u00eda transpersonal, es explicar la importancia de este contenido inconsciente. Las personas solemos vivir ajenas al hecho de que esta informaci\u00f3n, a veces sesgada e inexacta, est\u00e1 determinando nuestras reacciones emocionales, nuestro sentir y nuestro comportamiento.<\/p>\n<p>\u00abCon este libro quisiera poder transmitir mi entusiasmo por la psicolog\u00eda que, a mi modo de ver, m\u00e1s que una ciencia exacta es un arte&#8230; Se trata de ver la vida no como un mar de l\u00e1grimas y esfuerzos, sino como un aprendizaje rico, desafiante y pertido, que impulse el bienestar y la alegr\u00eda de vivir.\u00bb<br \/>\n<b>Marly Kuenerz<\/b><\/p>\n<\/div>\n","protected":false},"excerpt":{"rendered":"<p>Marly Kuenerz<br \/>\n288 p\u00e1ginas<\/p>\n","protected":false},"featured_media":8110,"template":"","meta":{"_joinchat":[]},"product_brand":[],"product_cat":[60,41,70],"product_tag":[34],"class_list":{"0":"post-8109","1":"product","2":"type-product","3":"status-publish","4":"has-post-thumbnail","6":"product_cat-ciencia","7":"product_cat-desarrollo-humano","8":"product_cat-novedades","9":"product_tag-penguin-random-house","11":"first","12":"outofstock","13":"shipping-taxable","14":"purchasable","15":"product-type-simple"},"_links":{"self":[{"href":"https:\/\/libreriahistoriasdebolsillo.com\/index.php\/wp-json\/wp\/v2\/product\/8109","targetHints":{"allow":["GET"]}}],"collection":[{"href":"https:\/\/libreriahistoriasdebolsillo.com\/index.php\/wp-json\/wp\/v2\/product"}],"about":[{"href":"https:\/\/libreriahistoriasdebolsillo.com\/index.php\/wp-json\/wp\/v2\/types\/product"}],"wp:featuredmedia":[{"embeddable":true,"href":"https:\/\/libreriahistoriasdebolsillo.com\/index.php\/wp-json\/wp\/v2\/media\/8110"}],"wp:attachment":[{"href":"https:\/\/libreriahistoriasdebolsillo.com\/index.php\/wp-json\/wp\/v2\/media?parent=8109"}],"wp:term":[{"taxonomy":"product_brand","embeddable":true,"href":"https:\/\/libreriahistoriasdebolsillo.com\/index.php\/wp-json\/wp\/v2\/product_brand?post=8109"},{"taxonomy":"product_cat","embeddable":true,"href":"https:\/\/libreriahistoriasdebolsillo.com\/index.php\/wp-json\/wp\/v2\/product_cat?post=8109"},{"taxonomy":"product_tag","embeddable":true,"href":"https:\/\/libreriahistoriasdebolsillo.com\/index.php\/wp-json\/wp\/v2\/product_tag?post=8109"}],"curies":[{"name":"wp","href":"https:\/\/api.w.org\/{rel}","templated":true}]}}