{"id":8111,"date":"2026-02-17T15:25:33","date_gmt":"2026-02-17T21:25:33","guid":{"rendered":"https:\/\/libreriahistoriasdebolsillo.com\/?post_type=product&#038;p=8111"},"modified":"2026-02-24T15:40:27","modified_gmt":"2026-02-24T21:40:27","slug":"el-misterio-de-salems-lot-ed-50-o-aniversario-en-tapa-dura","status":"publish","type":"product","link":"https:\/\/libreriahistoriasdebolsillo.com\/index.php\/producto\/el-misterio-de-salems-lot-ed-50-o-aniversario-en-tapa-dura\/","title":{"rendered":"El misterio de Salem&#8217;s Lot (Ed. 50.\u00ba aniversario en tapa dura)"},"content":{"rendered":"<div class=\"justify\">\n<p><b>Salem&#8217;s Lot es un pueblo tranquilo donde nunca pasa nada. O quiz\u00e1s esto son solo apariencias, pues lo cierto es que s\u00ed se est\u00e1n sucediendo diversos hechos misteriosos, incluso escalofriantes&#8230;<\/b><\/p>\n<\/div>\n<div class=\"justify\">\n<p>Veinte a\u00f1os atr\u00e1s, por una apuesta infantil, Ben Mears entr\u00f3 en la casa de los Marsten. Y lo que vio entonces a\u00fan recorre sus pesadillas. Ahora, como escritor consagrado, vuelve a Salem&#8217;s Lot para exorcizar sus fantasmas.<\/p>\n<p>Salem&#8217;s Lot es un pueblo tranquilo y adormilado donde nunca pasa nada&#8230;, excepto la antigua tragedia de la casa de los Marsten. Y el perro muerto colgado de la verja del cementerio. Y el misterioso hombre que se instal\u00f3 en la casa de los Marsten. Y los ni\u00f1os que desaparecen, los animales que mueren desangrados&#8230; Y la espantosa presencia de\u00a0<i>Ellos<\/i>, quienesquiera que sean\u00a0<i>Ellos<\/i>.<\/p>\n<\/div>\n","protected":false},"excerpt":{"rendered":"<p>Stephen King<br \/>\n616 p\u00e1ginas<\/p>\n","protected":false},"featured_media":8112,"template":"","meta":{"_joinchat":[]},"product_brand":[],"product_cat":[70,36],"product_tag":[34],"class_list":{"0":"post-8111","1":"product","2":"type-product","3":"status-publish","4":"has-post-thumbnail","6":"product_cat-novedades","7":"product_cat-terror-y-paranormal","8":"product_tag-penguin-random-house","10":"first","11":"instock","12":"shipping-taxable","13":"purchasable","14":"product-type-simple"},"_links":{"self":[{"href":"https:\/\/libreriahistoriasdebolsillo.com\/index.php\/wp-json\/wp\/v2\/product\/8111","targetHints":{"allow":["GET"]}}],"collection":[{"href":"https:\/\/libreriahistoriasdebolsillo.com\/index.php\/wp-json\/wp\/v2\/product"}],"about":[{"href":"https:\/\/libreriahistoriasdebolsillo.com\/index.php\/wp-json\/wp\/v2\/types\/product"}],"wp:featuredmedia":[{"embeddable":true,"href":"https:\/\/libreriahistoriasdebolsillo.com\/index.php\/wp-json\/wp\/v2\/media\/8112"}],"wp:attachment":[{"href":"https:\/\/libreriahistoriasdebolsillo.com\/index.php\/wp-json\/wp\/v2\/media?parent=8111"}],"wp:term":[{"taxonomy":"product_brand","embeddable":true,"href":"https:\/\/libreriahistoriasdebolsillo.com\/index.php\/wp-json\/wp\/v2\/product_brand?post=8111"},{"taxonomy":"product_cat","embeddable":true,"href":"https:\/\/libreriahistoriasdebolsillo.com\/index.php\/wp-json\/wp\/v2\/product_cat?post=8111"},{"taxonomy":"product_tag","embeddable":true,"href":"https:\/\/libreriahistoriasdebolsillo.com\/index.php\/wp-json\/wp\/v2\/product_tag?post=8111"}],"curies":[{"name":"wp","href":"https:\/\/api.w.org\/{rel}","templated":true}]}}