{"id":8115,"date":"2026-02-17T15:29:35","date_gmt":"2026-02-17T21:29:35","guid":{"rendered":"https:\/\/libreriahistoriasdebolsillo.com\/?post_type=product&#038;p=8115"},"modified":"2026-05-01T15:55:28","modified_gmt":"2026-05-01T21:55:28","slug":"la-patrulla-del-tiempo","status":"publish","type":"product","link":"https:\/\/libreriahistoriasdebolsillo.com\/index.php\/producto\/la-patrulla-del-tiempo\/","title":{"rendered":"La patrulla del tiempo"},"content":{"rendered":"<div class=\"justify\">\n<p><b>Un cl\u00e1sico indiscutible de ciencia ficci\u00f3n.<\/b><\/p>\n<p><b>\u00abUna de las mejores obras de ciencia ficci\u00f3n de todos los tiempos\u00bb, seg\u00fan Miquel Barcel\u00f3<\/b>.<\/p>\n<\/div>\n<div class=\"justify\">\n<p><i>\u00abLa Patrulla del Tiempo\u00bb es un cl\u00e1sico indiscutible de la ciencia ficci\u00f3n y una obra maestra de la ucron\u00eda, escrita por Poul Anderson, Gran Maestro Nebula y el autor que m\u00e1s premios Hugo ha obtenido en toda la historia del g\u00e9nero.<\/i><\/p>\n<p>En 1960, Anderson publicaba la que entonces parec\u00eda una obra cerrada, Guardianes del Tiempo, en la que se inclu\u00edan cuatro relatos protagonizados por un carism\u00e1tico patrullero del tiempo, Manse Everard. Esas historias hab\u00edan aparecido previamente en la revista\u00a0<i>The Magazine of Fantasy and Science Fiction<\/i>\u00a0y eran, todas ellas, aventuras de una polic\u00eda del tiempo que deb\u00eda vigilar el pasado para evitar que la futura existencia de una m\u00e1quina del tiempo pudiera alterar el devenir de la humanidad. En la d\u00e9cada de 1980 esta serie se ampli\u00f3 con varios t\u00edtulos adicionales en torno al mismo protagonista, hasta completar la presente versi\u00f3n en un solo volumen. Desde entonces, esta asombrosa revisi\u00f3n de la historia de la humanidad se ha convertido en un cl\u00e1sico de la ciencia ficci\u00f3n moderna.<\/p>\n<p>Manse Everard es un patrullero del tiempo, uno de los esforzados paladines que protegen la historia de las alteraciones que una m\u00e1quina del tiempo podr\u00eda introducir en la incierta matriz del futuro. En sus diversas aventuras por el pasado, lo vemos intrigando entre los persas de Cambises, Astiages y Ciro en su guerra con Grecia; con los conquistadores espa\u00f1oles y el imperio inca; con los vikingos y godos en la Escandinavia regida por Od\u00edn; en la Jerusal\u00e9n de David y Salom\u00f3n; en la Germania invadida por Roma y en otros muchos momentos cruciales del pasado dela humanidad.<\/p>\n<p><b>El resultado es una maravillosa visi\u00f3n de la Historia que fue, pudo ser y tal vez ser\u00e1, con todo el sabor de la mejor especulaci\u00f3n y la paradoja temporal.<\/b><\/p>\n<\/div>\n","protected":false},"excerpt":{"rendered":"<p>Poul Anderson<br \/>\n736 p\u00e1ginas<\/p>\n","protected":false},"featured_media":8116,"template":"","meta":{"_joinchat":[]},"product_brand":[],"product_cat":[40,70],"product_tag":[34],"class_list":{"0":"post-8115","1":"product","2":"type-product","3":"status-publish","4":"has-post-thumbnail","6":"product_cat-ciencia-ficcion","7":"product_cat-novedades","8":"product_tag-penguin-random-house","10":"first","11":"outofstock","12":"shipping-taxable","13":"purchasable","14":"product-type-simple"},"_links":{"self":[{"href":"https:\/\/libreriahistoriasdebolsillo.com\/index.php\/wp-json\/wp\/v2\/product\/8115","targetHints":{"allow":["GET"]}}],"collection":[{"href":"https:\/\/libreriahistoriasdebolsillo.com\/index.php\/wp-json\/wp\/v2\/product"}],"about":[{"href":"https:\/\/libreriahistoriasdebolsillo.com\/index.php\/wp-json\/wp\/v2\/types\/product"}],"wp:featuredmedia":[{"embeddable":true,"href":"https:\/\/libreriahistoriasdebolsillo.com\/index.php\/wp-json\/wp\/v2\/media\/8116"}],"wp:attachment":[{"href":"https:\/\/libreriahistoriasdebolsillo.com\/index.php\/wp-json\/wp\/v2\/media?parent=8115"}],"wp:term":[{"taxonomy":"product_brand","embeddable":true,"href":"https:\/\/libreriahistoriasdebolsillo.com\/index.php\/wp-json\/wp\/v2\/product_brand?post=8115"},{"taxonomy":"product_cat","embeddable":true,"href":"https:\/\/libreriahistoriasdebolsillo.com\/index.php\/wp-json\/wp\/v2\/product_cat?post=8115"},{"taxonomy":"product_tag","embeddable":true,"href":"https:\/\/libreriahistoriasdebolsillo.com\/index.php\/wp-json\/wp\/v2\/product_tag?post=8115"}],"curies":[{"name":"wp","href":"https:\/\/api.w.org\/{rel}","templated":true}]}}