{"id":8117,"date":"2026-02-17T15:31:37","date_gmt":"2026-02-17T21:31:37","guid":{"rendered":"https:\/\/libreriahistoriasdebolsillo.com\/?post_type=product&#038;p=8117"},"modified":"2026-02-17T15:31:37","modified_gmt":"2026-02-17T21:31:37","slug":"carl-el-mazmorrero-2-el-juicio-final-de-carl","status":"publish","type":"product","link":"https:\/\/libreriahistoriasdebolsillo.com\/index.php\/producto\/carl-el-mazmorrero-2-el-juicio-final-de-carl\/","title":{"rendered":"Carl el Mazmorrero 2. El Juicio Final de Carl"},"content":{"rendered":"<div class=\"justify\">\n<p><b>VOLUMEN 2 DE LA SAGA M\u00c1S ADICTIVA Y METE\u00d3RICA. \u00a1M\u00c1S DE 6 MILLONES DE LECTORES!<\/b><\/p>\n<p><b>\u00a1EL ENTRENAMIENTO HA TERMINADO!<\/b><\/p>\n<p>\u00abDinniman va directo a lo que importa: que te lo pases bien\u00bb.<b>\u00a03DJUEGOS<\/b><\/p>\n<p>\u00abEl\u00a0<i>blockbuster<\/i>\u00a0de la literatura: fren\u00e9tico y adictivo\u00bb.<b>\u00a0RTVE<\/b><\/p>\n<p>\u00abQu\u00e9 pedazo de saga es Carl el Mazmorrero. Leedla, por favor\u00bb.<b>\u00a0ISMA PRIEGO, @WISMICHU<\/b><\/p>\n<p>\u00abTodo es gamberro, descarado, violento, irreverente \u00a1y muy divertido!\u00bb.\u00a0<b>CHICOTE<\/b><\/p>\n<p>\u00abUna saga de aventuras c\u00f3micas (y c\u00f3smicas) que te hace re\u00edr a carcajada limpia\u00bb.\u00a0<b><i>THE WALL STREET JOURNAL<\/i><\/b><\/p>\n<p>\u00abConsigue que no se te borre la sonrisa de la cara mientras lo lees. Prep\u00e1rate para una lectura deliciosa\u00bb.\u00a0<b>KEVIN J. ANDERSON<\/b><\/p>\n<p><b>Un nuevo piso con nuevos desaf\u00edos. Y Carl sigue sin pantalones.<\/b><\/p>\n<\/div>\n<div class=\"justify\">\n<p>Empieza la nueva temporada del concurso m\u00e1s visto de la galaxia: Planeta mazmorrero. En el tercer piso, Carl y la Princesa D\u00f3nut deber\u00e1n esforzarse m\u00e1s que nunca. Ya han demostrado que un veterano de la Guardia Costera y una integrante de la realeza felina pueden formar un equipo casi imparable. Y aunque tienen una audiencia bestial, los espectadores son insaciables y la mazmorra es cada vez m\u00e1s peligrosa. Tendr\u00e1n que darlo todo si quieren sobrevivir a esa picadora de carne dise\u00f1ada para destrozar y luego escupir a los mazmorreros.<\/p>\n<p>Un circo de muertos vivientes deambula por las ruinas de la Ciudad Ep\u00edgea, una pr\u00f3spera metr\u00f3polis que fue devastada por una misteriosa desgracia. Mujeres asesinadas caen del cielo. Un antiguo conjuro est\u00e1 a punto de desvelar su aciago prop\u00f3sito.<\/p>\n<p>\u00bfPodr\u00e1n Carl y la Princesa D\u00f3nut resolver el misterio a tiempo?<\/p>\n<\/div>\n","protected":false},"excerpt":{"rendered":"<p>Matt Dinniman<br \/>\n384 p\u00e1ginas<\/p>\n","protected":false},"featured_media":8118,"template":"","meta":{"_joinchat":[]},"product_brand":[],"product_cat":[40,77,70],"product_tag":[34],"class_list":{"0":"post-8117","1":"product","2":"type-product","3":"status-publish","4":"has-post-thumbnail","6":"product_cat-ciencia-ficcion","7":"product_cat-fantasia-urbana","8":"product_cat-novedades","9":"product_tag-penguin-random-house","11":"first","12":"outofstock","13":"shipping-taxable","14":"purchasable","15":"product-type-simple"},"_links":{"self":[{"href":"https:\/\/libreriahistoriasdebolsillo.com\/index.php\/wp-json\/wp\/v2\/product\/8117","targetHints":{"allow":["GET"]}}],"collection":[{"href":"https:\/\/libreriahistoriasdebolsillo.com\/index.php\/wp-json\/wp\/v2\/product"}],"about":[{"href":"https:\/\/libreriahistoriasdebolsillo.com\/index.php\/wp-json\/wp\/v2\/types\/product"}],"wp:featuredmedia":[{"embeddable":true,"href":"https:\/\/libreriahistoriasdebolsillo.com\/index.php\/wp-json\/wp\/v2\/media\/8118"}],"wp:attachment":[{"href":"https:\/\/libreriahistoriasdebolsillo.com\/index.php\/wp-json\/wp\/v2\/media?parent=8117"}],"wp:term":[{"taxonomy":"product_brand","embeddable":true,"href":"https:\/\/libreriahistoriasdebolsillo.com\/index.php\/wp-json\/wp\/v2\/product_brand?post=8117"},{"taxonomy":"product_cat","embeddable":true,"href":"https:\/\/libreriahistoriasdebolsillo.com\/index.php\/wp-json\/wp\/v2\/product_cat?post=8117"},{"taxonomy":"product_tag","embeddable":true,"href":"https:\/\/libreriahistoriasdebolsillo.com\/index.php\/wp-json\/wp\/v2\/product_tag?post=8117"}],"curies":[{"name":"wp","href":"https:\/\/api.w.org\/{rel}","templated":true}]}}