{"id":8119,"date":"2026-02-17T15:33:57","date_gmt":"2026-02-17T21:33:57","guid":{"rendered":"https:\/\/libreriahistoriasdebolsillo.com\/?post_type=product&#038;p=8119"},"modified":"2026-02-24T15:40:12","modified_gmt":"2026-02-24T21:40:12","slug":"todos-los-cuentos","status":"publish","type":"product","link":"https:\/\/libreriahistoriasdebolsillo.com\/index.php\/producto\/todos-los-cuentos\/","title":{"rendered":"Todos los cuentos"},"content":{"rendered":"<div class=\"justify\">\n<p align=\"JUSTIFY\">Este libro re\u00fane todos los cuentos de una de las escritoras m\u00e1s importantes de la literatura espa\u00f1ola del siglo XX, un g\u00e9nero que cultiv\u00f3 desde el inicio hasta el final de su vida, y que le sirvi\u00f3 para explorar la extra\u00f1eza y el inconformismo ante lo cotidiano.<\/p>\n<\/div>\n<div class=\"justify\">\n<p align=\"JUSTIFY\">Todos los cuentos de Carmen Mart\u00edn Gaite, desde su primera juventud hasta los \u00faltimos a\u00f1os de su vida. Todos los cuentos de una de las escritoras m\u00e1s importantes de la literatura espa\u00f1ola del siglo XX.<\/p>\n<p align=\"JUSTIFY\">\u00abEl cuento fue un g\u00e9nero decisivo en la formaci\u00f3n de la escritora salmantina, y lo cultiv\u00f3, con mayor o menor intermitencia, a lo largo de toda su singladura. El hilo de continuidad de su narrativa breve fue la extra\u00f1eza ante lo cotidiano. El cuento respondi\u00f3 a su amor por todo lo inaprensible, por atender a un trozo de vida irrelevante y por explorarlo demoradamente [\u2026] Fue sin duda un formato propicio por su brevedad para recoger, a trav\u00e9s de la t\u00e9cnica del apunte impresionista, el tono menor de la existencia, ese material min\u00fasculo, fragmentario y en continua mudanza al que cuadran mal las nociones de principio y final\u00bb.<\/p>\n<p>Jos\u00e9 Teruel<\/p>\n<\/div>\n","protected":false},"excerpt":{"rendered":"<p>Carmen Mart\u00edn Gaite<br \/>\n568 p\u00e1ginas<\/p>\n","protected":false},"featured_media":8120,"template":"","meta":{"_joinchat":[]},"product_brand":[],"product_cat":[33,70],"product_tag":[34],"class_list":{"0":"post-8119","1":"product","2":"type-product","3":"status-publish","4":"has-post-thumbnail","6":"product_cat-ficcion-general","7":"product_cat-novedades","8":"product_tag-penguin-random-house","10":"first","11":"instock","12":"shipping-taxable","13":"purchasable","14":"product-type-simple"},"_links":{"self":[{"href":"https:\/\/libreriahistoriasdebolsillo.com\/index.php\/wp-json\/wp\/v2\/product\/8119","targetHints":{"allow":["GET"]}}],"collection":[{"href":"https:\/\/libreriahistoriasdebolsillo.com\/index.php\/wp-json\/wp\/v2\/product"}],"about":[{"href":"https:\/\/libreriahistoriasdebolsillo.com\/index.php\/wp-json\/wp\/v2\/types\/product"}],"wp:featuredmedia":[{"embeddable":true,"href":"https:\/\/libreriahistoriasdebolsillo.com\/index.php\/wp-json\/wp\/v2\/media\/8120"}],"wp:attachment":[{"href":"https:\/\/libreriahistoriasdebolsillo.com\/index.php\/wp-json\/wp\/v2\/media?parent=8119"}],"wp:term":[{"taxonomy":"product_brand","embeddable":true,"href":"https:\/\/libreriahistoriasdebolsillo.com\/index.php\/wp-json\/wp\/v2\/product_brand?post=8119"},{"taxonomy":"product_cat","embeddable":true,"href":"https:\/\/libreriahistoriasdebolsillo.com\/index.php\/wp-json\/wp\/v2\/product_cat?post=8119"},{"taxonomy":"product_tag","embeddable":true,"href":"https:\/\/libreriahistoriasdebolsillo.com\/index.php\/wp-json\/wp\/v2\/product_tag?post=8119"}],"curies":[{"name":"wp","href":"https:\/\/api.w.org\/{rel}","templated":true}]}}