{"id":812,"date":"2023-11-20T17:41:51","date_gmt":"2023-11-20T23:41:51","guid":{"rendered":"https:\/\/libreriahistoriasdebolsillo.com\/?post_type=product&#038;p=812"},"modified":"2025-12-04T18:51:02","modified_gmt":"2025-12-05T00:51:02","slug":"belle-morte-1","status":"publish","type":"product","link":"https:\/\/libreriahistoriasdebolsillo.com\/index.php\/producto\/belle-morte-1\/","title":{"rendered":"Belle Morte 1"},"content":{"rendered":"<p><span class=\"a-text-bold\">Amigos, traiciones, amores imposibles, colmillos afilados, sangre de un intenso color carmes\u00ed y un secreto terrible. Bienvenidos a Belle Morte. Cierra al entrar. Pero cuidado&#8230; puede que jam\u00e1s vuelvas salir.<\/span><\/p>\n<p>SOLO HAY UNA SALIDA. Han pasado cinco a\u00f1os desde que la existencia de los vampiros se hiciese p\u00fablica, convirti\u00e9ndolos en aut\u00e9nticas celebridades. Entre los humanos cada vez es m\u00e1s com\u00fan querer convertirse en donantes de sangre de estas criaturas. Muchos lo hacen para sentir de cerca el glamour de la fama, pero para Renie Mayfield convertirse en una elegida es cuesti\u00f3n de vida o muerte. Despu\u00e9s de cumplir su objetivo, Reenie es asignada a la Belle Morte, una de las casas vamp\u00edricas m\u00e1s famosas y la misma en la que su hermana desapareci\u00f3 hace cinco meses sin dejar rastro. Decidida a recuperarla, Renie se embarcar\u00e1 en una misi\u00f3n peligrosa en busca de respuestas que solo una persona parece tener: Edmond Dant\u00e9s, el vampiro m\u00e1s temido y ahora tambi\u00e9n su enemigo mortal.<\/p>\n","protected":false},"excerpt":{"rendered":"<p>Bella Higgin<\/p>\n","protected":false},"featured_media":813,"template":"","meta":{"_joinchat":[]},"product_brand":[],"product_cat":[79,39,52],"product_tag":[34,57],"class_list":{"0":"post-812","1":"product","2":"type-product","3":"status-publish","4":"has-post-thumbnail","6":"product_cat-campana-punto-naranja","7":"product_cat-fantasia","8":"product_cat-juvenil","9":"product_tag-penguin-random-house","10":"product_tag-wattpad","12":"first","13":"instock","14":"sale","15":"shipping-taxable","16":"purchasable","17":"product-type-simple"},"_links":{"self":[{"href":"https:\/\/libreriahistoriasdebolsillo.com\/index.php\/wp-json\/wp\/v2\/product\/812","targetHints":{"allow":["GET"]}}],"collection":[{"href":"https:\/\/libreriahistoriasdebolsillo.com\/index.php\/wp-json\/wp\/v2\/product"}],"about":[{"href":"https:\/\/libreriahistoriasdebolsillo.com\/index.php\/wp-json\/wp\/v2\/types\/product"}],"wp:featuredmedia":[{"embeddable":true,"href":"https:\/\/libreriahistoriasdebolsillo.com\/index.php\/wp-json\/wp\/v2\/media\/813"}],"wp:attachment":[{"href":"https:\/\/libreriahistoriasdebolsillo.com\/index.php\/wp-json\/wp\/v2\/media?parent=812"}],"wp:term":[{"taxonomy":"product_brand","embeddable":true,"href":"https:\/\/libreriahistoriasdebolsillo.com\/index.php\/wp-json\/wp\/v2\/product_brand?post=812"},{"taxonomy":"product_cat","embeddable":true,"href":"https:\/\/libreriahistoriasdebolsillo.com\/index.php\/wp-json\/wp\/v2\/product_cat?post=812"},{"taxonomy":"product_tag","embeddable":true,"href":"https:\/\/libreriahistoriasdebolsillo.com\/index.php\/wp-json\/wp\/v2\/product_tag?post=812"}],"curies":[{"name":"wp","href":"https:\/\/api.w.org\/{rel}","templated":true}]}}