{"id":8121,"date":"2026-02-17T15:35:28","date_gmt":"2026-02-17T21:35:28","guid":{"rendered":"https:\/\/libreriahistoriasdebolsillo.com\/?post_type=product&#038;p=8121"},"modified":"2026-02-24T15:40:07","modified_gmt":"2026-02-24T21:40:07","slug":"v2","status":"publish","type":"product","link":"https:\/\/libreriahistoriasdebolsillo.com\/index.php\/producto\/v2\/","title":{"rendered":"V2"},"content":{"rendered":"<div class=\"justify\">\n<p><b>Vuelve el autor de\u00a0<\/b><i><b>Munich\u00a0<\/b><\/i><b>y\u00a0<\/b><i><b>Patria<\/b><\/i><b>.<\/b><\/p>\n<p><b>Al borde de la derrota, Hitler encarga 10.000 misiles V2 con los que<\/b><\/p>\n<p><b>espera aniquilar Londres&#8230; y ganar la guerra.<\/b><\/p>\n<\/div>\n<div class=\"justify\">\n<p><b>Noviembre de 1944<\/b>. Rudi Graf es un ingeniero alem\u00e1n que so\u00f1aba con enviar cohetes a la luna, al que la guerra ha llevado hasta una peque\u00f1a localidad de la costa de Holanda. All\u00ed colabora con Wernher von Braun en el lanzamiento de los cohetes V2 que est\u00e1n destruyendo la capital brit\u00e1nica.<\/p>\n<p>Kay Caton-Walsh es una joven oficial que trabaja para el gobierno brit\u00e1nico descifrando im\u00e1genes a\u00e9reas. Tras sobrevivir al ataque de un V2 mientras se encontraba con su amante en una habitaci\u00f3n de hotel, se presenta voluntaria para una misi\u00f3n secreta. En B\u00e9lgica, reci\u00e9n liberada de la ocupaci\u00f3n alemana, se va a montar un operativo para tratar de averiguar la ubicaci\u00f3n desde donde se env\u00edan los cohetes. Armadas con una regla de c\u00e1lculo y algunas ecuaciones, Kay y sus compa\u00f1eras est\u00e1n decididas a localizar y destruir las lanzaderas de los misiles.<\/p>\n<\/div>\n","protected":false},"excerpt":{"rendered":"<p>Robert Harris<br \/>\n304 p\u00e1ginas<\/p>\n","protected":false},"featured_media":8122,"template":"","meta":{"_joinchat":[]},"product_brand":[],"product_cat":[37,70],"product_tag":[],"class_list":{"0":"post-8121","1":"product","2":"type-product","3":"status-publish","4":"has-post-thumbnail","6":"product_cat-misterio-y-thriller","7":"product_cat-novedades","9":"first","10":"instock","11":"shipping-taxable","12":"purchasable","13":"product-type-simple"},"_links":{"self":[{"href":"https:\/\/libreriahistoriasdebolsillo.com\/index.php\/wp-json\/wp\/v2\/product\/8121","targetHints":{"allow":["GET"]}}],"collection":[{"href":"https:\/\/libreriahistoriasdebolsillo.com\/index.php\/wp-json\/wp\/v2\/product"}],"about":[{"href":"https:\/\/libreriahistoriasdebolsillo.com\/index.php\/wp-json\/wp\/v2\/types\/product"}],"wp:featuredmedia":[{"embeddable":true,"href":"https:\/\/libreriahistoriasdebolsillo.com\/index.php\/wp-json\/wp\/v2\/media\/8122"}],"wp:attachment":[{"href":"https:\/\/libreriahistoriasdebolsillo.com\/index.php\/wp-json\/wp\/v2\/media?parent=8121"}],"wp:term":[{"taxonomy":"product_brand","embeddable":true,"href":"https:\/\/libreriahistoriasdebolsillo.com\/index.php\/wp-json\/wp\/v2\/product_brand?post=8121"},{"taxonomy":"product_cat","embeddable":true,"href":"https:\/\/libreriahistoriasdebolsillo.com\/index.php\/wp-json\/wp\/v2\/product_cat?post=8121"},{"taxonomy":"product_tag","embeddable":true,"href":"https:\/\/libreriahistoriasdebolsillo.com\/index.php\/wp-json\/wp\/v2\/product_tag?post=8121"}],"curies":[{"name":"wp","href":"https:\/\/api.w.org\/{rel}","templated":true}]}}