{"id":8130,"date":"2026-02-24T15:48:14","date_gmt":"2026-02-24T21:48:14","guid":{"rendered":"https:\/\/libreriahistoriasdebolsillo.com\/?post_type=product&#038;p=8130"},"modified":"2026-02-24T16:16:21","modified_gmt":"2026-02-24T22:16:21","slug":"cumbres-borrascosas-ed-tapa-dura-y-cantos-pintados","status":"publish","type":"product","link":"https:\/\/libreriahistoriasdebolsillo.com\/index.php\/producto\/cumbres-borrascosas-ed-tapa-dura-y-cantos-pintados\/","title":{"rendered":"Cumbres borrascosas (Ed. tapa dura y cantos pintados)"},"content":{"rendered":"<p>Cumbres Borrascosas (1847) es una de las novelas m\u00e1s populares de todos los tiempos, quiz\u00e1 la novela rom\u00e1ntica por excelencia. Primera y \u00fanica obra de la enigm\u00e1tica Emily Br\u00f6nte, narra la tr\u00e1gica e imposible historia de amor entre Catherine y Heathcliff. Catherine es hija del propietario de una casa solariega llamada Cumbres Borrascosas, adonde un d\u00eda este lleva un ni\u00f1o abandonado, un peque\u00f1o salvaje de piel oscura y habla ininteligible del que solo saben su nombre: Heathcliff. La irrupci\u00f3n de ese turbador personaje cambia para siempre la vida de la familia. En contra del mito popular, Cumbres Borrascosas es una de las historias de amor m\u00e1s subversivas y estremecedoras de todos los tiempos, un cl\u00e1sico de lectura inagotable cuya traducci\u00f3n ha sido revisada para esta nueva edici\u00f3n.<\/p>\n","protected":false},"excerpt":{"rendered":"<p>Emily Bront\u00eb<br \/>\n416 p\u00e1ginas<\/p>\n","protected":false},"featured_media":8131,"template":"","meta":{"_joinchat":[]},"product_brand":[],"product_cat":[42,70],"product_tag":[34],"class_list":{"0":"post-8130","1":"product","2":"type-product","3":"status-publish","4":"has-post-thumbnail","6":"product_cat-literatura-clasica","7":"product_cat-novedades","8":"product_tag-penguin-random-house","10":"first","11":"outofstock","12":"shipping-taxable","13":"purchasable","14":"product-type-simple"},"_links":{"self":[{"href":"https:\/\/libreriahistoriasdebolsillo.com\/index.php\/wp-json\/wp\/v2\/product\/8130","targetHints":{"allow":["GET"]}}],"collection":[{"href":"https:\/\/libreriahistoriasdebolsillo.com\/index.php\/wp-json\/wp\/v2\/product"}],"about":[{"href":"https:\/\/libreriahistoriasdebolsillo.com\/index.php\/wp-json\/wp\/v2\/types\/product"}],"wp:featuredmedia":[{"embeddable":true,"href":"https:\/\/libreriahistoriasdebolsillo.com\/index.php\/wp-json\/wp\/v2\/media\/8131"}],"wp:attachment":[{"href":"https:\/\/libreriahistoriasdebolsillo.com\/index.php\/wp-json\/wp\/v2\/media?parent=8130"}],"wp:term":[{"taxonomy":"product_brand","embeddable":true,"href":"https:\/\/libreriahistoriasdebolsillo.com\/index.php\/wp-json\/wp\/v2\/product_brand?post=8130"},{"taxonomy":"product_cat","embeddable":true,"href":"https:\/\/libreriahistoriasdebolsillo.com\/index.php\/wp-json\/wp\/v2\/product_cat?post=8130"},{"taxonomy":"product_tag","embeddable":true,"href":"https:\/\/libreriahistoriasdebolsillo.com\/index.php\/wp-json\/wp\/v2\/product_tag?post=8130"}],"curies":[{"name":"wp","href":"https:\/\/api.w.org\/{rel}","templated":true}]}}