{"id":8144,"date":"2026-02-26T14:32:12","date_gmt":"2026-02-26T20:32:12","guid":{"rendered":"https:\/\/libreriahistoriasdebolsillo.com\/?post_type=product&#038;p=8144"},"modified":"2026-03-11T22:30:48","modified_gmt":"2026-03-12T04:30:48","slug":"libro-de-actividades-las-guerreras-k-pop","status":"publish","type":"product","link":"https:\/\/libreriahistoriasdebolsillo.com\/index.php\/producto\/libro-de-actividades-las-guerreras-k-pop\/","title":{"rendered":"Libro de actividades Las Guerreras K-Pop"},"content":{"rendered":"<p>El libro de actividades imprescindible para los fans que no se cansan de las guerreras K-pop. \u00a1 Sum\u00e9rgete en el universo de Huntr\/x con este cuaderno no oficial repleto de desaf\u00edos creativos! Dise\u00f1a outfits dignos de cazadoras de demonios, inventa nuevas tramas, encuentra tus letras favoritas, pon a prueba tu memoria sobre los momentos m\u00e1s ic\u00f3nicos de la pel\u00edcula\u2026 y mucho m\u00e1s. Ya sea que te fascinen las batallas sobrenaturales, las amistades entra\u00f1ables o los instantes musicales llenos de magia, este libro te invita a dibujar, escribir, resolver y so\u00f1ar para adentrarte a\u00fan m\u00e1s en la historia que ha conquistado a fans de todo el mundo. \u2022 Ofrece tanto a fans como a lectores en general una forma interactiva de sumergirse en el universo K-pop. \u2022 La variedad y la cantidad de actividades convierte a este libro en un entretenimiento completo y una forma de ejercitar la mente y la creatividad.<\/p>\n","protected":false},"excerpt":{"rendered":"<p>El libro de actividades imprescindible para los fans que no se cansan de las guerreras K-pop. \u00a1 Sum\u00e9rgete en el universo de Huntr\/x con este cuaderno no oficial repleto de desaf\u00edos creativos! Dise\u00f1a outfits dignos de cazadoras de demonios, inventa nuevas tramas, encuentra tus letras favoritas, pon a prueba tu memoria sobre los momentos m\u00e1s [&hellip;]<\/p>\n","protected":false},"featured_media":8145,"template":"","meta":{"_joinchat":[]},"product_brand":[],"product_cat":[54,70],"product_tag":[48],"class_list":{"0":"post-8144","1":"product","2":"type-product","3":"status-publish","4":"has-post-thumbnail","6":"product_cat-infantil","7":"product_cat-novedades","8":"product_tag-vr-editoras","10":"first","11":"instock","12":"shipping-taxable","13":"purchasable","14":"product-type-simple"},"_links":{"self":[{"href":"https:\/\/libreriahistoriasdebolsillo.com\/index.php\/wp-json\/wp\/v2\/product\/8144","targetHints":{"allow":["GET"]}}],"collection":[{"href":"https:\/\/libreriahistoriasdebolsillo.com\/index.php\/wp-json\/wp\/v2\/product"}],"about":[{"href":"https:\/\/libreriahistoriasdebolsillo.com\/index.php\/wp-json\/wp\/v2\/types\/product"}],"wp:featuredmedia":[{"embeddable":true,"href":"https:\/\/libreriahistoriasdebolsillo.com\/index.php\/wp-json\/wp\/v2\/media\/8145"}],"wp:attachment":[{"href":"https:\/\/libreriahistoriasdebolsillo.com\/index.php\/wp-json\/wp\/v2\/media?parent=8144"}],"wp:term":[{"taxonomy":"product_brand","embeddable":true,"href":"https:\/\/libreriahistoriasdebolsillo.com\/index.php\/wp-json\/wp\/v2\/product_brand?post=8144"},{"taxonomy":"product_cat","embeddable":true,"href":"https:\/\/libreriahistoriasdebolsillo.com\/index.php\/wp-json\/wp\/v2\/product_cat?post=8144"},{"taxonomy":"product_tag","embeddable":true,"href":"https:\/\/libreriahistoriasdebolsillo.com\/index.php\/wp-json\/wp\/v2\/product_tag?post=8144"}],"curies":[{"name":"wp","href":"https:\/\/api.w.org\/{rel}","templated":true}]}}