{"id":8146,"date":"2026-02-26T14:34:22","date_gmt":"2026-02-26T20:34:22","guid":{"rendered":"https:\/\/libreriahistoriasdebolsillo.com\/?post_type=product&#038;p=8146"},"modified":"2026-02-26T14:34:22","modified_gmt":"2026-02-26T20:34:22","slug":"harry-potter-coleccion-de-stickers","status":"publish","type":"product","link":"https:\/\/libreriahistoriasdebolsillo.com\/index.php\/producto\/harry-potter-coleccion-de-stickers\/","title":{"rendered":"Harry Potter: Colecci\u00f3n de stickers"},"content":{"rendered":"<p>\u00a1Sum\u00e9rgete en el m\u00e1gico mundo de las pel\u00edculas de Harry Potter! En estas p\u00e1ginas podr\u00e1s encontrar m\u00e1s de 400 stickers reutilizables de los personajes, criaturas y objetos m\u00e1gicos de las ocho pel\u00edculas de la saga de Harry Potter. \u00danete a Harry, Hermione y Ron a lo largo de sus a\u00f1os en Hogwarts y explora a su lado lugares como Hogsmeade y el Ministerio de Magia. Dale nueva vida a tus momentos favoritos de las pel\u00edculas y usa los stickers las veces que quieras. Acompa\u00f1a al ni\u00f1o que vivi\u00f3 y sus valientes amigos mientras se enfrentan a Voldemort y sus Mort\u00edfagos, conocen a la Orden del F\u00e9nix, visitan a Fred y George en Sortilegios Weasley, y asisten a sus partidos de Quidditch. \u00a1Incluye stickers de todas las pel\u00edculas!<\/p>\n","protected":false},"excerpt":{"rendered":"<p>\u00a1Sum\u00e9rgete en el m\u00e1gico mundo de las pel\u00edculas de Harry Potter! En estas p\u00e1ginas podr\u00e1s encontrar m\u00e1s de 400 stickers reutilizables de los personajes, criaturas y objetos m\u00e1gicos de las ocho pel\u00edculas de la saga de Harry Potter. \u00danete a Harry, Hermione y Ron a lo largo de sus a\u00f1os en Hogwarts y explora a [&hellip;]<\/p>\n","protected":false},"featured_media":8147,"template":"","meta":{"_joinchat":[]},"product_brand":[],"product_cat":[54,52,70],"product_tag":[48],"class_list":{"0":"post-8146","1":"product","2":"type-product","3":"status-publish","4":"has-post-thumbnail","6":"product_cat-infantil","7":"product_cat-juvenil","8":"product_cat-novedades","9":"product_tag-vr-editoras","11":"first","12":"instock","13":"shipping-taxable","14":"purchasable","15":"product-type-simple"},"_links":{"self":[{"href":"https:\/\/libreriahistoriasdebolsillo.com\/index.php\/wp-json\/wp\/v2\/product\/8146","targetHints":{"allow":["GET"]}}],"collection":[{"href":"https:\/\/libreriahistoriasdebolsillo.com\/index.php\/wp-json\/wp\/v2\/product"}],"about":[{"href":"https:\/\/libreriahistoriasdebolsillo.com\/index.php\/wp-json\/wp\/v2\/types\/product"}],"wp:featuredmedia":[{"embeddable":true,"href":"https:\/\/libreriahistoriasdebolsillo.com\/index.php\/wp-json\/wp\/v2\/media\/8147"}],"wp:attachment":[{"href":"https:\/\/libreriahistoriasdebolsillo.com\/index.php\/wp-json\/wp\/v2\/media?parent=8146"}],"wp:term":[{"taxonomy":"product_brand","embeddable":true,"href":"https:\/\/libreriahistoriasdebolsillo.com\/index.php\/wp-json\/wp\/v2\/product_brand?post=8146"},{"taxonomy":"product_cat","embeddable":true,"href":"https:\/\/libreriahistoriasdebolsillo.com\/index.php\/wp-json\/wp\/v2\/product_cat?post=8146"},{"taxonomy":"product_tag","embeddable":true,"href":"https:\/\/libreriahistoriasdebolsillo.com\/index.php\/wp-json\/wp\/v2\/product_tag?post=8146"}],"curies":[{"name":"wp","href":"https:\/\/api.w.org\/{rel}","templated":true}]}}