{"id":8150,"date":"2026-02-26T14:39:17","date_gmt":"2026-02-26T20:39:17","guid":{"rendered":"https:\/\/libreriahistoriasdebolsillo.com\/?post_type=product&#038;p=8150"},"modified":"2026-02-26T14:39:17","modified_gmt":"2026-02-26T20:39:17","slug":"quien-quiere-ser-maudie-mcguinn","status":"publish","type":"product","link":"https:\/\/libreriahistoriasdebolsillo.com\/index.php\/producto\/quien-quiere-ser-maudie-mcguinn\/","title":{"rendered":"\u00bfQui\u00e9n quiere ser Maudie McGuinn?"},"content":{"rendered":"<p>Maudie McGinn no es normal. Al menos, eso es lo que siempre le han dicho. Su cabeza va muy r\u00e1pido y a veces se bloquea con los ruidos fuertes. Las emociones le explotan por dentro. Su mam\u00e1 dice que act\u00fae \u201cnormal\u201d y su padrastro\u2026 Bueno, ese es un tema del que Maudie preferir\u00eda no hablar. Pero este verano, lejos del control de su madre y en un peque\u00f1o pueblo costero con su pap\u00e1, Maudie empieza a preguntarse algo diferente: \u00bfy si no est\u00e1 rota? Entre secretos que queman, olas que sanan y nuevas amistades, Maudie descubre una parte de s\u00ed misma que no conoc\u00eda. Y se enfrenta a una gran decisi\u00f3n: \u00bfSe atrever\u00e1 a ser ella misma o seguir\u00e1 nadando contracorriente?<\/p>\n","protected":false},"excerpt":{"rendered":"<p>Sally J. Pla<br \/>\n312 p\u00e1ginas<\/p>\n","protected":false},"featured_media":8151,"template":"","meta":{"_joinchat":[]},"product_brand":[],"product_cat":[52,70],"product_tag":[48],"class_list":{"0":"post-8150","1":"product","2":"type-product","3":"status-publish","4":"has-post-thumbnail","6":"product_cat-juvenil","7":"product_cat-novedades","8":"product_tag-vr-editoras","10":"first","11":"instock","12":"shipping-taxable","13":"purchasable","14":"product-type-simple"},"_links":{"self":[{"href":"https:\/\/libreriahistoriasdebolsillo.com\/index.php\/wp-json\/wp\/v2\/product\/8150","targetHints":{"allow":["GET"]}}],"collection":[{"href":"https:\/\/libreriahistoriasdebolsillo.com\/index.php\/wp-json\/wp\/v2\/product"}],"about":[{"href":"https:\/\/libreriahistoriasdebolsillo.com\/index.php\/wp-json\/wp\/v2\/types\/product"}],"wp:featuredmedia":[{"embeddable":true,"href":"https:\/\/libreriahistoriasdebolsillo.com\/index.php\/wp-json\/wp\/v2\/media\/8151"}],"wp:attachment":[{"href":"https:\/\/libreriahistoriasdebolsillo.com\/index.php\/wp-json\/wp\/v2\/media?parent=8150"}],"wp:term":[{"taxonomy":"product_brand","embeddable":true,"href":"https:\/\/libreriahistoriasdebolsillo.com\/index.php\/wp-json\/wp\/v2\/product_brand?post=8150"},{"taxonomy":"product_cat","embeddable":true,"href":"https:\/\/libreriahistoriasdebolsillo.com\/index.php\/wp-json\/wp\/v2\/product_cat?post=8150"},{"taxonomy":"product_tag","embeddable":true,"href":"https:\/\/libreriahistoriasdebolsillo.com\/index.php\/wp-json\/wp\/v2\/product_tag?post=8150"}],"curies":[{"name":"wp","href":"https:\/\/api.w.org\/{rel}","templated":true}]}}