{"id":8152,"date":"2026-02-26T14:42:02","date_gmt":"2026-02-26T20:42:02","guid":{"rendered":"https:\/\/libreriahistoriasdebolsillo.com\/?post_type=product&#038;p=8152"},"modified":"2026-03-13T12:42:07","modified_gmt":"2026-03-13T18:42:07","slug":"bienvenidos-al-fae-cafe","status":"publish","type":"product","link":"https:\/\/libreriahistoriasdebolsillo.com\/index.php\/producto\/bienvenidos-al-fae-cafe\/","title":{"rendered":"Bienvenidos al Fae Caf\u00e9"},"content":{"rendered":"<p>Una ma\u00f1ana ideal de oto\u00f1o, Kate est\u00e1 leyendo en una cafeter\u00eda cuando accidentalmente mata a un tipo que est\u00e1 siendo grosero&#8230; Uno que resulta ser un sicario que visitaba el reino humano en secreto. Esto provoca que cuatro faes letales vengan a por ella, liderados por el mism\u00edsimo pr\u00edncipe Cressica Albastian, un asesino de temer. Aunque todo se tuerce cuando, tambi\u00e9n por accidente, Kate los convierte en sus esclavos. Ahora, el poderoso pr\u00edncipe de las hadas y sus sicarios se ven obligados a vivir en el mundo de los hombres, \u00bfy qu\u00e9 mejor que ponerlos a trabajar en la cafeter\u00eda? Para lograr integrarse, tendr\u00e1n que aprender a ser amables y a no meterse en peleas de machos alfa. Mientras tanto, el pr\u00edncipe gesta su venganza. Pero Kate lo ha hechizado en m\u00e1s de un sentido. Y cuando la oscuridad llame a la puerta del reino humano, deber\u00e1 tomar una decisi\u00f3n que podr\u00eda costarle todo. Ve por una mantita y una buena taza de caf\u00e9, para descubrir el fantasy rom\u00e1ntico m\u00e1s cozy e hilarante que leer\u00e1s en tu vida.<\/p>\n","protected":false},"excerpt":{"rendered":"<p>Jennifer Kropf<br \/>\n450 p\u00e1ginas<\/p>\n","protected":false},"featured_media":8153,"template":"","meta":{"_joinchat":[]},"product_brand":[],"product_cat":[70,76],"product_tag":[48],"class_list":{"0":"post-8152","1":"product","2":"type-product","3":"status-publish","4":"has-post-thumbnail","6":"product_cat-novedades","7":"product_cat-romantasy","8":"product_tag-vr-editoras","10":"first","11":"instock","12":"shipping-taxable","13":"purchasable","14":"product-type-simple"},"_links":{"self":[{"href":"https:\/\/libreriahistoriasdebolsillo.com\/index.php\/wp-json\/wp\/v2\/product\/8152","targetHints":{"allow":["GET"]}}],"collection":[{"href":"https:\/\/libreriahistoriasdebolsillo.com\/index.php\/wp-json\/wp\/v2\/product"}],"about":[{"href":"https:\/\/libreriahistoriasdebolsillo.com\/index.php\/wp-json\/wp\/v2\/types\/product"}],"wp:featuredmedia":[{"embeddable":true,"href":"https:\/\/libreriahistoriasdebolsillo.com\/index.php\/wp-json\/wp\/v2\/media\/8153"}],"wp:attachment":[{"href":"https:\/\/libreriahistoriasdebolsillo.com\/index.php\/wp-json\/wp\/v2\/media?parent=8152"}],"wp:term":[{"taxonomy":"product_brand","embeddable":true,"href":"https:\/\/libreriahistoriasdebolsillo.com\/index.php\/wp-json\/wp\/v2\/product_brand?post=8152"},{"taxonomy":"product_cat","embeddable":true,"href":"https:\/\/libreriahistoriasdebolsillo.com\/index.php\/wp-json\/wp\/v2\/product_cat?post=8152"},{"taxonomy":"product_tag","embeddable":true,"href":"https:\/\/libreriahistoriasdebolsillo.com\/index.php\/wp-json\/wp\/v2\/product_tag?post=8152"}],"curies":[{"name":"wp","href":"https:\/\/api.w.org\/{rel}","templated":true}]}}