{"id":8154,"date":"2026-02-26T14:44:23","date_gmt":"2026-02-26T20:44:23","guid":{"rendered":"https:\/\/libreriahistoriasdebolsillo.com\/?post_type=product&#038;p=8154"},"modified":"2026-02-26T14:44:23","modified_gmt":"2026-02-26T20:44:23","slug":"con-cualquier-otro-nombre-tapa-dura-y-cantos-pintados","status":"publish","type":"product","link":"https:\/\/libreriahistoriasdebolsillo.com\/index.php\/producto\/con-cualquier-otro-nombre-tapa-dura-y-cantos-pintados\/","title":{"rendered":"Con cualquier otro nombre (Tapa dura y cantos pintados)"},"content":{"rendered":"<p>De la autora best seller de The New York Times llega una novela inspiradora sobre dos mujeres separadas por siglos \u2014una de ellas, la verdadera autora de las obras de Shakespeare\u2014 que se ven obligadas a esconderse detr\u00e1s de otro nombre. En 1581, la joven Emilia Bassano est\u00e1 bajo la tutela de arist\u00f3cratas ingleses. Sus lecciones de idiomas, historia y escritura la han dotado de un agudo ingenio y de un don para contar historias, pero, al igual que la mayor\u00eda de las mujeres de su \u00e9poca, no se le permite tener voz propia. Entonces, comienza a urdir un plan para estrenar en secreto su obra y para ello le paga a un actor llamado William Shakespeare para que la represente. En la actualidad, la joven dramaturga Melina Green acaba de escribir una obra de teatro inspirada en la vida de su antepasada isabelina Emilia Bassano. Sin embargo, su estreno resulta poco probable en un mundo teatral en el que las mujeres enfrentan condiciones desiguales. Mientras Melina se pregunta si se atreve a arriesgarse a fracasar de nuevo, su mejor amigo le quita la decisi\u00f3n de las manos y presenta la obra a un festival bajo un seud\u00f3nimo masculino. Narrada en dos l\u00edneas temporales que se entrelazan, Con cualquier otro nombre es una historia envolvente sobre la ambici\u00f3n, el deseo y el coraje de crear belleza incluso en un mundo que no quiere escuchar. \u00bfDebe una escritora hacer lo que sea necesario para que su historia sobreviva? Basada en fuentes hist\u00f3ricas primarias, esta novela deslumbrante devuelve al nombre de Emilia Bassano el lugar que la historia le neg\u00f3.<\/p>\n","protected":false},"excerpt":{"rendered":"<p>Jodi Picoult<br \/>\n624 p\u00e1ginas<\/p>\n","protected":false},"featured_media":8155,"template":"","meta":{"_joinchat":[]},"product_brand":[],"product_cat":[33,70],"product_tag":[48],"class_list":{"0":"post-8154","1":"product","2":"type-product","3":"status-publish","4":"has-post-thumbnail","6":"product_cat-ficcion-general","7":"product_cat-novedades","8":"product_tag-vr-editoras","10":"first","11":"instock","12":"shipping-taxable","13":"purchasable","14":"product-type-simple"},"_links":{"self":[{"href":"https:\/\/libreriahistoriasdebolsillo.com\/index.php\/wp-json\/wp\/v2\/product\/8154","targetHints":{"allow":["GET"]}}],"collection":[{"href":"https:\/\/libreriahistoriasdebolsillo.com\/index.php\/wp-json\/wp\/v2\/product"}],"about":[{"href":"https:\/\/libreriahistoriasdebolsillo.com\/index.php\/wp-json\/wp\/v2\/types\/product"}],"wp:featuredmedia":[{"embeddable":true,"href":"https:\/\/libreriahistoriasdebolsillo.com\/index.php\/wp-json\/wp\/v2\/media\/8155"}],"wp:attachment":[{"href":"https:\/\/libreriahistoriasdebolsillo.com\/index.php\/wp-json\/wp\/v2\/media?parent=8154"}],"wp:term":[{"taxonomy":"product_brand","embeddable":true,"href":"https:\/\/libreriahistoriasdebolsillo.com\/index.php\/wp-json\/wp\/v2\/product_brand?post=8154"},{"taxonomy":"product_cat","embeddable":true,"href":"https:\/\/libreriahistoriasdebolsillo.com\/index.php\/wp-json\/wp\/v2\/product_cat?post=8154"},{"taxonomy":"product_tag","embeddable":true,"href":"https:\/\/libreriahistoriasdebolsillo.com\/index.php\/wp-json\/wp\/v2\/product_tag?post=8154"}],"curies":[{"name":"wp","href":"https:\/\/api.w.org\/{rel}","templated":true}]}}