{"id":8156,"date":"2026-02-26T14:48:33","date_gmt":"2026-02-26T20:48:33","guid":{"rendered":"https:\/\/libreriahistoriasdebolsillo.com\/?post_type=product&#038;p=8156"},"modified":"2026-02-26T14:48:33","modified_gmt":"2026-02-26T20:48:33","slug":"persiguiendo-lo-salvaje","status":"publish","type":"product","link":"https:\/\/libreriahistoriasdebolsillo.com\/index.php\/producto\/persiguiendo-lo-salvaje\/","title":{"rendered":"Persiguiendo lo salvaje"},"content":{"rendered":"<p>Una veterinaria queda atrapada por una tormenta de nieve en un rancho remoto de Montana junto al \u00fanico hombre con el que definitivamente no deber\u00eda fantasear: el atractivo y enigm\u00e1tico padre de su exnovio. Siempre he hecho lo que se esperaba de m\u00ed. Layla Birch, la chica buena. Obligada a madurar demasiado pronto, a encargarme de todo yo sola. Ten\u00eda un plan. Solo que no contaba con \u00e9l. Colton Wilder. Un vaquero mucho mayor que yo. Mi hombre so\u00f1ado. El que me cuida, me da trabajo y hace que se me acelere el pulso cada vez que se acerca. El padre de mi exnovio. Las noches son largas y fr\u00edas en lo alto de esta monta\u00f1a. A medida que la nieve se acumula y la tensi\u00f3n entre nosotros aumenta, nos acercamos m\u00e1s y m\u00e1s a una l\u00ednea que no deber\u00edamos cruzar. Cada d\u00eda es m\u00e1s dif\u00edcil resistirse al hombre que me mira con deseo. Es tentador olvidar por una vez lo que significa ser la chica buena. Nadie lo sabr\u00eda&#8230;, \u00bfverdad?<\/p>\n","protected":false},"excerpt":{"rendered":"<p>Elliott Rose<br \/>\n432 p\u00e1ginas<\/p>\n","protected":false},"featured_media":8157,"template":"","meta":{"_joinchat":[]},"product_brand":[],"product_cat":[70,35],"product_tag":[48],"class_list":{"0":"post-8156","1":"product","2":"type-product","3":"status-publish","4":"has-post-thumbnail","6":"product_cat-novedades","7":"product_cat-romantica","8":"product_tag-vr-editoras","10":"first","11":"instock","12":"shipping-taxable","13":"purchasable","14":"product-type-simple"},"_links":{"self":[{"href":"https:\/\/libreriahistoriasdebolsillo.com\/index.php\/wp-json\/wp\/v2\/product\/8156","targetHints":{"allow":["GET"]}}],"collection":[{"href":"https:\/\/libreriahistoriasdebolsillo.com\/index.php\/wp-json\/wp\/v2\/product"}],"about":[{"href":"https:\/\/libreriahistoriasdebolsillo.com\/index.php\/wp-json\/wp\/v2\/types\/product"}],"wp:featuredmedia":[{"embeddable":true,"href":"https:\/\/libreriahistoriasdebolsillo.com\/index.php\/wp-json\/wp\/v2\/media\/8157"}],"wp:attachment":[{"href":"https:\/\/libreriahistoriasdebolsillo.com\/index.php\/wp-json\/wp\/v2\/media?parent=8156"}],"wp:term":[{"taxonomy":"product_brand","embeddable":true,"href":"https:\/\/libreriahistoriasdebolsillo.com\/index.php\/wp-json\/wp\/v2\/product_brand?post=8156"},{"taxonomy":"product_cat","embeddable":true,"href":"https:\/\/libreriahistoriasdebolsillo.com\/index.php\/wp-json\/wp\/v2\/product_cat?post=8156"},{"taxonomy":"product_tag","embeddable":true,"href":"https:\/\/libreriahistoriasdebolsillo.com\/index.php\/wp-json\/wp\/v2\/product_tag?post=8156"}],"curies":[{"name":"wp","href":"https:\/\/api.w.org\/{rel}","templated":true}]}}