{"id":8158,"date":"2026-02-26T14:51:17","date_gmt":"2026-02-26T20:51:17","guid":{"rendered":"https:\/\/libreriahistoriasdebolsillo.com\/?post_type=product&#038;p=8158"},"modified":"2026-02-26T14:52:24","modified_gmt":"2026-02-26T20:52:24","slug":"las-tres-vidas-de-cate-kay","status":"publish","type":"product","link":"https:\/\/libreriahistoriasdebolsillo.com\/index.php\/producto\/las-tres-vidas-de-cate-kay\/","title":{"rendered":"Las tres vidas de Cate Kay"},"content":{"rendered":"<p>Nadie sabe qui\u00e9n es cate kay. Nadie, excepto una mujer. Anne Marie sue\u00f1a con triunfar en Hollywood. Junto a Amanda, su persona favorita en el mundo, planean dejar atr\u00e1s su peque\u00f1o pueblo olvidado para perseguir una vida llena de brillo y glamour. Cass Ford est\u00e1 huyendo y no solo de su pasado. Un terrible accidente la ha impulsado a dejar todo atr\u00e1s y empezar una nueva vida. A todo, excepto a la culpa y a los fantasmas de aquellos a quienes ha traicionado. Cate Kay est\u00e1 en la cima del mundo. Es la escritora del momento, su serie de libros es un \u00e9xito rotundo y las adaptaciones cinematogr\u00e1ficas rompen r\u00e9cords de taquilla. Sin embargo, su identidad es un secreto inviolable, desconocido incluso para las m\u00e1s altas esferas del mundo art\u00edstico. Solo una de estas tres mujeres existe. \u00bfCu\u00e1les son los l\u00edmites de la ambici\u00f3n? \u00bfDe qu\u00e9 ser\u00edas capaz para alcanzar la gloria? Cuando el pasado golpee la misteriosa puerta de Cate Kay, revelando grandes secretos impronunciables, la autora se ver\u00e1 obligada a abrazar el poder de su propia historia, romper por fin su coraza&#8230; Y contarle al mundo la verdad sobre el icono. Sobre la leyenda. Sobre Cate Kay.<\/p>\n","protected":false},"excerpt":{"rendered":"<p>Kate Fagan<br \/>\n408 p\u00e1ginas<\/p>\n","protected":false},"featured_media":8159,"template":"","meta":{"_joinchat":[]},"product_brand":[],"product_cat":[33,38,70],"product_tag":[48],"class_list":{"0":"post-8158","1":"product","2":"type-product","3":"status-publish","4":"has-post-thumbnail","6":"product_cat-ficcion-general","7":"product_cat-lgbtq","8":"product_cat-novedades","9":"product_tag-vr-editoras","11":"first","12":"instock","13":"shipping-taxable","14":"purchasable","15":"product-type-simple"},"_links":{"self":[{"href":"https:\/\/libreriahistoriasdebolsillo.com\/index.php\/wp-json\/wp\/v2\/product\/8158","targetHints":{"allow":["GET"]}}],"collection":[{"href":"https:\/\/libreriahistoriasdebolsillo.com\/index.php\/wp-json\/wp\/v2\/product"}],"about":[{"href":"https:\/\/libreriahistoriasdebolsillo.com\/index.php\/wp-json\/wp\/v2\/types\/product"}],"wp:featuredmedia":[{"embeddable":true,"href":"https:\/\/libreriahistoriasdebolsillo.com\/index.php\/wp-json\/wp\/v2\/media\/8159"}],"wp:attachment":[{"href":"https:\/\/libreriahistoriasdebolsillo.com\/index.php\/wp-json\/wp\/v2\/media?parent=8158"}],"wp:term":[{"taxonomy":"product_brand","embeddable":true,"href":"https:\/\/libreriahistoriasdebolsillo.com\/index.php\/wp-json\/wp\/v2\/product_brand?post=8158"},{"taxonomy":"product_cat","embeddable":true,"href":"https:\/\/libreriahistoriasdebolsillo.com\/index.php\/wp-json\/wp\/v2\/product_cat?post=8158"},{"taxonomy":"product_tag","embeddable":true,"href":"https:\/\/libreriahistoriasdebolsillo.com\/index.php\/wp-json\/wp\/v2\/product_tag?post=8158"}],"curies":[{"name":"wp","href":"https:\/\/api.w.org\/{rel}","templated":true}]}}