{"id":816,"date":"2023-11-20T17:44:40","date_gmt":"2023-11-20T23:44:40","guid":{"rendered":"https:\/\/libreriahistoriasdebolsillo.com\/?post_type=product&#038;p=816"},"modified":"2024-03-09T12:52:25","modified_gmt":"2024-03-09T18:52:25","slug":"lujuria-libro-1","status":"publish","type":"product","link":"https:\/\/libreriahistoriasdebolsillo.com\/index.php\/producto\/lujuria-libro-1\/","title":{"rendered":"Pecados placenteros 3. Libro 1"},"content":{"rendered":"<p><span class=\"a-text-bold\">LA LLAMA VUELVE A ENCENDERSE Y ESTA VEZ QUEMAR\u00c1 A M\u00c1S DE UNO.<\/span><\/p>\n<p>Rachel James tuvo que dejar su vida para salvar a los que ama, renunciando a todo lo que le importaba: sus colegas, su carrera y su familia. Ahora, dos largos a\u00f1os han pasado, el destino toca a su puerta y este quiere que se enfrente a lo que le depara. Un importante cargo est\u00e1 en juego y la teniente debe prepararse para un nuevo duelo. El coronel Morgan, el hombre que la hizo pecar, y el l\u00edder de la mafia italiana, Antoni Mascherano, no son las \u00fanicas amenazas: la tercera carta cae sobre la mesa, el caos empieza a despertarse, nuevos peligros salen a la luz, as\u00ed como pasiones que se cre\u00edan sepultadas, nuevos amores, conflictos, complots y enga\u00f1os que pueden poner en vilo a la mafia y a la milicia. La saga Pecados Placenteros contin\u00faa en esta candente nueva entrega, donde la Lascivia da paso a una latente Lujuria, que demuestra que el tiempo no lo cura todo y que los amores insanos son tan perjudiciales como intensos. .<\/p>\n","protected":false},"excerpt":{"rendered":"<p>Eva Mu\u00f1oz<\/p>\n","protected":false},"featured_media":817,"template":"","meta":{"_joinchat":[]},"product_brand":[],"product_cat":[53,52],"product_tag":[34,57],"class_list":{"0":"post-816","1":"product","2":"type-product","3":"status-publish","4":"has-post-thumbnail","6":"product_cat-erotica","7":"product_cat-juvenil","8":"product_tag-penguin-random-house","9":"product_tag-wattpad","11":"first","12":"outofstock","13":"shipping-taxable","14":"purchasable","15":"product-type-simple"},"_links":{"self":[{"href":"https:\/\/libreriahistoriasdebolsillo.com\/index.php\/wp-json\/wp\/v2\/product\/816","targetHints":{"allow":["GET"]}}],"collection":[{"href":"https:\/\/libreriahistoriasdebolsillo.com\/index.php\/wp-json\/wp\/v2\/product"}],"about":[{"href":"https:\/\/libreriahistoriasdebolsillo.com\/index.php\/wp-json\/wp\/v2\/types\/product"}],"wp:featuredmedia":[{"embeddable":true,"href":"https:\/\/libreriahistoriasdebolsillo.com\/index.php\/wp-json\/wp\/v2\/media\/817"}],"wp:attachment":[{"href":"https:\/\/libreriahistoriasdebolsillo.com\/index.php\/wp-json\/wp\/v2\/media?parent=816"}],"wp:term":[{"taxonomy":"product_brand","embeddable":true,"href":"https:\/\/libreriahistoriasdebolsillo.com\/index.php\/wp-json\/wp\/v2\/product_brand?post=816"},{"taxonomy":"product_cat","embeddable":true,"href":"https:\/\/libreriahistoriasdebolsillo.com\/index.php\/wp-json\/wp\/v2\/product_cat?post=816"},{"taxonomy":"product_tag","embeddable":true,"href":"https:\/\/libreriahistoriasdebolsillo.com\/index.php\/wp-json\/wp\/v2\/product_tag?post=816"}],"curies":[{"name":"wp","href":"https:\/\/api.w.org\/{rel}","templated":true}]}}