{"id":8160,"date":"2026-02-26T14:54:22","date_gmt":"2026-02-26T20:54:22","guid":{"rendered":"https:\/\/libreriahistoriasdebolsillo.com\/?post_type=product&#038;p=8160"},"modified":"2026-02-26T14:54:22","modified_gmt":"2026-02-26T20:54:22","slug":"manifiesto-para-la-calma","status":"publish","type":"product","link":"https:\/\/libreriahistoriasdebolsillo.com\/index.php\/producto\/manifiesto-para-la-calma\/","title":{"rendered":"Manifiesto para la calma"},"content":{"rendered":"<p>Si sientes que vives demasiado r\u00e1pido y el estr\u00e9s se ha convertido en tu rutina, este libro es para ti. En Manifiesto para la calma, Miguel Navarro desmonta todos los mitos de la productividad moderna y te muestra c\u00f3mo alcanzar objetivos desde un estado de claridad y calma inquebrantable. Aqu\u00ed no se trata de hacer m\u00e1s, sino de hacer menos y hacerlo mejor. Aprender\u00e1s a redefinir el \u00e9xito, a tomar decisiones sabias sin miedo, a construir h\u00e1bitos que potencien tu energ\u00eda y creatividad, a desconectar del ruido externo para encontrar tu paz interior y, sobre todo, a dise\u00f1ar una vida que realmente te pertenezca. Este libro te ayuda a superar las grandes crisis vitales que puedes encontrar en tu camino. Es un manual para leer y releer, pero, sobre todo, para transformarte y pasar a la acci\u00f3n. \u00bfEst\u00e1s listo para recuperar tu calma?<\/p>\n","protected":false},"excerpt":{"rendered":"<p>Miguel Navarro<br \/>\n336 p\u00e1ginas<\/p>\n","protected":false},"featured_media":8161,"template":"","meta":{"_joinchat":[]},"product_brand":[],"product_cat":[58,41,70],"product_tag":[48],"class_list":{"0":"post-8160","1":"product","2":"type-product","3":"status-publish","4":"has-post-thumbnail","6":"product_cat-desarrollo-humano-y-superacion","7":"product_cat-desarrollo-humano","8":"product_cat-novedades","9":"product_tag-vr-editoras","11":"first","12":"instock","13":"shipping-taxable","14":"purchasable","15":"product-type-simple"},"_links":{"self":[{"href":"https:\/\/libreriahistoriasdebolsillo.com\/index.php\/wp-json\/wp\/v2\/product\/8160","targetHints":{"allow":["GET"]}}],"collection":[{"href":"https:\/\/libreriahistoriasdebolsillo.com\/index.php\/wp-json\/wp\/v2\/product"}],"about":[{"href":"https:\/\/libreriahistoriasdebolsillo.com\/index.php\/wp-json\/wp\/v2\/types\/product"}],"wp:featuredmedia":[{"embeddable":true,"href":"https:\/\/libreriahistoriasdebolsillo.com\/index.php\/wp-json\/wp\/v2\/media\/8161"}],"wp:attachment":[{"href":"https:\/\/libreriahistoriasdebolsillo.com\/index.php\/wp-json\/wp\/v2\/media?parent=8160"}],"wp:term":[{"taxonomy":"product_brand","embeddable":true,"href":"https:\/\/libreriahistoriasdebolsillo.com\/index.php\/wp-json\/wp\/v2\/product_brand?post=8160"},{"taxonomy":"product_cat","embeddable":true,"href":"https:\/\/libreriahistoriasdebolsillo.com\/index.php\/wp-json\/wp\/v2\/product_cat?post=8160"},{"taxonomy":"product_tag","embeddable":true,"href":"https:\/\/libreriahistoriasdebolsillo.com\/index.php\/wp-json\/wp\/v2\/product_tag?post=8160"}],"curies":[{"name":"wp","href":"https:\/\/api.w.org\/{rel}","templated":true}]}}