{"id":8164,"date":"2026-04-16T10:28:57","date_gmt":"2026-04-16T16:28:57","guid":{"rendered":"https:\/\/libreriahistoriasdebolsillo.com\/?post_type=product&#038;p=8164"},"modified":"2026-04-16T10:28:57","modified_gmt":"2026-04-16T16:28:57","slug":"dracula-ed-conmemorativa-tapa-dura","status":"publish","type":"product","link":"https:\/\/libreriahistoriasdebolsillo.com\/index.php\/producto\/dracula-ed-conmemorativa-tapa-dura\/","title":{"rendered":"Dr\u00e1cula (Ed. conmemorativa tapa dura)"},"content":{"rendered":"<div class=\"justify\">\n<p><b>Una novela magistral que alumbr\u00f3 uno de los mitos m\u00e1s populares y poderosos de todos los tiempos<\/b>:\u00a0<b>Dr\u00e1cula.<\/b><\/p>\n<\/div>\n<div class=\"justify\">\n<p><b>Mucho m\u00e1s que una novela g\u00f3tica,\u00a0<i>Dr\u00e1cula\u00a0<\/i>es un ejercicio literario excepcional.<\/b><\/p>\n<p><b>Con un prefacio de Christopher Frayling e introducci\u00f3n de Maurice Hindle. Traducci\u00f3n de Mario Montalb\u00e1n.<\/b><\/p>\n<p><i>No hab\u00eda nadie por all\u00ed, excepto un hombre alto y flaco, de nariz ganchuda y barba en punta y entrecana. Ten\u00eda una mirada dura y fr\u00eda y unos ojos de color rojo&#8230;<\/i><\/p>\n<p><b>Jonathan Harker<\/b>\u00a0viaja a\u00a0<b>Transilvania<\/b>\u00a0para cerrar la venta de varias propiedades en Londres con un misterioso conde. Despu\u00e9s de un viaje plagado de ominosas se\u00f1ales, Harker es recogido por un siniestro carruaje que lo llevar\u00e1, acunado por el canto de los lobos, a un castillo en ruinas. Tal es el inquietante principio de una novela magistral que alumbr\u00f3 uno de los mitos m\u00e1s populares y poderosos de todos los tiempos:\u00a0<b>Dr\u00e1cula<\/b>.<\/p>\n<p>La presente edici\u00f3n incluye una detallada cronolog\u00eda y el prefacio del reputado catedr\u00e1tico y cr\u00edtico\u00a0<b>Christopher Frayling<\/b>, donde se analiza la figura de Stoker y las circunstancias que propiciaron la creaci\u00f3n de Dr\u00e1cula. Asimismo, la perspicaz introducci\u00f3n a cargo del especialista Maurice Hindle reflexiona sobre los aspectos m\u00e1s pol\u00e9micos en torno al origen del prototipo\u00a0<b>vamp\u00edrico<\/b>.<\/p>\n<\/div>\n","protected":false},"excerpt":{"rendered":"<p>Bram Stoker<\/p>\n","protected":false},"featured_media":8165,"template":"","meta":{"_joinchat":[]},"product_brand":[],"product_cat":[42],"product_tag":[34],"class_list":{"0":"post-8164","1":"product","2":"type-product","3":"status-publish","4":"has-post-thumbnail","6":"product_cat-literatura-clasica","7":"product_tag-penguin-random-house","9":"first","10":"instock","11":"shipping-taxable","12":"purchasable","13":"product-type-simple"},"_links":{"self":[{"href":"https:\/\/libreriahistoriasdebolsillo.com\/index.php\/wp-json\/wp\/v2\/product\/8164","targetHints":{"allow":["GET"]}}],"collection":[{"href":"https:\/\/libreriahistoriasdebolsillo.com\/index.php\/wp-json\/wp\/v2\/product"}],"about":[{"href":"https:\/\/libreriahistoriasdebolsillo.com\/index.php\/wp-json\/wp\/v2\/types\/product"}],"wp:featuredmedia":[{"embeddable":true,"href":"https:\/\/libreriahistoriasdebolsillo.com\/index.php\/wp-json\/wp\/v2\/media\/8165"}],"wp:attachment":[{"href":"https:\/\/libreriahistoriasdebolsillo.com\/index.php\/wp-json\/wp\/v2\/media?parent=8164"}],"wp:term":[{"taxonomy":"product_brand","embeddable":true,"href":"https:\/\/libreriahistoriasdebolsillo.com\/index.php\/wp-json\/wp\/v2\/product_brand?post=8164"},{"taxonomy":"product_cat","embeddable":true,"href":"https:\/\/libreriahistoriasdebolsillo.com\/index.php\/wp-json\/wp\/v2\/product_cat?post=8164"},{"taxonomy":"product_tag","embeddable":true,"href":"https:\/\/libreriahistoriasdebolsillo.com\/index.php\/wp-json\/wp\/v2\/product_tag?post=8164"}],"curies":[{"name":"wp","href":"https:\/\/api.w.org\/{rel}","templated":true}]}}