{"id":8168,"date":"2026-04-16T10:38:51","date_gmt":"2026-04-16T16:38:51","guid":{"rendered":"https:\/\/libreriahistoriasdebolsillo.com\/?post_type=product&#038;p=8168"},"modified":"2026-04-16T10:38:51","modified_gmt":"2026-04-16T16:38:51","slug":"mas-habitos-menos-dramas","status":"publish","type":"product","link":"https:\/\/libreriahistoriasdebolsillo.com\/index.php\/producto\/mas-habitos-menos-dramas\/","title":{"rendered":"M\u00e1s h\u00e1bitos, menos dramas"},"content":{"rendered":"<div class=\"justify\">\n<p><b>Tal vez no necesitas otra persona que te sal<\/b><b>ve\u2026 tal vez solo necesitas nuevos h\u00e1bitos que te sostengan.<\/b><\/p>\n<\/div>\n<div class=\"justify\">\n<p>En\u00a0<i><b>M\u00e1s h\u00e1bitos, menos dramas<\/b><\/i>, C\u00e9sar Lozano abre su vida y comparte los 10 h\u00e1bitos que \u00e9l mismo practica para cuidarse, sanar,\u00a0<b>vivir con mayor equilibrio emocional<\/b>\u00a0y relacionarse mejor con los dem\u00e1s\u2026 y consigo mismo. Adem\u00e1s, incluye las\u00a0<b>investigaciones cient\u00edficas que ava<\/b><b>lan cada h\u00e1bito<\/b>.<\/p>\n<p>Este libro nace de la experiencia, de los tropiezos, delo aprendido a fuerza de repetir errores y tambi\u00e9n de descubrir que muchas de\u00a0<b>nuestras batallas diarias<\/b>\u00a0no vienen del exterior, sino de lo que permitimos, pensamos y repetimos cada d\u00eda.<\/p>\n<p>Aqu\u00ed no hallar\u00e1s\u00a0<b>recetas m\u00e1gicas ni discursos lejanos<\/b>. Encontrar\u00e1s acompa\u00f1amiento, verdad y peque\u00f1as decisiones que, con el tiempo, cambian la forma en que te tratas, amas y vives.<\/p>\n<p>Porque cuando aprendes a cuidarte mejor\u2026\u00a0<b>la vida deja de doler tanto<\/b>. Por eso y para siempre:<\/p>\n<p>M\u00e1s h\u00e1bitos.<\/p>\n<p>Menos dramas.<\/p>\n<p>M\u00e1s t\u00fa.<\/p>\n<\/div>\n","protected":false},"excerpt":{"rendered":"<p>C\u00e9sar Lozano<\/p>\n","protected":false},"featured_media":8169,"template":"","meta":{"_joinchat":[]},"product_brand":[],"product_cat":[58,41,70],"product_tag":[34],"class_list":{"0":"post-8168","1":"product","2":"type-product","3":"status-publish","4":"has-post-thumbnail","6":"product_cat-desarrollo-humano-y-superacion","7":"product_cat-desarrollo-humano","8":"product_cat-novedades","9":"product_tag-penguin-random-house","11":"first","12":"instock","13":"shipping-taxable","14":"purchasable","15":"product-type-simple"},"_links":{"self":[{"href":"https:\/\/libreriahistoriasdebolsillo.com\/index.php\/wp-json\/wp\/v2\/product\/8168","targetHints":{"allow":["GET"]}}],"collection":[{"href":"https:\/\/libreriahistoriasdebolsillo.com\/index.php\/wp-json\/wp\/v2\/product"}],"about":[{"href":"https:\/\/libreriahistoriasdebolsillo.com\/index.php\/wp-json\/wp\/v2\/types\/product"}],"wp:featuredmedia":[{"embeddable":true,"href":"https:\/\/libreriahistoriasdebolsillo.com\/index.php\/wp-json\/wp\/v2\/media\/8169"}],"wp:attachment":[{"href":"https:\/\/libreriahistoriasdebolsillo.com\/index.php\/wp-json\/wp\/v2\/media?parent=8168"}],"wp:term":[{"taxonomy":"product_brand","embeddable":true,"href":"https:\/\/libreriahistoriasdebolsillo.com\/index.php\/wp-json\/wp\/v2\/product_brand?post=8168"},{"taxonomy":"product_cat","embeddable":true,"href":"https:\/\/libreriahistoriasdebolsillo.com\/index.php\/wp-json\/wp\/v2\/product_cat?post=8168"},{"taxonomy":"product_tag","embeddable":true,"href":"https:\/\/libreriahistoriasdebolsillo.com\/index.php\/wp-json\/wp\/v2\/product_tag?post=8168"}],"curies":[{"name":"wp","href":"https:\/\/api.w.org\/{rel}","templated":true}]}}