{"id":8170,"date":"2026-04-16T10:46:30","date_gmt":"2026-04-16T16:46:30","guid":{"rendered":"https:\/\/libreriahistoriasdebolsillo.com\/?post_type=product&#038;p=8170"},"modified":"2026-04-16T10:47:19","modified_gmt":"2026-04-16T16:47:19","slug":"tinta-y-sangre","status":"publish","type":"product","link":"https:\/\/libreriahistoriasdebolsillo.com\/index.php\/producto\/tinta-y-sangre\/","title":{"rendered":"Tinta y sangre"},"content":{"rendered":"<div class=\"justify\">\n<p><b>Despu\u00e9s de\u00a0<i>La vegetariana<\/i>, la novela in\u00e9dita de la Premio Nobel Han Kang.<\/b><\/p>\n<p><b>Un thriller po\u00e9tico y existencial<\/b><\/p>\n<p><b>\u00abUna de las escritoras m\u00e1s sublimes que pueblan el escenario contempor\u00e1neo\u00bb.<\/b><br \/>\n<b>Berna Gonz\u00e1lez Harbour,\u00a0<i>El Pa\u00eds<\/i><\/b><\/p>\n<p><b>\u00abLa literatura de Han Kang es un g\u00e9nero en s\u00ed mismo\u00bb.<\/b><br \/>\n<b>Eun-Gwi Chung,\u00a0<i>World Literature Today<\/i><\/b><\/p>\n<p><b>\u00abCon unas pocas l\u00edneas atraviesa la experiencia humana en su totalidad\u00bb.<\/b><br \/>\n<b>Katie Kitamura<\/b><\/p>\n<\/div>\n<div class=\"justify\">\n<p>Cuando Inju, una reconocida pintora, muere en un accidente de coche, su mejor amiga, Cheonghee, se niega a creer lo que un cr\u00edtico de arte afirma: que la artista se suicid\u00f3. Cheonghee se embarcar\u00e1 en una investigaci\u00f3n obsesiva que la llevar\u00e1 a desentra\u00f1ar aspectos desconocidos de una biograf\u00eda cargada de fragilidad y desamparo. Pero la b\u00fasqueda de la verdad, a ratos peligrosa, supondr\u00e1 remover su propia historia, hurgar en viejas heridas y padecer el v\u00e9rtigo que produce el misterio de la existencia.<\/p>\n<p>Los sue\u00f1os y los recuerdos, el arte y la astrof\u00edsica, la poes\u00eda y el suspense son algunos de los elementos que componen este peculiar y fascinante thriller que la Premio Nobel escribi\u00f3 despu\u00e9s de<i>\u00a0La vegetariana<\/i>. En<i>\u00a0Tinta y sangre<\/i>, Han Kang profundiza en las mismas preguntas de su anterior novela<i>: \u00ab<\/i>Si no podemos rechazar la vida y el mundo para huir de la violencia, y tampoco podemos convertirnos en plantas, \u00bfc\u00f3mo seguir adelante?\u00bb. En este libro nos da la clave: debemos sobrevivir para dar testimonio de la verdad con nuestras vidas.<\/p>\n<\/div>\n","protected":false},"excerpt":{"rendered":"<p>Han Kang<br \/>\n312 p\u00e1ginas<\/p>\n","protected":false},"featured_media":8171,"template":"","meta":{"_joinchat":[]},"product_brand":[],"product_cat":[37,70],"product_tag":[34],"class_list":{"0":"post-8170","1":"product","2":"type-product","3":"status-publish","4":"has-post-thumbnail","6":"product_cat-misterio-y-thriller","7":"product_cat-novedades","8":"product_tag-penguin-random-house","10":"first","11":"instock","12":"shipping-taxable","13":"purchasable","14":"product-type-simple"},"_links":{"self":[{"href":"https:\/\/libreriahistoriasdebolsillo.com\/index.php\/wp-json\/wp\/v2\/product\/8170","targetHints":{"allow":["GET"]}}],"collection":[{"href":"https:\/\/libreriahistoriasdebolsillo.com\/index.php\/wp-json\/wp\/v2\/product"}],"about":[{"href":"https:\/\/libreriahistoriasdebolsillo.com\/index.php\/wp-json\/wp\/v2\/types\/product"}],"wp:featuredmedia":[{"embeddable":true,"href":"https:\/\/libreriahistoriasdebolsillo.com\/index.php\/wp-json\/wp\/v2\/media\/8171"}],"wp:attachment":[{"href":"https:\/\/libreriahistoriasdebolsillo.com\/index.php\/wp-json\/wp\/v2\/media?parent=8170"}],"wp:term":[{"taxonomy":"product_brand","embeddable":true,"href":"https:\/\/libreriahistoriasdebolsillo.com\/index.php\/wp-json\/wp\/v2\/product_brand?post=8170"},{"taxonomy":"product_cat","embeddable":true,"href":"https:\/\/libreriahistoriasdebolsillo.com\/index.php\/wp-json\/wp\/v2\/product_cat?post=8170"},{"taxonomy":"product_tag","embeddable":true,"href":"https:\/\/libreriahistoriasdebolsillo.com\/index.php\/wp-json\/wp\/v2\/product_tag?post=8170"}],"curies":[{"name":"wp","href":"https:\/\/api.w.org\/{rel}","templated":true}]}}