{"id":8172,"date":"2026-04-16T10:53:21","date_gmt":"2026-04-16T16:53:21","guid":{"rendered":"https:\/\/libreriahistoriasdebolsillo.com\/?post_type=product&#038;p=8172"},"modified":"2026-04-16T10:53:21","modified_gmt":"2026-04-16T16:53:21","slug":"el-prototipo","status":"publish","type":"product","link":"https:\/\/libreriahistoriasdebolsillo.com\/index.php\/producto\/el-prototipo\/","title":{"rendered":"El prototipo"},"content":{"rendered":"<p>Publicada por primera vez en 1991 e inspirada en\u00a0<b>la guerra<\/b>\u00a0<b>del Golfo P\u00e9rsico<\/b>, esta novela plantea una pregunta urgente: \u00bfqu\u00e9 pasar\u00eda si existiera una alternativa real al petr\u00f3leo? Augusto, un\u00a0<b>cient\u00edfico brillante<\/b>\u00a0<b>pero inc\u00f3modo<\/b>\u00a0para muchos, tiene una respuesta: el prototipo, un sistema revolucionario que no recurre ni a la energ\u00eda solar ni a la nuclear, sino que extrae fuerza y calor directamente de\u00a0<b>la estructura \u00edntima del espacio-tiempo<\/b>, es decir, de la\u00a0<b>lattice<\/b><b>.<\/b><\/p>\n<p>Pero lo que parece un\u00a0<b>avance tecnol\u00f3gico colosal<\/b>\u00a0pronto revela su secreto m\u00e1s inquietante: el verdadero prototipo no es una m\u00e1quina o un invento, sino el fruto de una\u00a0<b>transformaci\u00f3n radical de la conciencia humana<\/b>.<\/p>\n<p>Con un estilo envolvente y cargado de intriga,\u00a0<b>Grinberg nos entrega un thriller cient\u00edfico y filos\u00f3fico<\/b>\u00a0que explora los l\u00edmites de la ciencia y el poder, al tiempo que cuestiona el futuro energ\u00e9tico del planeta, el rumbo de la humanidad y la posibilidad de un nuevo orden nacido no de la ambici\u00f3n, sino de la evoluci\u00f3n interior del ser humano.<\/p>\n","protected":false},"excerpt":{"rendered":"<p>Jacobo Grinberg-Zylberbaum<br \/>\n128 p\u00e1ginas<\/p>\n","protected":false},"featured_media":8173,"template":"","meta":{"_joinchat":[]},"product_brand":[],"product_cat":[40,70],"product_tag":[34],"class_list":{"0":"post-8172","1":"product","2":"type-product","3":"status-publish","4":"has-post-thumbnail","6":"product_cat-ciencia-ficcion","7":"product_cat-novedades","8":"product_tag-penguin-random-house","10":"first","11":"instock","12":"shipping-taxable","13":"purchasable","14":"product-type-simple"},"_links":{"self":[{"href":"https:\/\/libreriahistoriasdebolsillo.com\/index.php\/wp-json\/wp\/v2\/product\/8172","targetHints":{"allow":["GET"]}}],"collection":[{"href":"https:\/\/libreriahistoriasdebolsillo.com\/index.php\/wp-json\/wp\/v2\/product"}],"about":[{"href":"https:\/\/libreriahistoriasdebolsillo.com\/index.php\/wp-json\/wp\/v2\/types\/product"}],"wp:featuredmedia":[{"embeddable":true,"href":"https:\/\/libreriahistoriasdebolsillo.com\/index.php\/wp-json\/wp\/v2\/media\/8173"}],"wp:attachment":[{"href":"https:\/\/libreriahistoriasdebolsillo.com\/index.php\/wp-json\/wp\/v2\/media?parent=8172"}],"wp:term":[{"taxonomy":"product_brand","embeddable":true,"href":"https:\/\/libreriahistoriasdebolsillo.com\/index.php\/wp-json\/wp\/v2\/product_brand?post=8172"},{"taxonomy":"product_cat","embeddable":true,"href":"https:\/\/libreriahistoriasdebolsillo.com\/index.php\/wp-json\/wp\/v2\/product_cat?post=8172"},{"taxonomy":"product_tag","embeddable":true,"href":"https:\/\/libreriahistoriasdebolsillo.com\/index.php\/wp-json\/wp\/v2\/product_tag?post=8172"}],"curies":[{"name":"wp","href":"https:\/\/api.w.org\/{rel}","templated":true}]}}