{"id":8174,"date":"2026-04-16T10:57:42","date_gmt":"2026-04-16T16:57:42","guid":{"rendered":"https:\/\/libreriahistoriasdebolsillo.com\/?post_type=product&#038;p=8174"},"modified":"2026-04-16T10:57:42","modified_gmt":"2026-04-16T16:57:42","slug":"windy-city-5-volviendo-a-empezar","status":"publish","type":"product","link":"https:\/\/libreriahistoriasdebolsillo.com\/index.php\/producto\/windy-city-5-volviendo-a-empezar\/","title":{"rendered":"Windy City 5. Volviendo a empezar"},"content":{"rendered":"<div class=\"justify\">\n<p><b>Vuelven los deportistas de Chicago y la saga de sports romance NA m\u00e1s exitosa de TikTok: La Ciudad de los Vientos. Prep\u00e1rate para enamorarte de R\u00edo&#8230;<\/b><\/p>\n<\/div>\n<div class=\"justify\">\n<p><b>HALLIE<\/b><\/p>\n<p>A los once a\u00f1os, mi familia se mud\u00f3 al lado de la suya.<\/p>\n<p>A los trece, fue mi primer amor.<\/p>\n<p>A los diecis\u00e9is, nos enamoramos el uno del otro.<\/p>\n<p>Y a los diecinueve, nos rompimos mutuamente el coraz\u00f3n.<\/p>\n<p>Seis a\u00f1os despu\u00e9s, he conseguido unas pr\u00e1cticas con un famoso dise\u00f1ador de interiores en otra ciudad. Por desgracia, la misma en la que \u00e9l juega al hockey.<\/p>\n<p>Pensaba que Chicago era lo suficientemente grande como para evitarlo, hasta que me llevo la sorpresa de mi vida y, sin saberlo, me mudo justo a la puerta de al lado. \u00bfLo peor? El proyecto de reforma que me han asignado, con el que espero convertir esas pr\u00e1cticas en el trabajo a tiempo completo de mis sue\u00f1os\u2026<\/p>\n<p>\u2026 es su casa.<\/p>\n<p>Pero \u00bfc\u00f3mo se supone que voy a transformar su nidito de soltero en un hogar familiar cuando ni siquiera soportamos estar en la misma habitaci\u00f3n?<\/p>\n<p>Puede que una vez amara a Rio DeLuca, pero ya no soy esa chica.<\/p>\n<p><b>RIO<\/b><\/p>\n<p>Nunca pens\u00e9 que ser\u00eda el \u00faltimo soltero de mi grupo de amigos. Pero tras a\u00f1os intentando encontrar el amor, he llegado a la conclusi\u00f3n de que quiz\u00e1 ya no exista para m\u00ed.<\/p>\n<p>Eso hasta que, sin querer, contrato a Hallie Hart para que reforme mi casa y nuestra vieja historia me hace evocar recuerdos que he mantenido en secreto durante a\u00f1os.<\/p>\n<p>A ver, hay algo que mis amigos no saben.<\/p>\n<p>Esa conexi\u00f3n que persegu\u00eda desde que me mud\u00e9 a Chicago, esa persona a la que algunos buscan durante toda la vida&#8230; Yo ya la hab\u00eda encontrado a los doce a\u00f1os.<\/p>\n<p>Y, ahora, la \u00fanica chica a la que he amado se muda a la casa de al lado.<\/p>\n<p>Otra vez.<\/p>\n<\/div>\n","protected":false},"excerpt":{"rendered":"<p>Liz Tomforde<br \/>\n448 p\u00e1ginas<\/p>\n","protected":false},"featured_media":8175,"template":"","meta":{"_joinchat":[]},"product_brand":[],"product_cat":[70,35],"product_tag":[34],"class_list":{"0":"post-8174","1":"product","2":"type-product","3":"status-publish","4":"has-post-thumbnail","6":"product_cat-novedades","7":"product_cat-romantica","8":"product_tag-penguin-random-house","10":"first","11":"instock","12":"shipping-taxable","13":"purchasable","14":"product-type-simple"},"_links":{"self":[{"href":"https:\/\/libreriahistoriasdebolsillo.com\/index.php\/wp-json\/wp\/v2\/product\/8174","targetHints":{"allow":["GET"]}}],"collection":[{"href":"https:\/\/libreriahistoriasdebolsillo.com\/index.php\/wp-json\/wp\/v2\/product"}],"about":[{"href":"https:\/\/libreriahistoriasdebolsillo.com\/index.php\/wp-json\/wp\/v2\/types\/product"}],"wp:featuredmedia":[{"embeddable":true,"href":"https:\/\/libreriahistoriasdebolsillo.com\/index.php\/wp-json\/wp\/v2\/media\/8175"}],"wp:attachment":[{"href":"https:\/\/libreriahistoriasdebolsillo.com\/index.php\/wp-json\/wp\/v2\/media?parent=8174"}],"wp:term":[{"taxonomy":"product_brand","embeddable":true,"href":"https:\/\/libreriahistoriasdebolsillo.com\/index.php\/wp-json\/wp\/v2\/product_brand?post=8174"},{"taxonomy":"product_cat","embeddable":true,"href":"https:\/\/libreriahistoriasdebolsillo.com\/index.php\/wp-json\/wp\/v2\/product_cat?post=8174"},{"taxonomy":"product_tag","embeddable":true,"href":"https:\/\/libreriahistoriasdebolsillo.com\/index.php\/wp-json\/wp\/v2\/product_tag?post=8174"}],"curies":[{"name":"wp","href":"https:\/\/api.w.org\/{rel}","templated":true}]}}