{"id":8176,"date":"2026-04-16T11:04:20","date_gmt":"2026-04-16T17:04:20","guid":{"rendered":"https:\/\/libreriahistoriasdebolsillo.com\/?post_type=product&#038;p=8176"},"modified":"2026-04-16T11:04:20","modified_gmt":"2026-04-16T17:04:20","slug":"la-expansion-del-presente","status":"publish","type":"product","link":"https:\/\/libreriahistoriasdebolsillo.com\/index.php\/producto\/la-expansion-del-presente\/","title":{"rendered":"La expansi\u00f3n del presente"},"content":{"rendered":"<p>En un\u00a0<b>futuro remoto<\/b>, el consejo directivo de la Academia del Registro se dispone a emprender un proyecto monumental:\u00a0<b>reconstruir la vida de su fundador Alejandro<\/b>\u00a0<b>Cisto<\/b>\u00a0a partir de los textos dispersos que dej\u00f3. El resultado de tan encomiable labor es el libro que el lector tiene en sus manos.\u00a0<b>Alejandro Cisto era un iluminado<\/b>, que vivi\u00f3 en los a\u00f1os del\u00a0<b>siglo XX\u00a0<\/b>, en una sociedad atrapada en la inconsciencia, la enajenaci\u00f3n y el automatismo. Cisto dej\u00f3 constancia de su preocupaci\u00f3n en diversos apuntes. Aunque quiz\u00e1s, para los lectores del pen\u00faltimo a\u00f1o de la era de la infancia, aquella sociedad les resulte anticuada y\u00a0<b>completamente superada<\/b>, es la prueba de que la humanidad supo evolucionar y salir de su ensimismamiento para expandir su consciencia individual y colectiva.<\/p>\n<p><i><b>La expansi\u00f3n del presente<\/b><\/i>\u00a0es una obra de una genialidad incomparable, Grinberg recurre a la metaficci\u00f3n para entregarnos su primera novela de\u00a0<b>ciencia<\/b>\u00a0<b>ficci\u00f3n<\/b>\u00a0llena de reflexiones agudas sobre la sociedad de finales del siglo XX, pero que de alguna manera sigue siendo la de hoy.<\/p>\n","protected":false},"excerpt":{"rendered":"<p>Jacobo Grinberg-Zylberbaum<br \/>\n150 p\u00e1ginas<\/p>\n","protected":false},"featured_media":8177,"template":"","meta":{"_joinchat":[]},"product_brand":[],"product_cat":[40,70,51],"product_tag":[34],"class_list":{"0":"post-8176","1":"product","2":"type-product","3":"status-publish","4":"has-post-thumbnail","6":"product_cat-ciencia-ficcion","7":"product_cat-novedades","8":"product_cat-oferta","9":"product_tag-penguin-random-house","11":"first","12":"instock","13":"shipping-taxable","14":"purchasable","15":"product-type-simple"},"_links":{"self":[{"href":"https:\/\/libreriahistoriasdebolsillo.com\/index.php\/wp-json\/wp\/v2\/product\/8176","targetHints":{"allow":["GET"]}}],"collection":[{"href":"https:\/\/libreriahistoriasdebolsillo.com\/index.php\/wp-json\/wp\/v2\/product"}],"about":[{"href":"https:\/\/libreriahistoriasdebolsillo.com\/index.php\/wp-json\/wp\/v2\/types\/product"}],"wp:featuredmedia":[{"embeddable":true,"href":"https:\/\/libreriahistoriasdebolsillo.com\/index.php\/wp-json\/wp\/v2\/media\/8177"}],"wp:attachment":[{"href":"https:\/\/libreriahistoriasdebolsillo.com\/index.php\/wp-json\/wp\/v2\/media?parent=8176"}],"wp:term":[{"taxonomy":"product_brand","embeddable":true,"href":"https:\/\/libreriahistoriasdebolsillo.com\/index.php\/wp-json\/wp\/v2\/product_brand?post=8176"},{"taxonomy":"product_cat","embeddable":true,"href":"https:\/\/libreriahistoriasdebolsillo.com\/index.php\/wp-json\/wp\/v2\/product_cat?post=8176"},{"taxonomy":"product_tag","embeddable":true,"href":"https:\/\/libreriahistoriasdebolsillo.com\/index.php\/wp-json\/wp\/v2\/product_tag?post=8176"}],"curies":[{"name":"wp","href":"https:\/\/api.w.org\/{rel}","templated":true}]}}