{"id":8184,"date":"2026-04-16T11:18:59","date_gmt":"2026-04-16T17:18:59","guid":{"rendered":"https:\/\/libreriahistoriasdebolsillo.com\/?post_type=product&#038;p=8184"},"modified":"2026-04-16T11:18:59","modified_gmt":"2026-04-16T17:18:59","slug":"windy-city-3-perdiendo-el-control","status":"publish","type":"product","link":"https:\/\/libreriahistoriasdebolsillo.com\/index.php\/producto\/windy-city-3-perdiendo-el-control\/","title":{"rendered":"Windy City 3. Perdiendo el control"},"content":{"rendered":"<div class=\"justify\">\n<p><b>\u00bfPodr\u00edas enamorarte de un padre soltero&#8230; que adem\u00e1s es tu jefe?<\/b><\/p>\n<p><b>Llega la tercera parte de Mile High, el romance deportivo que ha enganchado a #Booktok<\/b><\/p>\n<\/div>\n<div class=\"justify\">\n<p><b>Kai<\/b><\/p>\n<p>Soy padre soltero y lanzador titular del principal equipo de b\u00e9isbol de Chicago. No doy abasto para criar a mi hijo y todas las canguros anteriores me han durado solo unas semanas antes de despedirlas. Ahora, mi entrenador se ha puesto firme y ha contratado a la \u00fanica persona a la que no puedo echar, su hija.<\/p>\n<p>Miller Montgomery es la \u00faltima mujer de la que deber\u00eda enamorarme. Demasiado alocada, joven y desapegada. Chicago no es m\u00e1s que una breve parada para ella. Cre\u00eda que contar\u00eda los d\u00edas que faltaban para que se fuera, pero el verano es muy corto cuando quieres que se quede para siempre.<\/p>\n<p><b>Miller<\/b><\/p>\n<p>Como chef repostera de alto nivel, estoy desesperada por demostrar lo que valgo. Pero crear un postre nuevo inspirador es m\u00e1s dif\u00edcil de lo que parece. Deber\u00eda centrarme en la cocina, pero en cambio he dejado que mi padre me convenza para que pase mi tiempo libre cuidando al hijo de su jugador estrella.<\/p>\n<p>Kai Rhodes ha olvidado c\u00f3mo divertirse y yo me muero de ganas por refrescarle la memoria. Pero cuando su hijo y \u00e9l empiezan a convertirse en un hogar para m\u00ed, tengo que recordarnos a ambos que me voy de Chicago al final del verano. No quiero abandonar mi vida anterior, pero, cuanto m\u00e1s tiempo paso con Kai, m\u00e1s pierdo el control.<\/p>\n<\/div>\n","protected":false},"excerpt":{"rendered":"<p>Liz Tomforde<br \/>\n480 p\u00e1ginas<\/p>\n","protected":false},"featured_media":8185,"template":"","meta":{"_joinchat":[]},"product_brand":[],"product_cat":[70,35],"product_tag":[34],"class_list":{"0":"post-8184","1":"product","2":"type-product","3":"status-publish","4":"has-post-thumbnail","6":"product_cat-novedades","7":"product_cat-romantica","8":"product_tag-penguin-random-house","10":"first","11":"instock","12":"shipping-taxable","13":"purchasable","14":"product-type-simple"},"_links":{"self":[{"href":"https:\/\/libreriahistoriasdebolsillo.com\/index.php\/wp-json\/wp\/v2\/product\/8184","targetHints":{"allow":["GET"]}}],"collection":[{"href":"https:\/\/libreriahistoriasdebolsillo.com\/index.php\/wp-json\/wp\/v2\/product"}],"about":[{"href":"https:\/\/libreriahistoriasdebolsillo.com\/index.php\/wp-json\/wp\/v2\/types\/product"}],"wp:featuredmedia":[{"embeddable":true,"href":"https:\/\/libreriahistoriasdebolsillo.com\/index.php\/wp-json\/wp\/v2\/media\/8185"}],"wp:attachment":[{"href":"https:\/\/libreriahistoriasdebolsillo.com\/index.php\/wp-json\/wp\/v2\/media?parent=8184"}],"wp:term":[{"taxonomy":"product_brand","embeddable":true,"href":"https:\/\/libreriahistoriasdebolsillo.com\/index.php\/wp-json\/wp\/v2\/product_brand?post=8184"},{"taxonomy":"product_cat","embeddable":true,"href":"https:\/\/libreriahistoriasdebolsillo.com\/index.php\/wp-json\/wp\/v2\/product_cat?post=8184"},{"taxonomy":"product_tag","embeddable":true,"href":"https:\/\/libreriahistoriasdebolsillo.com\/index.php\/wp-json\/wp\/v2\/product_tag?post=8184"}],"curies":[{"name":"wp","href":"https:\/\/api.w.org\/{rel}","templated":true}]}}