{"id":8186,"date":"2026-04-16T11:22:51","date_gmt":"2026-04-16T17:22:51","guid":{"rendered":"https:\/\/libreriahistoriasdebolsillo.com\/?post_type=product&#038;p=8186"},"modified":"2026-04-16T11:23:35","modified_gmt":"2026-04-16T17:23:35","slug":"pokemon-aventura-en-paldea","status":"publish","type":"product","link":"https:\/\/libreriahistoriasdebolsillo.com\/index.php\/producto\/pokemon-aventura-en-paldea\/","title":{"rendered":"Pok\u00e9mon: Aventura en Paldea"},"content":{"rendered":"<div class=\"justify\">\n<p><b>Libro para colorear \u00abbusca y encuentra\u00bb en formato extra grande, con m\u00e1s de 30 escenas llenas de tus Pok\u00e9mon favoritos. \u00a1Divi\u00e9rtete dando rienda suelta a tu lado m\u00e1s art\u00edstico! La aventura definitiva en Paldea te espera.<\/b><\/p>\n<\/div>\n<div class=\"justify\">\n<p>\u00a1BUSCA, ENCUENTRA Y COLOREA A LOS POK\u00c9MON DE LA REGI\u00d3N DE PALDEA!<\/p>\n<p>Emb\u00e1rcate en una nueva aventura por Paldea y saca tu lado m\u00e1s art\u00edstico para darle color y vida a un mont\u00f3n de escenas repletas de tus Pok\u00e9mon favoritos.<\/p>\n<p>\u00bfSer\u00e1s capaz de encontrarlos y convertirte en el mejor Entrenador Pok\u00e9mon?<\/p>\n<p>\u00a1Disfruta como nunca de tus personajes m\u00e1s queridos en un incre\u00edble tomo en formato extra grande!<\/p>\n<p>\u00a1PREP\u00c1RATE!<\/p>\n<p>EMPIEZA A PINTAR Y\u2026 \u00a1HAZTE CON TODOS!<\/p>\n<\/div>\n","protected":false},"excerpt":{"rendered":"<p>Libro para colorear \u00abbusca y encuentra\u00bb en formato extra grande, con m\u00e1s de 30 escenas llenas de tus Pok\u00e9mon favoritos. \u00a1Divi\u00e9rtete dando rienda suelta a tu lado m\u00e1s art\u00edstico! La aventura definitiva en Paldea te espera. \u00a1BUSCA, ENCUENTRA Y COLOREA A LOS POK\u00c9MON DE LA REGI\u00d3N DE PALDEA! Emb\u00e1rcate en una nueva aventura por Paldea [&hellip;]<\/p>\n","protected":false},"featured_media":8187,"template":"","meta":{"_joinchat":[]},"product_brand":[],"product_cat":[54,52,70],"product_tag":[34],"class_list":{"0":"post-8186","1":"product","2":"type-product","3":"status-publish","4":"has-post-thumbnail","6":"product_cat-infantil","7":"product_cat-juvenil","8":"product_cat-novedades","9":"product_tag-penguin-random-house","11":"first","12":"instock","13":"shipping-taxable","14":"purchasable","15":"product-type-simple"},"_links":{"self":[{"href":"https:\/\/libreriahistoriasdebolsillo.com\/index.php\/wp-json\/wp\/v2\/product\/8186","targetHints":{"allow":["GET"]}}],"collection":[{"href":"https:\/\/libreriahistoriasdebolsillo.com\/index.php\/wp-json\/wp\/v2\/product"}],"about":[{"href":"https:\/\/libreriahistoriasdebolsillo.com\/index.php\/wp-json\/wp\/v2\/types\/product"}],"wp:featuredmedia":[{"embeddable":true,"href":"https:\/\/libreriahistoriasdebolsillo.com\/index.php\/wp-json\/wp\/v2\/media\/8187"}],"wp:attachment":[{"href":"https:\/\/libreriahistoriasdebolsillo.com\/index.php\/wp-json\/wp\/v2\/media?parent=8186"}],"wp:term":[{"taxonomy":"product_brand","embeddable":true,"href":"https:\/\/libreriahistoriasdebolsillo.com\/index.php\/wp-json\/wp\/v2\/product_brand?post=8186"},{"taxonomy":"product_cat","embeddable":true,"href":"https:\/\/libreriahistoriasdebolsillo.com\/index.php\/wp-json\/wp\/v2\/product_cat?post=8186"},{"taxonomy":"product_tag","embeddable":true,"href":"https:\/\/libreriahistoriasdebolsillo.com\/index.php\/wp-json\/wp\/v2\/product_tag?post=8186"}],"curies":[{"name":"wp","href":"https:\/\/api.w.org\/{rel}","templated":true}]}}