{"id":8188,"date":"2026-04-16T11:25:56","date_gmt":"2026-04-16T17:25:56","guid":{"rendered":"https:\/\/libreriahistoriasdebolsillo.com\/?post_type=product&#038;p=8188"},"modified":"2026-04-16T16:46:25","modified_gmt":"2026-04-16T22:46:25","slug":"poemas-de-amor-mario-benedetti","status":"publish","type":"product","link":"https:\/\/libreriahistoriasdebolsillo.com\/index.php\/producto\/poemas-de-amor-mario-benedetti\/","title":{"rendered":"Poemas de amor: Mario Benedetti"},"content":{"rendered":"<div class=\"justify\">\n<p><b>LOS MEJORES POEMAS DE AMOR DEL POETA M\u00c1S QUERIDO Y POPULAR DE LA LITERATURA EN ESPA\u00d1OL SELECCIONADOS Y PROLOGADOS POR ELVIRA SASTRE<\/b><\/p>\n<p>\u00abComo un torrente imparable, un fen\u00f3meno ajeno a la voluntad, cae sobre sus lectores toda su poes\u00eda. Nos alcanza y nos deja totalmente calados, pero tambi\u00e9n m\u00e1s limpios, con algo m\u00e1s de luz\u00bb.<br \/>\n<b>Elvira Sastre<\/b><\/p>\n<\/div>\n<div class=\"justify\">\n<p>\u00ab\u00bfExiste emoci\u00f3n m\u00e1s presente en la poes\u00eda que el amor? Pasan los siglos y, con ellos, sus poetas fundamentales, y no hay una \u00e9poca que no sea abrazada por multitud de poemas amorosos. Por eso este g\u00e9nero nos gusta tanto a los que confiamos en las bondades de su efecto. El amor, en todas sus variantes y caminos paralelos, es a veces un motor que permite el movimiento y, otras, un arma para combatir el desconsuelo. En los poemas pol\u00edticos y sociales aparece el afecto a la patria o a sus gentes y en las obras existencialistas se encuentra el mismo apego por entender la vida y amar sus fisuras. Uno puede leer un poema a la naturaleza y hallar en sus versos el sentimiento profundo que despiertan los p\u00e1jaros, y al mismo tiempo entender la emoci\u00f3n luminosa de la tristeza. Todo eso tambi\u00e9n es amor: la mezcla de experiencias, gestos y formas de mirar y existir. La poes\u00eda nos recuerda qui\u00e9nes somos y Mario Benedetti es uno de sus mejores int\u00e9rpretes.<\/p>\n<p>Esta antolog\u00eda es un viaje por la experiencia del amor en todas sus formas. Para m\u00ed, como poeta y lectora, ha sido una experiencia \u00edntima con el poeta y con el hombre que me ha dejado un poco m\u00e1s iluminada. Benedetti nos humaniza, nos coloca en el lado correcto. Te invito a que te sumerjas en sus poemas, disfrutes de cada fase y te dejes atravesar por cada una de las emociones que despierte en ti\u00bb.<br \/>\n<b>Elvira Sastre<\/b><\/p>\n<\/div>\n","protected":false},"excerpt":{"rendered":"<p>Mario Benedetti<br \/>\n232 p\u00e1ginas<\/p>\n","protected":false},"featured_media":8190,"template":"","meta":{"_joinchat":[]},"product_brand":[],"product_cat":[65],"product_tag":[34],"class_list":{"0":"post-8188","1":"product","2":"type-product","3":"status-publish","4":"has-post-thumbnail","6":"product_cat-poesia","7":"product_tag-penguin-random-house","9":"first","10":"instock","11":"shipping-taxable","12":"purchasable","13":"product-type-simple"},"_links":{"self":[{"href":"https:\/\/libreriahistoriasdebolsillo.com\/index.php\/wp-json\/wp\/v2\/product\/8188","targetHints":{"allow":["GET"]}}],"collection":[{"href":"https:\/\/libreriahistoriasdebolsillo.com\/index.php\/wp-json\/wp\/v2\/product"}],"about":[{"href":"https:\/\/libreriahistoriasdebolsillo.com\/index.php\/wp-json\/wp\/v2\/types\/product"}],"wp:featuredmedia":[{"embeddable":true,"href":"https:\/\/libreriahistoriasdebolsillo.com\/index.php\/wp-json\/wp\/v2\/media\/8190"}],"wp:attachment":[{"href":"https:\/\/libreriahistoriasdebolsillo.com\/index.php\/wp-json\/wp\/v2\/media?parent=8188"}],"wp:term":[{"taxonomy":"product_brand","embeddable":true,"href":"https:\/\/libreriahistoriasdebolsillo.com\/index.php\/wp-json\/wp\/v2\/product_brand?post=8188"},{"taxonomy":"product_cat","embeddable":true,"href":"https:\/\/libreriahistoriasdebolsillo.com\/index.php\/wp-json\/wp\/v2\/product_cat?post=8188"},{"taxonomy":"product_tag","embeddable":true,"href":"https:\/\/libreriahistoriasdebolsillo.com\/index.php\/wp-json\/wp\/v2\/product_tag?post=8188"}],"curies":[{"name":"wp","href":"https:\/\/api.w.org\/{rel}","templated":true}]}}