{"id":8191,"date":"2026-04-16T11:37:04","date_gmt":"2026-04-16T17:37:04","guid":{"rendered":"https:\/\/libreriahistoriasdebolsillo.com\/?post_type=product&#038;p=8191"},"modified":"2026-04-16T11:38:42","modified_gmt":"2026-04-16T17:38:42","slug":"el-bosque-voraz-2-oscura","status":"publish","type":"product","link":"https:\/\/libreriahistoriasdebolsillo.com\/index.php\/producto\/el-bosque-voraz-2-oscura\/","title":{"rendered":"El Bosque Voraz 2. Oscura"},"content":{"rendered":"<div class=\"justify\">\n<p><b>En la oscura y fascinante secuela de\u00a0<i>Anatema<\/i>, el fen\u00f3meno internacional de fantas\u00eda g\u00f3tica, Maevyth y Zevander deber\u00e1n enfrentarse a un antiguo y mal\u00e9volo poder que amenaza con destruirlo todo.<\/b><\/p>\n<\/div>\n<div class=\"justify\">\n<p>Una magia antigua ha despertado, y ahora la tierra de los mortales es m\u00e1s oscura, m\u00e1s fr\u00eda y est\u00e1 m\u00e1s hambrienta que nunca. Tanto los monstruos como una siniestra maldici\u00f3n se propagan como la peste y, para Maevyth y Zevander, la \u00fanica posibilidad de escapar es volver a atravesar el Bosque Voraz. Pero el destino ha tejido una intrincada tela de ara\u00f1a, cuyos hilos har\u00e1n que cruzar la m\u00edstica frontera hacia Etiria no sea tarea sencilla.<\/p>\n<p>Por desgracia para Zevander, el tiempo juega en su contra: cuanto m\u00e1s permanezca en Mortasia, privado del vivicanto que necesita para frenar el avance de la maldici\u00f3n que pesa sobre \u00e9l, m\u00e1s sucumbir\u00e1 al espectro de la locura.<\/p>\n<p>Y puede que esta vez ni siquiera Maevyth pueda salvarlo de las sombras.<\/p>\n<p><b><i>Tropes<\/i>:<\/b><br \/>\n* La familia que se elige<br \/>\n* Proximidad forzosa<br \/>\n* Amor predestinado<br \/>\n* Fantas\u00eda oscura g\u00f3tica<\/p>\n<\/div>\n","protected":false},"excerpt":{"rendered":"<p>Keri Lake<br \/>\n760 p\u00e1ginas<\/p>\n","protected":false},"featured_media":8192,"template":"","meta":{"_joinchat":[]},"product_brand":[],"product_cat":[39,70,76],"product_tag":[34],"class_list":{"0":"post-8191","1":"product","2":"type-product","3":"status-publish","4":"has-post-thumbnail","6":"product_cat-fantasia","7":"product_cat-novedades","8":"product_cat-romantasy","9":"product_tag-penguin-random-house","11":"first","12":"outofstock","13":"shipping-taxable","14":"purchasable","15":"product-type-simple"},"_links":{"self":[{"href":"https:\/\/libreriahistoriasdebolsillo.com\/index.php\/wp-json\/wp\/v2\/product\/8191","targetHints":{"allow":["GET"]}}],"collection":[{"href":"https:\/\/libreriahistoriasdebolsillo.com\/index.php\/wp-json\/wp\/v2\/product"}],"about":[{"href":"https:\/\/libreriahistoriasdebolsillo.com\/index.php\/wp-json\/wp\/v2\/types\/product"}],"wp:featuredmedia":[{"embeddable":true,"href":"https:\/\/libreriahistoriasdebolsillo.com\/index.php\/wp-json\/wp\/v2\/media\/8192"}],"wp:attachment":[{"href":"https:\/\/libreriahistoriasdebolsillo.com\/index.php\/wp-json\/wp\/v2\/media?parent=8191"}],"wp:term":[{"taxonomy":"product_brand","embeddable":true,"href":"https:\/\/libreriahistoriasdebolsillo.com\/index.php\/wp-json\/wp\/v2\/product_brand?post=8191"},{"taxonomy":"product_cat","embeddable":true,"href":"https:\/\/libreriahistoriasdebolsillo.com\/index.php\/wp-json\/wp\/v2\/product_cat?post=8191"},{"taxonomy":"product_tag","embeddable":true,"href":"https:\/\/libreriahistoriasdebolsillo.com\/index.php\/wp-json\/wp\/v2\/product_tag?post=8191"}],"curies":[{"name":"wp","href":"https:\/\/api.w.org\/{rel}","templated":true}]}}