{"id":8193,"date":"2026-04-16T11:44:43","date_gmt":"2026-04-16T17:44:43","guid":{"rendered":"https:\/\/libreriahistoriasdebolsillo.com\/?post_type=product&#038;p=8193"},"modified":"2026-04-16T11:47:15","modified_gmt":"2026-04-16T17:47:15","slug":"como-trabajar-con-gente-complicada","status":"publish","type":"product","link":"https:\/\/libreriahistoriasdebolsillo.com\/index.php\/producto\/como-trabajar-con-gente-complicada\/","title":{"rendered":"C\u00f3mo trabajar con gente complicada"},"content":{"rendered":"<div class=\"justify\">\n<p><b>\u201cDEL OTRO LADO DE LAS COMPLICACIONES, EXISTE UN MUNDO DE COLABORACI\u00d3N EFECTIVA Y UN LUGAR DE TRABAJO QUE PUEDES AMAR.\u201d<\/b><\/p>\n<p><b>\u00bfQUI\u00c9N ES LA PERSONA<\/b>\u00a0<b>M\u00c1S COMPLICADA<\/b>\u00a0<b>CON LA QUE TRABAJAS?<\/b><\/p>\n<\/div>\n<div class=\"justify\">\n<p>Quiz\u00e1 no tengas que pensar mucho para\u00a0<b>responder a esa pregunta<\/b>. Ya sabes su nombre, su cargo, sus\u00a0<b>peculiaridades y sus<\/b>\u00a0<b>defectos<\/b>. Ya has experimentado de primera mano las secuelas mentales y emocionales que deja a su paso. Ya has visto los problemas que su complejidad crea para todos los\u00a0<b>miembros<\/b>\u00a0<b>de su equipo<\/b>. Te gustar\u00eda arreglarlos, resolverlos, ignorarlos o teletransportarlos a una dimensi\u00f3n paralela. Pero no puedes. Tienes que\u00a0<b>trabajar con ella<\/b>\u00a0(podr\u00edas renunciar, pero en tu pr\u00f3ximo trabajo te esperar\u00e1 otra persona complicada). Eso significa que necesitas\u00a0<b>estrategias eficaces para<\/b>\u00a0<b>colaborar<\/b>\u00a0con (casi) cualquier persona. Especialmente con las exigentes, irritables y problem\u00e1ticas. Con base en su experiencia como consultor de equipos y l\u00edderes, desde el glamuroso mundo del deporte y el\u00a0<b>entretenimiento<\/b>\u00a0<b>hasta el mundo<\/b>\u00a0de las finanzas, pasando por los meticulosos \u00e1mbitos de los seguros, la industria farmac\u00e9utica y la fabricaci\u00f3n, Ryan Leak ofrece estrategias probadas para:<\/p>\n<p>Ver a las personas dif\u00edciles como seres humanos a los que hay que comprender, y no como\u00a0<b>problemas que<\/b>\u00a0<b>debamos resolver<\/b>.<\/p>\n<p><b>Desintoxicarse<\/b>\u00a0de las expectativas poco realistas y sentirse c\u00f3modo con lo complicado.<\/p>\n<p>Aprender a comunicarse de\u00a0<b>forma eficaz en entornos<\/b>\u00a0<b>complejos<\/b>.<\/p>\n<p>Aceptar los desacuerdos saludables como una herramienta para descubrir mejores soluciones.<\/p>\n<p>Establecer l\u00edmites que permitan a las personas entrar en tu mundo\u00a0<b>sin dejar que lo controlen<\/b>.<\/p>\n<\/div>\n","protected":false},"excerpt":{"rendered":"<p>Ryan Leak<br \/>\n240 p\u00e1ginas<\/p>\n","protected":false},"featured_media":8194,"template":"","meta":{"_joinchat":[]},"product_brand":[],"product_cat":[58,41,70],"product_tag":[34],"class_list":{"0":"post-8193","1":"product","2":"type-product","3":"status-publish","4":"has-post-thumbnail","6":"product_cat-desarrollo-humano-y-superacion","7":"product_cat-desarrollo-humano","8":"product_cat-novedades","9":"product_tag-penguin-random-house","11":"first","12":"instock","13":"shipping-taxable","14":"purchasable","15":"product-type-simple"},"_links":{"self":[{"href":"https:\/\/libreriahistoriasdebolsillo.com\/index.php\/wp-json\/wp\/v2\/product\/8193","targetHints":{"allow":["GET"]}}],"collection":[{"href":"https:\/\/libreriahistoriasdebolsillo.com\/index.php\/wp-json\/wp\/v2\/product"}],"about":[{"href":"https:\/\/libreriahistoriasdebolsillo.com\/index.php\/wp-json\/wp\/v2\/types\/product"}],"wp:featuredmedia":[{"embeddable":true,"href":"https:\/\/libreriahistoriasdebolsillo.com\/index.php\/wp-json\/wp\/v2\/media\/8194"}],"wp:attachment":[{"href":"https:\/\/libreriahistoriasdebolsillo.com\/index.php\/wp-json\/wp\/v2\/media?parent=8193"}],"wp:term":[{"taxonomy":"product_brand","embeddable":true,"href":"https:\/\/libreriahistoriasdebolsillo.com\/index.php\/wp-json\/wp\/v2\/product_brand?post=8193"},{"taxonomy":"product_cat","embeddable":true,"href":"https:\/\/libreriahistoriasdebolsillo.com\/index.php\/wp-json\/wp\/v2\/product_cat?post=8193"},{"taxonomy":"product_tag","embeddable":true,"href":"https:\/\/libreriahistoriasdebolsillo.com\/index.php\/wp-json\/wp\/v2\/product_tag?post=8193"}],"curies":[{"name":"wp","href":"https:\/\/api.w.org\/{rel}","templated":true}]}}