{"id":8195,"date":"2026-04-16T11:50:45","date_gmt":"2026-04-16T17:50:45","guid":{"rendered":"https:\/\/libreriahistoriasdebolsillo.com\/?post_type=product&#038;p=8195"},"modified":"2026-04-17T16:23:57","modified_gmt":"2026-04-17T22:23:57","slug":"saga-hades-y-persefone-2-el-juego-del-destino","status":"publish","type":"product","link":"https:\/\/libreriahistoriasdebolsillo.com\/index.php\/producto\/saga-hades-y-persefone-2-el-juego-del-destino\/","title":{"rendered":"Saga Hades y Pers\u00e9fone 2. El juego del destino"},"content":{"rendered":"<div class=\"justify\">\n<p><b>La oscura y fascinante reinterpretaci\u00f3n del mito griego de Hades y Pers\u00e9fone que ha cautivado a los fans del romantasy<\/b><\/p>\n<\/div>\n<div class=\"justify\">\n<p><b>Hades<\/b>, dios del Inframundo, es conocido por reinar con dureza, tener lujosos clubs nocturnos y hacer tratos imposibles. Acostumbrado a tener el control, no est\u00e1 listo para descubrir que\u00a0<b>las Moiras<\/b>\u00a0ya tejieron su destino:\u00a0<b>Pers\u00e9fone<\/b>, la diosa de la primavera, ser\u00e1 su futura esposa y reina.<\/p>\n<p>A pesar de su atracci\u00f3n por el dios, Pers\u00e9fone est\u00e1 decidida a revelar al mundo los crueles y despiadados m\u00e9todos de Hades. El dios se encuentra ante lo imposible: demostrarle a su futura esposa que est\u00e1 equivocada. Pero hay fuerzas decididas a separarlos, y Hades se dar\u00e1 cuenta de que har\u00eda cualquier cosa por su\u00a0<b>amor prohibido<\/b>, incluso desafiar al destino.<\/p>\n<\/div>\n","protected":false},"excerpt":{"rendered":"<p>Scarlett St. Clair,<br \/>\n416 p\u00e1ginas<\/p>\n","protected":false},"featured_media":8196,"template":"","meta":{"_joinchat":[]},"product_brand":[],"product_cat":[39,75,70,76],"product_tag":[34],"class_list":{"0":"post-8195","1":"product","2":"type-product","3":"status-publish","4":"has-post-thumbnail","6":"product_cat-fantasia","7":"product_cat-mitologia","8":"product_cat-novedades","9":"product_cat-romantasy","10":"product_tag-penguin-random-house","12":"first","13":"outofstock","14":"shipping-taxable","15":"purchasable","16":"product-type-simple"},"_links":{"self":[{"href":"https:\/\/libreriahistoriasdebolsillo.com\/index.php\/wp-json\/wp\/v2\/product\/8195","targetHints":{"allow":["GET"]}}],"collection":[{"href":"https:\/\/libreriahistoriasdebolsillo.com\/index.php\/wp-json\/wp\/v2\/product"}],"about":[{"href":"https:\/\/libreriahistoriasdebolsillo.com\/index.php\/wp-json\/wp\/v2\/types\/product"}],"wp:featuredmedia":[{"embeddable":true,"href":"https:\/\/libreriahistoriasdebolsillo.com\/index.php\/wp-json\/wp\/v2\/media\/8196"}],"wp:attachment":[{"href":"https:\/\/libreriahistoriasdebolsillo.com\/index.php\/wp-json\/wp\/v2\/media?parent=8195"}],"wp:term":[{"taxonomy":"product_brand","embeddable":true,"href":"https:\/\/libreriahistoriasdebolsillo.com\/index.php\/wp-json\/wp\/v2\/product_brand?post=8195"},{"taxonomy":"product_cat","embeddable":true,"href":"https:\/\/libreriahistoriasdebolsillo.com\/index.php\/wp-json\/wp\/v2\/product_cat?post=8195"},{"taxonomy":"product_tag","embeddable":true,"href":"https:\/\/libreriahistoriasdebolsillo.com\/index.php\/wp-json\/wp\/v2\/product_tag?post=8195"}],"curies":[{"name":"wp","href":"https:\/\/api.w.org\/{rel}","templated":true}]}}