{"id":8199,"date":"2026-04-16T11:57:48","date_gmt":"2026-04-16T17:57:48","guid":{"rendered":"https:\/\/libreriahistoriasdebolsillo.com\/?post_type=product&#038;p=8199"},"modified":"2026-04-16T11:57:48","modified_gmt":"2026-04-16T17:57:48","slug":"el-poder-del-apego-en-pareja","status":"publish","type":"product","link":"https:\/\/libreriahistoriasdebolsillo.com\/index.php\/producto\/el-poder-del-apego-en-pareja\/","title":{"rendered":"El poder del apego en pareja"},"content":{"rendered":"<div class=\"justify\">\n<p><b>\u00bfTe imaginas dejar de buscar parejas emocionalmente<\/b>\u00a0<b>inaccesibles y sentir que mereces un amor aut\u00e9ntico?<\/b><\/p>\n<\/div>\n<div class=\"justify\">\n<p>La\u00a0<b>psic\u00f3loga cl\u00ednica Soledad Grunert<\/b>\u00a0explica c\u00f3mo nuestras necesidades de apego moldean el v\u00ednculo de pareja y qu\u00e9 pasos dar para construir\u00a0<b>relaciones seguras<\/b>, conscientes y resilientes.<\/p>\n<p>Basado en el poder transformador de\u00a0<b>la ciencia del apego<\/b>, este libro profundiza en la ra\u00edz de nuestras heridas emocionales y ofrece estrategias para sanar el pasado y fortalecer la\u00a0<b>conexi\u00f3n en el presente<\/b>.<\/p>\n<p>Si compartes tu vida con alguien o anhelas\u00a0<b>una relaci\u00f3n plena<\/b>, aprender\u00e1s a tomar las riendas de\u00a0<b>tu vida amorosa<\/b>, superar sabotajes emocionales y cultivar el buen-amor que mereces. \u00a1Descubre c\u00f3mo vincularte de\u00a0<b>forma aut\u00e9ntica<\/b>\u00a0y construye la pareja que siempre has so\u00f1ado!<\/p>\n<\/div>\n","protected":false},"excerpt":{"rendered":"<p>Soledad Grunert<br \/>\n312 p\u00e1ginas<\/p>\n","protected":false},"featured_media":8200,"template":"","meta":{"_joinchat":[]},"product_brand":[],"product_cat":[58,41,70],"product_tag":[34],"class_list":{"0":"post-8199","1":"product","2":"type-product","3":"status-publish","4":"has-post-thumbnail","6":"product_cat-desarrollo-humano-y-superacion","7":"product_cat-desarrollo-humano","8":"product_cat-novedades","9":"product_tag-penguin-random-house","11":"first","12":"instock","13":"shipping-taxable","14":"purchasable","15":"product-type-simple"},"_links":{"self":[{"href":"https:\/\/libreriahistoriasdebolsillo.com\/index.php\/wp-json\/wp\/v2\/product\/8199","targetHints":{"allow":["GET"]}}],"collection":[{"href":"https:\/\/libreriahistoriasdebolsillo.com\/index.php\/wp-json\/wp\/v2\/product"}],"about":[{"href":"https:\/\/libreriahistoriasdebolsillo.com\/index.php\/wp-json\/wp\/v2\/types\/product"}],"wp:featuredmedia":[{"embeddable":true,"href":"https:\/\/libreriahistoriasdebolsillo.com\/index.php\/wp-json\/wp\/v2\/media\/8200"}],"wp:attachment":[{"href":"https:\/\/libreriahistoriasdebolsillo.com\/index.php\/wp-json\/wp\/v2\/media?parent=8199"}],"wp:term":[{"taxonomy":"product_brand","embeddable":true,"href":"https:\/\/libreriahistoriasdebolsillo.com\/index.php\/wp-json\/wp\/v2\/product_brand?post=8199"},{"taxonomy":"product_cat","embeddable":true,"href":"https:\/\/libreriahistoriasdebolsillo.com\/index.php\/wp-json\/wp\/v2\/product_cat?post=8199"},{"taxonomy":"product_tag","embeddable":true,"href":"https:\/\/libreriahistoriasdebolsillo.com\/index.php\/wp-json\/wp\/v2\/product_tag?post=8199"}],"curies":[{"name":"wp","href":"https:\/\/api.w.org\/{rel}","templated":true}]}}