{"id":8201,"date":"2026-04-16T12:00:36","date_gmt":"2026-04-16T18:00:36","guid":{"rendered":"https:\/\/libreriahistoriasdebolsillo.com\/?post_type=product&#038;p=8201"},"modified":"2026-04-16T12:00:36","modified_gmt":"2026-04-16T18:00:36","slug":"los-ecos-de-jude","status":"publish","type":"product","link":"https:\/\/libreriahistoriasdebolsillo.com\/index.php\/producto\/los-ecos-de-jude\/","title":{"rendered":"Los ecos de Jude"},"content":{"rendered":"<div class=\"justify\">\n<p><b>\u00bfY si el eco de lo que nunca dijiste fuera la clave<\/b>\u00a0<b>para encontrarte a ti misma?<\/b><\/p>\n<\/div>\n<div class=\"justify\">\n<p><b>Jude<\/b><b>\u00a0Portman<\/b>\u00a0pronto aprendi\u00f3 a hacerse invisible para sobrevivir.\u00a0<b>Hija de una estrella de la m\u00fasica que se apag\u00f3<\/b>\u00a0con su nacimiento, creci\u00f3 bajo la sombra de una leyenda rota\u2026 y bajo las miradas de un pueblo\u00a0<b>convencido de que tra\u00eda mala suerte\u00a0<\/b>.<\/p>\n<p>Hasta que lleg\u00f3\u00a0<b>Isaac<\/b>, un chico que ve\u00eda la vida en colores, pensaba con canciones y\u00a0<b>convert\u00eda el mundo gris de<\/b>\u00a0<b>Jude\u00a0<\/b>en un lugar habitable.<\/p>\n<p>Con \u00e9l, Jude descubri\u00f3 algo que nunca habr\u00eda imaginado: la\u00a0<b>posibilidad de mirarse sin miedo<\/b>.<\/p>\n<p>\u00bfY si crecer significara dejar de ser la villana en la historia de otros y ser la protagonista de la tuya?<\/p>\n<p>\u00bfY si tu vida no fuera una maldici\u00f3n, sino un cap\u00edtulo mal contado?<\/p>\n<p><b>Esta no es la historia de su madre. Tampoco de su pueblo.<\/b>\u00a0<b>Ni siquiera de Isaac.<\/b><\/p>\n<\/div>\n","protected":false},"excerpt":{"rendered":"<p>Joana Marcus<br \/>\n448 p\u00e1ginas<\/p>\n","protected":false},"featured_media":8202,"template":"","meta":{"_joinchat":[]},"product_brand":[],"product_cat":[70,35],"product_tag":[34],"class_list":{"0":"post-8201","1":"product","2":"type-product","3":"status-publish","4":"has-post-thumbnail","6":"product_cat-novedades","7":"product_cat-romantica","8":"product_tag-penguin-random-house","10":"first","11":"instock","12":"shipping-taxable","13":"purchasable","14":"product-type-simple"},"_links":{"self":[{"href":"https:\/\/libreriahistoriasdebolsillo.com\/index.php\/wp-json\/wp\/v2\/product\/8201","targetHints":{"allow":["GET"]}}],"collection":[{"href":"https:\/\/libreriahistoriasdebolsillo.com\/index.php\/wp-json\/wp\/v2\/product"}],"about":[{"href":"https:\/\/libreriahistoriasdebolsillo.com\/index.php\/wp-json\/wp\/v2\/types\/product"}],"wp:featuredmedia":[{"embeddable":true,"href":"https:\/\/libreriahistoriasdebolsillo.com\/index.php\/wp-json\/wp\/v2\/media\/8202"}],"wp:attachment":[{"href":"https:\/\/libreriahistoriasdebolsillo.com\/index.php\/wp-json\/wp\/v2\/media?parent=8201"}],"wp:term":[{"taxonomy":"product_brand","embeddable":true,"href":"https:\/\/libreriahistoriasdebolsillo.com\/index.php\/wp-json\/wp\/v2\/product_brand?post=8201"},{"taxonomy":"product_cat","embeddable":true,"href":"https:\/\/libreriahistoriasdebolsillo.com\/index.php\/wp-json\/wp\/v2\/product_cat?post=8201"},{"taxonomy":"product_tag","embeddable":true,"href":"https:\/\/libreriahistoriasdebolsillo.com\/index.php\/wp-json\/wp\/v2\/product_tag?post=8201"}],"curies":[{"name":"wp","href":"https:\/\/api.w.org\/{rel}","templated":true}]}}